{"id":39585,"date":"2026-04-19T02:25:28","date_gmt":"2026-04-19T02:25:28","guid":{"rendered":"https:\/\/singuli.wpress.me\/index.php\/proizvod\/jar-professional-lemon-tekuci-deterdzent-za-pranje-suda-5-l\/"},"modified":"2026-04-20T12:33:28","modified_gmt":"2026-04-20T12:33:28","slug":"jar-professional-lemon-tekuci-deterdzent-za-pranje-suda-5-l","status":"publish","type":"product","link":"https:\/\/singuli.wpress.me\/index.php\/proizvod\/jar-professional-lemon-tekuci-deterdzent-za-pranje-suda-5-l\/","title":{"rendered":"JAR PROFESSIONAL Lemon, teku\u0107i deterd\u017eent za pranje su\u0111a, 5\u00a0l"},"content":{"rendered":"<p>Teku\u0107i deterd\u017eent Jar Professional Sensitive koncentrirani je deterd\u017eent za namakanje i pranje posu\u0111a, lonaca i tava, pribora za jelo i drugih povr\u0161ina. <\/p>\n<p>Dugotrajno i u\u010dinkovito rje\u0161enje za pranje posu\u0111a.<\/p>\n","protected":false},"excerpt":{"rendered":"<p>Koncentrirani teku\u0107i deterd\u017eent za pranje i namakanje svih vrsta posu\u0111a<br \/>\nPogodno i za druge povr\u0161ine kao \u0161to su prozori, ogledala, stolovi i stolice<br \/>\nPreporu\u010da se za profesionalnu upotrebu<\/p>\n","protected":false},"featured_media":39586,"template":"","meta":{"_seopress_robots_primary_cat":"","_seopress_titles_title":"","_seopress_titles_desc":"","_seopress_robots_index":"","iawp_total_views":0},"product_brand":[467],"product_cat":[314,238],"product_tag":[],"class_list":{"0":"post-39585","1":"product","2":"type-product","3":"status-publish","4":"has-post-thumbnail","6":"product_brand-jar-professional","7":"product_cat-pranje-posuda-238","8":"product_cat-sve-za-dom","10":"first","11":"instock","12":"shipping-taxable","13":"purchasable","14":"product-type-simple"},"_links":{"self":[{"href":"https:\/\/singuli.wpress.me\/index.php\/wp-json\/wp\/v2\/product\/39585","targetHints":{"allow":["GET"]}}],"collection":[{"href":"https:\/\/singuli.wpress.me\/index.php\/wp-json\/wp\/v2\/product"}],"about":[{"href":"https:\/\/singuli.wpress.me\/index.php\/wp-json\/wp\/v2\/types\/product"}],"version-history":[{"count":0,"href":"https:\/\/singuli.wpress.me\/index.php\/wp-json\/wp\/v2\/product\/39585\/revisions"}],"wp:featuredmedia":[{"embeddable":true,"href":"https:\/\/singuli.wpress.me\/index.php\/wp-json\/wp\/v2\/media\/39586"}],"wp:attachment":[{"href":"https:\/\/singuli.wpress.me\/index.php\/wp-json\/wp\/v2\/media?parent=39585"}],"wp:term":[{"taxonomy":"product_brand","embeddable":true,"href":"https:\/\/singuli.wpress.me\/index.php\/wp-json\/wp\/v2\/product_brand?post=39585"},{"taxonomy":"product_cat","embeddable":true,"href":"https:\/\/singuli.wpress.me\/index.php\/wp-json\/wp\/v2\/product_cat?post=39585"},{"taxonomy":"product_tag","embeddable":true,"href":"https:\/\/singuli.wpress.me\/index.php\/wp-json\/wp\/v2\/product_tag?post=39585"}],"curies":[{"name":"wp","href":"https:\/\/api.w.org\/{rel}","templated":true}]}}