{"id":39591,"date":"2026-04-19T02:25:29","date_gmt":"2026-04-19T02:25:29","guid":{"rendered":"https:\/\/singuli.wpress.me\/index.php\/proizvod\/autan-tropical-losion-u-spreju-protiv-uboda-komaraca-100-ml\/"},"modified":"2026-04-20T12:33:28","modified_gmt":"2026-04-20T12:33:28","slug":"autan-tropical-losion-u-spreju-protiv-uboda-komaraca-100-ml","status":"publish","type":"product","link":"https:\/\/singuli.wpress.me\/index.php\/proizvod\/autan-tropical-losion-u-spreju-protiv-uboda-komaraca-100-ml\/","title":{"rendered":"AUTAN Tropical, losion u spreju, protiv uboda komaraca, 100\u00a0ml"},"content":{"rendered":"<p>Autan\u00ae Tropical losion je repelentsko sredstvo koje pru\u017ea za\u0161titu od obi\u010dnih i tropskih komaraca do 8 sati te za\u0161titu od tigrastih komaraca do 4 sata.<\/p>\n<p>Primjenjuje se pri aktivnostima na otvorenom prostoru za cijelu obitelj kao i za one koji putuju u tropske krajeve.<\/p>\n<p>Poma\u017ee u odbijanju komaraca koji mogu prenijeti tropske bolesti poput: malarije, denga groznice, \u017eute groznice i chikungunya groznice.<\/p>\n<p><span style=\"font-weight: bold\">Upute za uporabu:<\/span><br \/>\nNanesite sredstvo na izlo\u017eenu ko\u017eu te rukama jednakomjerno razma\u017eite (pribli\u017eno 6-7 pokreta rukom \/ ~ 1 ml po podlaktici).<\/p>\n<p>Za nano\u0161enje na lice djeteta ili odrasle osobe: raspr\u0161ite sredstvo na dlan odrasle osobe i tanko prema\u017eite lice izbjegavaju\u0107i o\u010di i usta. Ponovite postupak nakon \u0161to primijetite gubitak djelotvornosti.<\/p>\n","protected":false},"excerpt":{"rendered":"<p>Pru\u017ea za\u0161titu od obi\u010dnih i tropskih komaraca do 8 sati<br \/>\nPru\u017ea za\u0161titu od tigrastih komaraca do 4 sata<br \/>\nSavr\u0161eno za aktivnosti na otvorenom te tropske krajeve<\/p>\n","protected":false},"featured_media":39592,"template":"","meta":{"_seopress_robots_primary_cat":"","_seopress_titles_title":"","_seopress_titles_desc":"","_seopress_robots_index":"","iawp_total_views":0},"product_brand":[821],"product_cat":[268,278],"product_tag":[],"class_list":{"0":"post-39591","1":"product","2":"type-product","3":"status-publish","4":"has-post-thumbnail","6":"product_brand-autan","7":"product_cat-kozmetika-2","8":"product_cat-njega-tijela-268","10":"first","11":"instock","12":"shipping-taxable","13":"purchasable","14":"product-type-simple"},"_links":{"self":[{"href":"https:\/\/singuli.wpress.me\/index.php\/wp-json\/wp\/v2\/product\/39591","targetHints":{"allow":["GET"]}}],"collection":[{"href":"https:\/\/singuli.wpress.me\/index.php\/wp-json\/wp\/v2\/product"}],"about":[{"href":"https:\/\/singuli.wpress.me\/index.php\/wp-json\/wp\/v2\/types\/product"}],"version-history":[{"count":0,"href":"https:\/\/singuli.wpress.me\/index.php\/wp-json\/wp\/v2\/product\/39591\/revisions"}],"wp:featuredmedia":[{"embeddable":true,"href":"https:\/\/singuli.wpress.me\/index.php\/wp-json\/wp\/v2\/media\/39592"}],"wp:attachment":[{"href":"https:\/\/singuli.wpress.me\/index.php\/wp-json\/wp\/v2\/media?parent=39591"}],"wp:term":[{"taxonomy":"product_brand","embeddable":true,"href":"https:\/\/singuli.wpress.me\/index.php\/wp-json\/wp\/v2\/product_brand?post=39591"},{"taxonomy":"product_cat","embeddable":true,"href":"https:\/\/singuli.wpress.me\/index.php\/wp-json\/wp\/v2\/product_cat?post=39591"},{"taxonomy":"product_tag","embeddable":true,"href":"https:\/\/singuli.wpress.me\/index.php\/wp-json\/wp\/v2\/product_tag?post=39591"}],"curies":[{"name":"wp","href":"https:\/\/api.w.org\/{rel}","templated":true}]}}