{"id":39600,"date":"2026-04-19T02:25:32","date_gmt":"2026-04-19T02:25:32","guid":{"rendered":"https:\/\/singuli.wpress.me\/index.php\/proizvod\/revlon-round-styler-cetka\/"},"modified":"2026-04-21T00:27:00","modified_gmt":"2026-04-21T00:27:00","slug":"revlon-round-styler-cetka","status":"publish","type":"product","link":"https:\/\/singuli.wpress.me\/index.php\/proizvod\/revlon-round-styler-cetka\/","title":{"rendered":"REVLON Round Styler, \u010detka"},"content":{"rendered":"<p>Okrugla \u010detka za su\u0161enje i oblikovanje kose u jednom koraku, za frizuru iz snova<\/p>\n<p>Su\u0161i i oblikuje kosu u jednom koraku. Od dodavanja volumena podizanjem kose kod korijena i uvijanja\/izvijanja vrhova do mekanih kovr\u010da i valova. Odli\u010dna kontrola slojevitog oblikovanja za manje o\u0161te\u0107enja i vi\u0161e sjaja.<\/p>\n<p>Okrugla \u010detka promjera 38 mm<br \/>\nOmogu\u0107uje brz protok zraka i brzo su\u0161enje jer ima valjak koji se zagrijava te provodi toplinu kroz vlakna i tijelo \u010detke.<\/p>\n<p>Nov, pobolj\u0161an dizajn i oblik<br \/>\nOsiguravaju bolju kontrolu prilikom oblikovanja kose.<\/p>\n<p>Za su\u0161enje i oblikovanje kose<br \/>\nSnaga su\u0161ila za kosu u kombinaciji s ure\u0111ajem za oblikovanje kose nudi vi\u0161e mogu\u0107nosti pri izradi frizure, zahvaljuju\u0107i okruglom valjku koji poma\u017ee oblikovati mekane kovr\u010de, dodati volumen i uviti kosu. Odli\u010dan je za slojevito oblikovanje, pa \u010dak i za kratku kosu.<\/p>\n<p>Ionska tehnologija<br \/>\nNegativni ioni zasi\u0107uju protok zraka kako bi smanjili veli\u010dinu kapljica vode za br\u017ee su\u0161enje. To poma\u017ee njegovati i zagladiti kosu te je u\u010diniti sjajnijom, istodobno krote\u0107i neposlu\u0161ne vlasi.<\/p>\n<p>Kerami\u010dki premaz<br \/>\nZa ravnomjernu raspodjelu topline i manje o\u0161te\u0107enja.<\/p>\n<p>Termalna vlakana<br \/>\nTermalna vlakna poma\u017eu osu\u0161iti kosu, a ovaj tip \u010detke ima idealnu napetost za kovr\u010danje\/uvijanje i oblikovanje slojeva.<\/p>\n<p>Informacije:<br \/>\n&#8211; 3 postavke topline \/ brzine<br \/>\n&#8211; prilagodljvi utika\u010d: za EU i UK uti\u010dnice<br \/>\n&#8211; 2.5-metarski kabel<\/p>\n","protected":false},"excerpt":{"rendered":"<p>Su\u0161i i oblikuje kosu u jednom koraku<br \/>\nOkrugla \u010detka omogu\u0107uje brz protorak zraka i brzo su\u0161enje<br \/>\nKerami\u010dki premaz za ravnomjernu raspodjelu topline i manje o\u0161te\u0107enja<\/p>\n","protected":false},"featured_media":39601,"template":"","meta":{"_seopress_robots_primary_cat":"","_seopress_titles_title":"","_seopress_titles_desc":"","_seopress_robots_index":"","iawp_total_views":0},"product_brand":[155],"product_cat":[192,319],"product_tag":[],"class_list":{"0":"post-39600","1":"product","2":"type-product","3":"status-publish","4":"has-post-thumbnail","6":"product_brand-revlon","7":"product_cat-aparati-za-osobnu-njegu","8":"product_cat-susila-za-kosu-pegla-i-uvijaci-192","10":"first","11":"outofstock","12":"shipping-taxable","13":"purchasable","14":"product-type-simple"},"_links":{"self":[{"href":"https:\/\/singuli.wpress.me\/index.php\/wp-json\/wp\/v2\/product\/39600","targetHints":{"allow":["GET"]}}],"collection":[{"href":"https:\/\/singuli.wpress.me\/index.php\/wp-json\/wp\/v2\/product"}],"about":[{"href":"https:\/\/singuli.wpress.me\/index.php\/wp-json\/wp\/v2\/types\/product"}],"version-history":[{"count":0,"href":"https:\/\/singuli.wpress.me\/index.php\/wp-json\/wp\/v2\/product\/39600\/revisions"}],"wp:featuredmedia":[{"embeddable":true,"href":"https:\/\/singuli.wpress.me\/index.php\/wp-json\/wp\/v2\/media\/39601"}],"wp:attachment":[{"href":"https:\/\/singuli.wpress.me\/index.php\/wp-json\/wp\/v2\/media?parent=39600"}],"wp:term":[{"taxonomy":"product_brand","embeddable":true,"href":"https:\/\/singuli.wpress.me\/index.php\/wp-json\/wp\/v2\/product_brand?post=39600"},{"taxonomy":"product_cat","embeddable":true,"href":"https:\/\/singuli.wpress.me\/index.php\/wp-json\/wp\/v2\/product_cat?post=39600"},{"taxonomy":"product_tag","embeddable":true,"href":"https:\/\/singuli.wpress.me\/index.php\/wp-json\/wp\/v2\/product_tag?post=39600"}],"curies":[{"name":"wp","href":"https:\/\/api.w.org\/{rel}","templated":true}]}}