{"id":39606,"date":"2026-04-19T02:25:34","date_gmt":"2026-04-19T02:25:34","guid":{"rendered":"https:\/\/singuli.wpress.me\/index.php\/proizvod\/bissell-multireach-essential-usisavac\/"},"modified":"2026-04-21T00:27:00","modified_gmt":"2026-04-21T00:27:00","slug":"bissell-multireach-essential-usisavac","status":"publish","type":"product","link":"https:\/\/singuli.wpress.me\/index.php\/proizvod\/bissell-multireach-essential-usisavac\/","title":{"rendered":"BISSELL MultiReach\u2122 Essential, usisava\u010d"},"content":{"rendered":"<p>Be\u017ei\u010dni \u0161tapni usisava\u010d , BISSELL\u00ae MultiReach\u2122 Essential s baterijom od 18 V, idealan je drugi usisava\u010d koji pouzdano \u010disti posvuda. Uklonite prljav\u0161tinu, pra\u0161inu i otpatke svih vrsta s tvrdih podova, tapeciranog namje\u0161taja i tepiha. Litij-ionska baterija od 18 V osigurava 30 minuta neprekidnog \u010di\u0161\u0107enja kad god vam to zatreba, od usisavanja stubi\u0161ta, razbijenog posu\u0111a i rasute hrane do brzinskog \u010di\u0161\u0107enja. Preklopna ru\u010dka omogu\u0107uje lak pristup namje\u0161taju i mjestima do kojih je te\u0161ko do\u0107i, a raznoliki alati koji dolaze uz usisava\u010d optimizirani su za razli\u010dite povr\u0161ine. Posebno dizajnirani nastavci poma\u017eu lako i jednostavno o\u010distiti razli\u010dite povr\u0161ine.<\/p>\n<p>Klju\u010dne karakteristike:<br \/>\n&#8211; Odli\u010dan izbor za brza \u010di\u0161\u0107enja u \u010ditavoj ku\u0107i, zahvaljuju\u0107i 30-minutnom trajanju baterije.<br \/>\n&#8211; S ru\u010dnim usisiva\u010dem koji se lako izvla\u010di.<br \/>\n&#8211; Be\u017ei\u010dan, za prakti\u010dno \u010di\u0161\u0107enje.<br \/>\n&#8211; Ru\u010dka koja se mo\u017ee preklopiti na dva na\u010dina i \u010detka koja se mo\u017ee zakretati za 180 stupnjeva: za bolji doseg i kompaktno spremanje.<br \/>\n&#8211; Priklju\u010dna stanica za punjenje s prostorom za pohranu nastavaka.<\/p>\n<p>Vrste poda:<br \/>\nTepisi i tapisoni, plo\u010dice, drveni podovi, tvrde podloge<\/p>\n","protected":false},"excerpt":{"rendered":"<p>Odli\u010dan izbor za brza \u010di\u0161\u0107enja u \u010ditavoj ku\u0107i, zahvaljuju\u0107i 30-minutnom trajanju baterije<br \/>\nBe\u017ei\u010dan, za prakti\u010dno \u010di\u0161\u0107enje<br \/>\nPriklju\u010dna stanica za punjenje s prostorom za pohranu nastavaka<\/p>\n","protected":false},"featured_media":39607,"template":"","meta":{"_seopress_robots_primary_cat":"","_seopress_titles_title":"","_seopress_titles_desc":"","_seopress_robots_index":"","iawp_total_views":0},"product_brand":[819],"product_cat":[160,271],"product_tag":[],"class_list":{"0":"post-39606","1":"product","2":"type-product","3":"status-publish","4":"has-post-thumbnail","6":"product_brand-bissell","7":"product_cat-mali-kucanski-aparati","8":"product_cat-usisavaci-i-ciscenje-160","10":"first","11":"outofstock","12":"shipping-taxable","13":"purchasable","14":"product-type-simple"},"_links":{"self":[{"href":"https:\/\/singuli.wpress.me\/index.php\/wp-json\/wp\/v2\/product\/39606","targetHints":{"allow":["GET"]}}],"collection":[{"href":"https:\/\/singuli.wpress.me\/index.php\/wp-json\/wp\/v2\/product"}],"about":[{"href":"https:\/\/singuli.wpress.me\/index.php\/wp-json\/wp\/v2\/types\/product"}],"version-history":[{"count":0,"href":"https:\/\/singuli.wpress.me\/index.php\/wp-json\/wp\/v2\/product\/39606\/revisions"}],"wp:featuredmedia":[{"embeddable":true,"href":"https:\/\/singuli.wpress.me\/index.php\/wp-json\/wp\/v2\/media\/39607"}],"wp:attachment":[{"href":"https:\/\/singuli.wpress.me\/index.php\/wp-json\/wp\/v2\/media?parent=39606"}],"wp:term":[{"taxonomy":"product_brand","embeddable":true,"href":"https:\/\/singuli.wpress.me\/index.php\/wp-json\/wp\/v2\/product_brand?post=39606"},{"taxonomy":"product_cat","embeddable":true,"href":"https:\/\/singuli.wpress.me\/index.php\/wp-json\/wp\/v2\/product_cat?post=39606"},{"taxonomy":"product_tag","embeddable":true,"href":"https:\/\/singuli.wpress.me\/index.php\/wp-json\/wp\/v2\/product_tag?post=39606"}],"curies":[{"name":"wp","href":"https:\/\/api.w.org\/{rel}","templated":true}]}}