{"id":39612,"date":"2026-04-19T02:25:43","date_gmt":"2026-04-19T02:25:43","guid":{"rendered":"https:\/\/singuli.wpress.me\/index.php\/proizvod\/make-it-real-bff-beauty-set-za-spavanje-leptir\/"},"modified":"2026-04-20T12:33:28","modified_gmt":"2026-04-20T12:33:28","slug":"make-it-real-bff-beauty-set-za-spavanje-leptir","status":"publish","type":"product","link":"https:\/\/singuli.wpress.me\/index.php\/proizvod\/make-it-real-bff-beauty-set-za-spavanje-leptir\/","title":{"rendered":"MAKE IT REAL BFF, beauty set, za spavanje-leptir"},"content":{"rendered":"<p>Odlutaj u no\u0107 i savr\u0161eno sanjaj sa ovim setom za spavanje!<\/p>\n<p>Neka satenska leptir maska omogu\u0107i neprekinuti san i mirnu no\u0107!<\/p>\n<p>Ra\u0161\u010de\u0161ljaj kosu, obuzdaj je prekrasnom scrunchie gumicom i u\u017eivaj na predivnoj satenskoj leptir jastu\u010dnici!<\/p>\n<p>Dob: 6+<\/p>\n","protected":false},"excerpt":{"rendered":"<p>Beauty set<br \/>\nSadr\u017ei vi\u0161e komponenti<br \/>\nDob: 6+god<\/p>\n","protected":false},"featured_media":39613,"template":"","meta":{"_seopress_robots_primary_cat":"","_seopress_titles_title":"","_seopress_titles_desc":"","_seopress_robots_index":"","iawp_total_views":0},"product_brand":[441],"product_cat":[221,291],"product_tag":[],"class_list":{"0":"post-39612","1":"product","2":"type-product","3":"status-publish","4":"has-post-thumbnail","6":"product_brand-make-it-real","7":"product_cat-igracke","8":"product_cat-igracke-za-djecu-221","10":"first","11":"outofstock","12":"shipping-taxable","13":"purchasable","14":"product-type-simple"},"_links":{"self":[{"href":"https:\/\/singuli.wpress.me\/index.php\/wp-json\/wp\/v2\/product\/39612","targetHints":{"allow":["GET"]}}],"collection":[{"href":"https:\/\/singuli.wpress.me\/index.php\/wp-json\/wp\/v2\/product"}],"about":[{"href":"https:\/\/singuli.wpress.me\/index.php\/wp-json\/wp\/v2\/types\/product"}],"version-history":[{"count":0,"href":"https:\/\/singuli.wpress.me\/index.php\/wp-json\/wp\/v2\/product\/39612\/revisions"}],"wp:featuredmedia":[{"embeddable":true,"href":"https:\/\/singuli.wpress.me\/index.php\/wp-json\/wp\/v2\/media\/39613"}],"wp:attachment":[{"href":"https:\/\/singuli.wpress.me\/index.php\/wp-json\/wp\/v2\/media?parent=39612"}],"wp:term":[{"taxonomy":"product_brand","embeddable":true,"href":"https:\/\/singuli.wpress.me\/index.php\/wp-json\/wp\/v2\/product_brand?post=39612"},{"taxonomy":"product_cat","embeddable":true,"href":"https:\/\/singuli.wpress.me\/index.php\/wp-json\/wp\/v2\/product_cat?post=39612"},{"taxonomy":"product_tag","embeddable":true,"href":"https:\/\/singuli.wpress.me\/index.php\/wp-json\/wp\/v2\/product_tag?post=39612"}],"curies":[{"name":"wp","href":"https:\/\/api.w.org\/{rel}","templated":true}]}}