{"id":39624,"date":"2026-04-19T02:25:47","date_gmt":"2026-04-19T02:25:47","guid":{"rendered":"https:\/\/singuli.wpress.me\/index.php\/proizvod\/twistshake-djecja-boca-pastel-siva-12m-360-ml\/"},"modified":"2026-04-21T00:27:00","modified_gmt":"2026-04-21T00:27:00","slug":"twistshake-djecja-boca-pastel-siva-12m-360-ml","status":"publish","type":"product","link":"https:\/\/singuli.wpress.me\/index.php\/proizvod\/twistshake-djecja-boca-pastel-siva-12m-360-ml\/","title":{"rendered":"TWISTSHAKE, dje\u010dja boca, pastel siva 12+m, 360\u00a0ml"},"content":{"rendered":"<p>Twistshake Kid Cup je savr\u0161ena odsko\u010dna daska za dijete koje u\u010di piti iz \u0161alice i \u010da\u0161e. Za bezbri\u017eno igranje va\u0161ih malenih, brine posebno oblikovani usnik i Twistshakovo \u00bbeasy to grip\u00ab dr\u017eanje. Revolucionarna patentirana inovacija za mije\u0161anje vo\u0107a omogu\u0107uje pripremu fantasti\u010dnog doma\u0107eg napitka sa okusom omilijenog vo\u0107a. Zapremnina iznosi 360ml te je prikladno za kori\u0161tenje od 12. mjeseca nadalje. <\/p>\n<p>Twistshake Kid Cup je savr\u0161ena odsko\u010dna daska za dijete koje u\u010di piti iz \u0161alice i \u010da\u0161e. Za bezbri\u017eno igranje va\u0161ih malenih, brine posebno oblikovani usnik i Twistshakovo \u00bbeasy to grip\u00ab dr\u017eanje. Revolucionarna patentirana inovacija za mije\u0161anje vo\u0107a omogu\u0107uje pripremu fantasti\u010dne domace vode sa okusom omilijenog vo\u0107a. Revolucionarni \u00bbFruit Mixer\u00ab omogo\u010dava pripremju ukusnog, zdravog i osvije\u017eavaju\u0107eg vo\u0107nog pi\u0107a. U vodu dodajte djetetovo omilijeno vo\u0107e, promije\u0161ajte i ve\u0107 imate pripremljenu prirodnu vodu sa okusom koja je puna vitamina i minerala. Posebna mre\u017eica omogu\u010dava da se sastojci u bo\u010dici promije\u0161aju i usnik ne za\u010depi. Svi djelovi bo\u010dice mogu se oprati i rastaviti.<\/p>\n","protected":false},"excerpt":{"rendered":"<p>Zapremnina do 360ml<br \/>\nBez BPA &#8211; sigurna kako za va\u0161e dijete i za vas<br \/>\nErgonomski oblik za lak\u0161e u\u010denje<\/p>\n","protected":false},"featured_media":39625,"template":"","meta":{"_seopress_robots_primary_cat":"","_seopress_titles_title":"","_seopress_titles_desc":"","_seopress_robots_index":"","iawp_total_views":0},"product_brand":[433],"product_cat":[211,286,287],"product_tag":[],"class_list":{"0":"post-39624","1":"product","2":"type-product","3":"status-publish","4":"has-post-thumbnail","6":"product_brand-twistshake","7":"product_cat-njega-majke-i-djeteta","8":"product_cat-oprema-za-bebe-211","9":"product_cat-za-bebe-286","11":"first","12":"instock","13":"shipping-taxable","14":"purchasable","15":"product-type-simple"},"_links":{"self":[{"href":"https:\/\/singuli.wpress.me\/index.php\/wp-json\/wp\/v2\/product\/39624","targetHints":{"allow":["GET"]}}],"collection":[{"href":"https:\/\/singuli.wpress.me\/index.php\/wp-json\/wp\/v2\/product"}],"about":[{"href":"https:\/\/singuli.wpress.me\/index.php\/wp-json\/wp\/v2\/types\/product"}],"version-history":[{"count":0,"href":"https:\/\/singuli.wpress.me\/index.php\/wp-json\/wp\/v2\/product\/39624\/revisions"}],"wp:featuredmedia":[{"embeddable":true,"href":"https:\/\/singuli.wpress.me\/index.php\/wp-json\/wp\/v2\/media\/39625"}],"wp:attachment":[{"href":"https:\/\/singuli.wpress.me\/index.php\/wp-json\/wp\/v2\/media?parent=39624"}],"wp:term":[{"taxonomy":"product_brand","embeddable":true,"href":"https:\/\/singuli.wpress.me\/index.php\/wp-json\/wp\/v2\/product_brand?post=39624"},{"taxonomy":"product_cat","embeddable":true,"href":"https:\/\/singuli.wpress.me\/index.php\/wp-json\/wp\/v2\/product_cat?post=39624"},{"taxonomy":"product_tag","embeddable":true,"href":"https:\/\/singuli.wpress.me\/index.php\/wp-json\/wp\/v2\/product_tag?post=39624"}],"curies":[{"name":"wp","href":"https:\/\/api.w.org\/{rel}","templated":true}]}}