{"id":39632,"date":"2026-04-19T02:25:50","date_gmt":"2026-04-19T02:25:50","guid":{"rendered":"https:\/\/singuli.wpress.me\/index.php\/proizvod\/ristora-cokolada-u-prahu-vending-aparati-1-kg\/"},"modified":"2026-04-20T12:33:29","modified_gmt":"2026-04-20T12:33:29","slug":"ristora-cokolada-u-prahu-vending-aparati-1-kg","status":"publish","type":"product","link":"https:\/\/singuli.wpress.me\/index.php\/proizvod\/ristora-cokolada-u-prahu-vending-aparati-1-kg\/","title":{"rendered":"RISTORA, \u010dokolada u prahu, vending aparati, 1\u00a0kg"},"content":{"rendered":"<p>\u010cokoladni prah predstavlja ukusno i omiljeno rje\u0161enje za pripremu vru\u0107e \u010dokolade u raznim vending aparatima. Ovaj proizvod je popularan izbor jer omogu\u0107uje brzo i jednostavno pripremanje bogate i kremaste vru\u0107e \u010dokolade, koju korisnici automata mogu u\u017eivati u svakom trenutku.<\/p>\n<p>\u010cokoladni prah izra\u0111en je od finog i visokokvalitetnog kakaa, koji mu daje bogatu aromu i savr\u0161en okus \u010dokolade. Pripremanje vru\u0107e \u010dokolade s ovim prahom je brzo i prakti\u010dno jer se samo dodaju topla voda ili mlijeko te se napitak mije\u0161a za trenutni u\u017eitak.<\/p>\n","protected":false},"excerpt":{"rendered":"<p>Ukusno i omiljeno rje\u0161enje za pripremu vru\u0107e \u010dokolade<br \/>\nBrza i jednostavna priprema<br \/>\nBogata aroma i okus \u010dokolade<\/p>\n","protected":false},"featured_media":39633,"template":"","meta":{"_seopress_robots_primary_cat":"","_seopress_titles_title":"","_seopress_titles_desc":"","_seopress_robots_index":"","iawp_total_views":0},"product_brand":[781],"product_cat":[261,270],"product_tag":[],"class_list":{"0":"post-39632","1":"product","2":"type-product","3":"status-publish","4":"has-post-thumbnail","6":"product_brand-ristora","7":"product_cat-hrana-i-pice","8":"product_cat-slasticarstvo-261","10":"first","11":"instock","12":"shipping-taxable","13":"purchasable","14":"product-type-simple"},"_links":{"self":[{"href":"https:\/\/singuli.wpress.me\/index.php\/wp-json\/wp\/v2\/product\/39632","targetHints":{"allow":["GET"]}}],"collection":[{"href":"https:\/\/singuli.wpress.me\/index.php\/wp-json\/wp\/v2\/product"}],"about":[{"href":"https:\/\/singuli.wpress.me\/index.php\/wp-json\/wp\/v2\/types\/product"}],"version-history":[{"count":0,"href":"https:\/\/singuli.wpress.me\/index.php\/wp-json\/wp\/v2\/product\/39632\/revisions"}],"wp:featuredmedia":[{"embeddable":true,"href":"https:\/\/singuli.wpress.me\/index.php\/wp-json\/wp\/v2\/media\/39633"}],"wp:attachment":[{"href":"https:\/\/singuli.wpress.me\/index.php\/wp-json\/wp\/v2\/media?parent=39632"}],"wp:term":[{"taxonomy":"product_brand","embeddable":true,"href":"https:\/\/singuli.wpress.me\/index.php\/wp-json\/wp\/v2\/product_brand?post=39632"},{"taxonomy":"product_cat","embeddable":true,"href":"https:\/\/singuli.wpress.me\/index.php\/wp-json\/wp\/v2\/product_cat?post=39632"},{"taxonomy":"product_tag","embeddable":true,"href":"https:\/\/singuli.wpress.me\/index.php\/wp-json\/wp\/v2\/product_tag?post=39632"}],"curies":[{"name":"wp","href":"https:\/\/api.w.org\/{rel}","templated":true}]}}