{"id":39637,"date":"2026-04-19T02:25:51","date_gmt":"2026-04-19T02:25:51","guid":{"rendered":"https:\/\/singuli.wpress.me\/index.php\/proizvod\/barbie-rodendanska-lutka\/"},"modified":"2026-04-21T00:27:00","modified_gmt":"2026-04-21T00:27:00","slug":"barbie-rodendanska-lutka","status":"publish","type":"product","link":"https:\/\/singuli.wpress.me\/index.php\/proizvod\/barbie-rodendanska-lutka\/","title":{"rendered":"BARBIE ro\u0111endanska, lutka"},"content":{"rendered":"<p>Barbie je spremna za proslavu posebnog dana.<\/p>\n<p>Njezina ru\u017ei\u010dasta haljina ima svjetlucavi top i suknju, srebrne cipele i ogrlicu.<\/p>\n<p>Reci &#8221;Sretan ro\u0111endan&#8221; s Barbie lutkom.<\/p>\n<p>Savr\u0161en ro\u0111endanski poklon za djevoj\u010dice, a na kutiju mo\u017ee\u0161 napisati ime slavljenice.<\/p>\n<p>Boje i dekoracije mogu se razlikovati.<\/p>\n","protected":false},"excerpt":{"rendered":"<p>Reci &#8220;Sretan ro\u0111endan&#8221; s lutkom<br \/>\nNa kutiju se mo\u017ee napisati ime slavljenice<br \/>\nBoje i dekoracije mogu se razlikovati<\/p>\n","protected":false},"featured_media":39638,"template":"","meta":{"_seopress_robots_primary_cat":"","_seopress_titles_title":"","_seopress_titles_desc":"","_seopress_robots_index":"","iawp_total_views":0},"product_brand":[324],"product_cat":[221,291],"product_tag":[],"class_list":{"0":"post-39637","1":"product","2":"type-product","3":"status-publish","4":"has-post-thumbnail","6":"product_brand-barbie","7":"product_cat-igracke","8":"product_cat-igracke-za-djecu-221","10":"first","11":"outofstock","12":"shipping-taxable","13":"purchasable","14":"product-type-simple"},"_links":{"self":[{"href":"https:\/\/singuli.wpress.me\/index.php\/wp-json\/wp\/v2\/product\/39637","targetHints":{"allow":["GET"]}}],"collection":[{"href":"https:\/\/singuli.wpress.me\/index.php\/wp-json\/wp\/v2\/product"}],"about":[{"href":"https:\/\/singuli.wpress.me\/index.php\/wp-json\/wp\/v2\/types\/product"}],"version-history":[{"count":0,"href":"https:\/\/singuli.wpress.me\/index.php\/wp-json\/wp\/v2\/product\/39637\/revisions"}],"wp:featuredmedia":[{"embeddable":true,"href":"https:\/\/singuli.wpress.me\/index.php\/wp-json\/wp\/v2\/media\/39638"}],"wp:attachment":[{"href":"https:\/\/singuli.wpress.me\/index.php\/wp-json\/wp\/v2\/media?parent=39637"}],"wp:term":[{"taxonomy":"product_brand","embeddable":true,"href":"https:\/\/singuli.wpress.me\/index.php\/wp-json\/wp\/v2\/product_brand?post=39637"},{"taxonomy":"product_cat","embeddable":true,"href":"https:\/\/singuli.wpress.me\/index.php\/wp-json\/wp\/v2\/product_cat?post=39637"},{"taxonomy":"product_tag","embeddable":true,"href":"https:\/\/singuli.wpress.me\/index.php\/wp-json\/wp\/v2\/product_tag?post=39637"}],"curies":[{"name":"wp","href":"https:\/\/api.w.org\/{rel}","templated":true}]}}