{"id":39640,"date":"2026-04-19T02:25:52","date_gmt":"2026-04-19T02:25:52","guid":{"rendered":"https:\/\/singuli.wpress.me\/index.php\/proizvod\/gillette-venus-smooth-sensitive-zamjenske-britvice-4-kom-2\/"},"modified":"2026-04-20T12:33:29","modified_gmt":"2026-04-20T12:33:29","slug":"gillette-venus-smooth-sensitive-zamjenske-britvice-4-kom-2","status":"publish","type":"product","link":"https:\/\/singuli.wpress.me\/index.php\/proizvod\/gillette-venus-smooth-sensitive-zamjenske-britvice-4-kom-2\/","title":{"rendered":"GILLETTE Venus Smooth Sensitive, zamjenske britvice, 4\u00a0kom"},"content":{"rendered":"<p>Gillette Venus Smooth Sensitive \u017eenski je brija\u010d s 3 o\u0161trice, namijenjen \u017eenama s osjetljivom ko\u017eom. <\/p>\n<p>Brija\u010d ima lubrikantne trakice SkinElixir i 3 o\u0161trice koje prate konture tijela, za glatko brijanje. <\/p>\n<p>Osjetite do 0% iritacije* i do 100% glatke ko\u017ee (*Prema rezultatima istra\u017eivanja provedenog me\u0111u kupcima u SAD-u, u velja\u010di 2018).<\/p>\n","protected":false},"excerpt":{"rendered":"<p>Brija\u010d s 3 o\u0161trice koje prate konture tijela<br \/>\nDo 0 % iritacije i do 100 % glatke ko\u017ee<br \/>\nLubrikantna trakica za glatko brijanje i za\u0161titu koju mo\u017eete osjetit<\/p>\n","protected":false},"featured_media":39641,"template":"","meta":{"_seopress_robots_primary_cat":"","_seopress_titles_title":"","_seopress_titles_desc":"","_seopress_robots_index":"","iawp_total_views":0},"product_brand":[323],"product_cat":[280,192,279],"product_tag":[],"class_list":{"0":"post-39640","1":"product","2":"type-product","3":"status-publish","4":"has-post-thumbnail","6":"product_brand-gillette","7":"product_cat-aparati-za-muskarce-279","8":"product_cat-aparati-za-osobnu-njegu","9":"product_cat-brijanje-i-sisanje-192","11":"first","12":"outofstock","13":"shipping-taxable","14":"purchasable","15":"product-type-simple"},"_links":{"self":[{"href":"https:\/\/singuli.wpress.me\/index.php\/wp-json\/wp\/v2\/product\/39640","targetHints":{"allow":["GET"]}}],"collection":[{"href":"https:\/\/singuli.wpress.me\/index.php\/wp-json\/wp\/v2\/product"}],"about":[{"href":"https:\/\/singuli.wpress.me\/index.php\/wp-json\/wp\/v2\/types\/product"}],"version-history":[{"count":0,"href":"https:\/\/singuli.wpress.me\/index.php\/wp-json\/wp\/v2\/product\/39640\/revisions"}],"wp:featuredmedia":[{"embeddable":true,"href":"https:\/\/singuli.wpress.me\/index.php\/wp-json\/wp\/v2\/media\/39641"}],"wp:attachment":[{"href":"https:\/\/singuli.wpress.me\/index.php\/wp-json\/wp\/v2\/media?parent=39640"}],"wp:term":[{"taxonomy":"product_brand","embeddable":true,"href":"https:\/\/singuli.wpress.me\/index.php\/wp-json\/wp\/v2\/product_brand?post=39640"},{"taxonomy":"product_cat","embeddable":true,"href":"https:\/\/singuli.wpress.me\/index.php\/wp-json\/wp\/v2\/product_cat?post=39640"},{"taxonomy":"product_tag","embeddable":true,"href":"https:\/\/singuli.wpress.me\/index.php\/wp-json\/wp\/v2\/product_tag?post=39640"}],"curies":[{"name":"wp","href":"https:\/\/api.w.org\/{rel}","templated":true}]}}