{"id":39651,"date":"2026-04-19T02:25:57","date_gmt":"2026-04-19T02:25:57","guid":{"rendered":"https:\/\/singuli.wpress.me\/index.php\/proizvod\/braun-series-6-60-n4500cs-brijaci-aparat\/"},"modified":"2026-04-20T12:33:29","modified_gmt":"2026-04-20T12:33:29","slug":"braun-series-6-60-n4500cs-brijaci-aparat","status":"publish","type":"product","link":"https:\/\/singuli.wpress.me\/index.php\/proizvod\/braun-series-6-60-n4500cs-brijaci-aparat\/","title":{"rendered":"BRAUN Series 6 60-N4500cs, brija\u0107i aparat"},"content":{"rendered":"<p>Elektri\u010dni brija\u0107i aparat Braun Series 6 ima dermatolo\u0161ki testiranu glavu SensoFlex koja se mo\u017ee okretati oko svoje osi i o\u0161trice SensoFoil koje omogu\u0107uju prilagodbu pritiska za temeljito brijanje, ostaju\u0107i pritom nje\u017ene prema ko\u017ei. <br \/>\nLitij-ionska baterija pru\u017ea do 3 tjedna brijanja, a 5-minutno brzo punjenje dostatno je za jedno brijanje. Ovaj mu\u0161ki brija\u0107i aparat je 100% vodootporan te prikladan i za mokru i za suhu upotrebu. <br \/>\nKompatibilan je sa sustavom EasyClick. <\/p>\n","protected":false},"excerpt":{"rendered":"<p>O\u0161trice SensoFoil posebno su dizajnirane za temeljito i ugodno brijanje<br \/>\n100% vodootporni elektri\u010dni brija\u0107i aparat za mokru i suhu upotrebu<br \/>\nS aparatom dolazi postolje za punjenje i nastavak s trimerom za bradu<\/p>\n","protected":false},"featured_media":39652,"template":"","meta":{"_seopress_robots_primary_cat":"","_seopress_titles_title":"","_seopress_titles_desc":"","_seopress_robots_index":"","iawp_total_views":0},"product_brand":[144],"product_cat":[280,192,279],"product_tag":[],"class_list":{"0":"post-39651","1":"product","2":"type-product","3":"status-publish","4":"has-post-thumbnail","6":"product_brand-braun","7":"product_cat-aparati-za-muskarce-279","8":"product_cat-aparati-za-osobnu-njegu","9":"product_cat-brijanje-i-sisanje-192","11":"first","12":"outofstock","13":"shipping-taxable","14":"purchasable","15":"product-type-simple"},"_links":{"self":[{"href":"https:\/\/singuli.wpress.me\/index.php\/wp-json\/wp\/v2\/product\/39651","targetHints":{"allow":["GET"]}}],"collection":[{"href":"https:\/\/singuli.wpress.me\/index.php\/wp-json\/wp\/v2\/product"}],"about":[{"href":"https:\/\/singuli.wpress.me\/index.php\/wp-json\/wp\/v2\/types\/product"}],"version-history":[{"count":0,"href":"https:\/\/singuli.wpress.me\/index.php\/wp-json\/wp\/v2\/product\/39651\/revisions"}],"wp:featuredmedia":[{"embeddable":true,"href":"https:\/\/singuli.wpress.me\/index.php\/wp-json\/wp\/v2\/media\/39652"}],"wp:attachment":[{"href":"https:\/\/singuli.wpress.me\/index.php\/wp-json\/wp\/v2\/media?parent=39651"}],"wp:term":[{"taxonomy":"product_brand","embeddable":true,"href":"https:\/\/singuli.wpress.me\/index.php\/wp-json\/wp\/v2\/product_brand?post=39651"},{"taxonomy":"product_cat","embeddable":true,"href":"https:\/\/singuli.wpress.me\/index.php\/wp-json\/wp\/v2\/product_cat?post=39651"},{"taxonomy":"product_tag","embeddable":true,"href":"https:\/\/singuli.wpress.me\/index.php\/wp-json\/wp\/v2\/product_tag?post=39651"}],"curies":[{"name":"wp","href":"https:\/\/api.w.org\/{rel}","templated":true}]}}