{"id":39666,"date":"2026-04-19T02:26:09","date_gmt":"2026-04-19T02:26:09","guid":{"rendered":"https:\/\/singuli.wpress.me\/index.php\/proizvod\/fishermans-friend-bomboni-tresnja-25-g-2\/"},"modified":"2026-04-20T12:33:29","modified_gmt":"2026-04-20T12:33:29","slug":"fishermans-friend-bomboni-tresnja-25-g-2","status":"publish","type":"product","link":"https:\/\/singuli.wpress.me\/index.php\/proizvod\/fishermans-friend-bomboni-tresnja-25-g-2\/","title":{"rendered":"FISHERMAN&#8217;S FRIEND, bomboni, Tre\u0161nja, 25\u00a0g"},"content":{"rendered":"<p>Fisherman&#8217; s Friend bomboni tre\u0161nja su ba\u0161 ono \u0161to vam treba. <\/p>\n<p>Fantasti\u010dan kombinacija okusa tre\u0161nje i hladnog mentola donosi aromati\u010dan i okrepljuju\u0107i okus koji osvje\u017eava dah. <\/p>\n<p>Blagotvorno djeluje na grlo i glasnice. <\/p>\n<p>Prakti\u010dno pakiranje stane u svaki d\u017eep i svaku torbu.<\/p>\n<p>Svako pakiranje od 25g sadr\u017ei pribli\u017eno 20 bombona.<\/p>\n","protected":false},"excerpt":{"rendered":"<p>Bez \u0161e\u0107era<br \/>\nOkus tre\u0161nje i mentola<br \/>\nPogodan za vegane i vegetarijance<\/p>\n","protected":false},"featured_media":39667,"template":"","meta":{"_seopress_robots_primary_cat":"","_seopress_titles_title":"","_seopress_titles_desc":"","_seopress_robots_index":"","iawp_total_views":0},"product_brand":[807],"product_cat":[261,277],"product_tag":[],"class_list":{"0":"post-39666","1":"product","2":"type-product","3":"status-publish","4":"has-post-thumbnail","6":"product_brand-fishermans-friend","7":"product_cat-hrana-i-pice","8":"product_cat-slatkisi-i-grickalice-261","10":"first","11":"outofstock","12":"shipping-taxable","13":"purchasable","14":"product-type-simple"},"_links":{"self":[{"href":"https:\/\/singuli.wpress.me\/index.php\/wp-json\/wp\/v2\/product\/39666","targetHints":{"allow":["GET"]}}],"collection":[{"href":"https:\/\/singuli.wpress.me\/index.php\/wp-json\/wp\/v2\/product"}],"about":[{"href":"https:\/\/singuli.wpress.me\/index.php\/wp-json\/wp\/v2\/types\/product"}],"version-history":[{"count":0,"href":"https:\/\/singuli.wpress.me\/index.php\/wp-json\/wp\/v2\/product\/39666\/revisions"}],"wp:featuredmedia":[{"embeddable":true,"href":"https:\/\/singuli.wpress.me\/index.php\/wp-json\/wp\/v2\/media\/39667"}],"wp:attachment":[{"href":"https:\/\/singuli.wpress.me\/index.php\/wp-json\/wp\/v2\/media?parent=39666"}],"wp:term":[{"taxonomy":"product_brand","embeddable":true,"href":"https:\/\/singuli.wpress.me\/index.php\/wp-json\/wp\/v2\/product_brand?post=39666"},{"taxonomy":"product_cat","embeddable":true,"href":"https:\/\/singuli.wpress.me\/index.php\/wp-json\/wp\/v2\/product_cat?post=39666"},{"taxonomy":"product_tag","embeddable":true,"href":"https:\/\/singuli.wpress.me\/index.php\/wp-json\/wp\/v2\/product_tag?post=39666"}],"curies":[{"name":"wp","href":"https:\/\/api.w.org\/{rel}","templated":true}]}}