{"id":39669,"date":"2026-04-19T02:26:10","date_gmt":"2026-04-19T02:26:10","guid":{"rendered":"https:\/\/singuli.wpress.me\/index.php\/proizvod\/gillette-venus-simply-3-jednokratne-britvice-8-kom\/"},"modified":"2026-04-20T12:33:29","modified_gmt":"2026-04-20T12:33:29","slug":"gillette-venus-simply-3-jednokratne-britvice-8-kom","status":"publish","type":"product","link":"https:\/\/singuli.wpress.me\/index.php\/proizvod\/gillette-venus-simply-3-jednokratne-britvice-8-kom\/","title":{"rendered":"GILLETTE Venus Simply 3, jednokratne britvice, 8\u00a0kom"},"content":{"rendered":"<p>Jednokratne \u017eenske britvice Gillette Venus Simply 3 omogu\u0107avaju temeljito brijanje po nevjerojatnoj cijeni. <\/p>\n<p>Imaju pokretljivu glavu s tri o\u0161trice za podru\u010dja koja je te\u017ee obrijati i lubrikantnu trakicu za pobolj\u0161ano klizanje o\u0161trica. <\/p>\n<p>U\u017eivajte u temeljitom i ugodnijem brijanju (u odnosu na Venus Simply 2).<\/p>\n","protected":false},"excerpt":{"rendered":"<p>Tri tanke o\u0161trice za ugodno brijanje<br \/>\nPokretljiva glava omogu\u0107uje lak\u0161e klizanje po ko\u017ei<br \/>\nS lubrikantnom trakicom za pobolj\u0161ano klizanje o\u0161trica<\/p>\n","protected":false},"featured_media":39670,"template":"","meta":{"_seopress_robots_primary_cat":"","_seopress_titles_title":"","_seopress_titles_desc":"","_seopress_robots_index":"","iawp_total_views":0},"product_brand":[323],"product_cat":[266,265,160],"product_tag":[],"class_list":{"0":"post-39669","1":"product","2":"type-product","3":"status-publish","4":"has-post-thumbnail","6":"product_brand-gillette","7":"product_cat-aparati-za-kuhanje-265","8":"product_cat-kuhinjski-aparati-160","9":"product_cat-mali-kucanski-aparati","11":"first","12":"outofstock","13":"shipping-taxable","14":"purchasable","15":"product-type-simple"},"_links":{"self":[{"href":"https:\/\/singuli.wpress.me\/index.php\/wp-json\/wp\/v2\/product\/39669","targetHints":{"allow":["GET"]}}],"collection":[{"href":"https:\/\/singuli.wpress.me\/index.php\/wp-json\/wp\/v2\/product"}],"about":[{"href":"https:\/\/singuli.wpress.me\/index.php\/wp-json\/wp\/v2\/types\/product"}],"version-history":[{"count":0,"href":"https:\/\/singuli.wpress.me\/index.php\/wp-json\/wp\/v2\/product\/39669\/revisions"}],"wp:featuredmedia":[{"embeddable":true,"href":"https:\/\/singuli.wpress.me\/index.php\/wp-json\/wp\/v2\/media\/39670"}],"wp:attachment":[{"href":"https:\/\/singuli.wpress.me\/index.php\/wp-json\/wp\/v2\/media?parent=39669"}],"wp:term":[{"taxonomy":"product_brand","embeddable":true,"href":"https:\/\/singuli.wpress.me\/index.php\/wp-json\/wp\/v2\/product_brand?post=39669"},{"taxonomy":"product_cat","embeddable":true,"href":"https:\/\/singuli.wpress.me\/index.php\/wp-json\/wp\/v2\/product_cat?post=39669"},{"taxonomy":"product_tag","embeddable":true,"href":"https:\/\/singuli.wpress.me\/index.php\/wp-json\/wp\/v2\/product_tag?post=39669"}],"curies":[{"name":"wp","href":"https:\/\/api.w.org\/{rel}","templated":true}]}}