{"id":39671,"date":"2026-04-19T02:26:10","date_gmt":"2026-04-19T02:26:10","guid":{"rendered":"https:\/\/singuli.wpress.me\/index.php\/proizvod\/uhu-glitter-glue-ljepilo-zeleno-88-ml\/"},"modified":"2026-04-20T12:33:29","modified_gmt":"2026-04-20T12:33:29","slug":"uhu-glitter-glue-ljepilo-zeleno-88-ml","status":"publish","type":"product","link":"https:\/\/singuli.wpress.me\/index.php\/proizvod\/uhu-glitter-glue-ljepilo-zeleno-88-ml\/","title":{"rendered":"UHU Glitter Glue, ljepilo, zeleno, 88\u00a0ml"},"content":{"rendered":"<p>UHU ljepilo sa \u0161ljokicama za zabavu i ukra\u0161avanje. <\/p>\n<p>Omogu\u0107ava neograni\u010denu kreativnost pri ukra\u0161avanju raznih vrsta materijala. <\/p>\n<p>Iznimno meka tuba s preciznom mlaznicom omogu\u0107uje jednostavnu i \u010distu primjenu. <\/p>\n<p>Oblik olovke omogu\u0107ava jednostavno pisanje i crtanje.<\/p>\n","protected":false},"excerpt":{"rendered":"<p>Zelena boja<br \/>\nNe kapa i ne ostavlja niti<br \/>\nLako se ispire<\/p>\n","protected":false},"featured_media":39672,"template":"","meta":{"_seopress_robots_primary_cat":"","_seopress_titles_title":"","_seopress_titles_desc":"","_seopress_robots_index":"","iawp_total_views":0},"product_brand":[445],"product_cat":[264,238],"product_tag":[],"class_list":{"0":"post-39671","1":"product","2":"type-product","3":"status-publish","4":"has-post-thumbnail","6":"product_brand-uhu","7":"product_cat-ljepila-i-brtvila-238","8":"product_cat-sve-za-dom","10":"first","11":"outofstock","12":"shipping-taxable","13":"purchasable","14":"product-type-simple"},"_links":{"self":[{"href":"https:\/\/singuli.wpress.me\/index.php\/wp-json\/wp\/v2\/product\/39671","targetHints":{"allow":["GET"]}}],"collection":[{"href":"https:\/\/singuli.wpress.me\/index.php\/wp-json\/wp\/v2\/product"}],"about":[{"href":"https:\/\/singuli.wpress.me\/index.php\/wp-json\/wp\/v2\/types\/product"}],"version-history":[{"count":0,"href":"https:\/\/singuli.wpress.me\/index.php\/wp-json\/wp\/v2\/product\/39671\/revisions"}],"wp:featuredmedia":[{"embeddable":true,"href":"https:\/\/singuli.wpress.me\/index.php\/wp-json\/wp\/v2\/media\/39672"}],"wp:attachment":[{"href":"https:\/\/singuli.wpress.me\/index.php\/wp-json\/wp\/v2\/media?parent=39671"}],"wp:term":[{"taxonomy":"product_brand","embeddable":true,"href":"https:\/\/singuli.wpress.me\/index.php\/wp-json\/wp\/v2\/product_brand?post=39671"},{"taxonomy":"product_cat","embeddable":true,"href":"https:\/\/singuli.wpress.me\/index.php\/wp-json\/wp\/v2\/product_cat?post=39671"},{"taxonomy":"product_tag","embeddable":true,"href":"https:\/\/singuli.wpress.me\/index.php\/wp-json\/wp\/v2\/product_tag?post=39671"}],"curies":[{"name":"wp","href":"https:\/\/api.w.org\/{rel}","templated":true}]}}