{"id":39675,"date":"2026-04-19T02:26:11","date_gmt":"2026-04-19T02:26:11","guid":{"rendered":"https:\/\/singuli.wpress.me\/index.php\/proizvod\/natureta-ajvar-slatki-290-g\/"},"modified":"2026-04-20T12:33:29","modified_gmt":"2026-04-20T12:33:29","slug":"natureta-ajvar-slatki-290-g","status":"publish","type":"product","link":"https:\/\/singuli.wpress.me\/index.php\/proizvod\/natureta-ajvar-slatki-290-g\/","title":{"rendered":"NATURETA, ajvar, slatki, 290\u00a0g"},"content":{"rendered":"<p>\u010cuveni ajvar neizostavan je pratilac svakog piknika. <\/p>\n<p>U Natureti jam\u010dimo izvrstan okus provjerenom doma\u0107om recepturom temeljenom na dugogodi\u0161njoj tradiciji, a posebnost na\u0161eg nezagorenog ajvara je \u0161to je zbog visokog udjela dijetalnih vlakana stekao oznaku za\u0161titne hrane.<\/p>\n","protected":false},"excerpt":{"rendered":"<p>Slatki ajvar<br \/>\nIzvrstan okus<br \/>\nDugogodi\u0161nja tradicija<\/p>\n","protected":false},"featured_media":39676,"template":"","meta":{"_seopress_robots_primary_cat":"","_seopress_titles_title":"","_seopress_titles_desc":"","_seopress_robots_index":"","iawp_total_views":0},"product_brand":[811],"product_cat":[261,299],"product_tag":[],"class_list":{"0":"post-39675","1":"product","2":"type-product","3":"status-publish","4":"has-post-thumbnail","6":"product_brand-natureta","7":"product_cat-hrana-i-pice","8":"product_cat-konzervirana-i-gotova-hrana-261","10":"first","11":"outofstock","12":"shipping-taxable","13":"purchasable","14":"product-type-simple"},"_links":{"self":[{"href":"https:\/\/singuli.wpress.me\/index.php\/wp-json\/wp\/v2\/product\/39675","targetHints":{"allow":["GET"]}}],"collection":[{"href":"https:\/\/singuli.wpress.me\/index.php\/wp-json\/wp\/v2\/product"}],"about":[{"href":"https:\/\/singuli.wpress.me\/index.php\/wp-json\/wp\/v2\/types\/product"}],"version-history":[{"count":0,"href":"https:\/\/singuli.wpress.me\/index.php\/wp-json\/wp\/v2\/product\/39675\/revisions"}],"wp:featuredmedia":[{"embeddable":true,"href":"https:\/\/singuli.wpress.me\/index.php\/wp-json\/wp\/v2\/media\/39676"}],"wp:attachment":[{"href":"https:\/\/singuli.wpress.me\/index.php\/wp-json\/wp\/v2\/media?parent=39675"}],"wp:term":[{"taxonomy":"product_brand","embeddable":true,"href":"https:\/\/singuli.wpress.me\/index.php\/wp-json\/wp\/v2\/product_brand?post=39675"},{"taxonomy":"product_cat","embeddable":true,"href":"https:\/\/singuli.wpress.me\/index.php\/wp-json\/wp\/v2\/product_cat?post=39675"},{"taxonomy":"product_tag","embeddable":true,"href":"https:\/\/singuli.wpress.me\/index.php\/wp-json\/wp\/v2\/product_tag?post=39675"}],"curies":[{"name":"wp","href":"https:\/\/api.w.org\/{rel}","templated":true}]}}