{"id":39679,"date":"2026-04-19T02:26:12","date_gmt":"2026-04-19T02:26:12","guid":{"rendered":"https:\/\/singuli.wpress.me\/index.php\/proizvod\/paclan-for-nature-spuzvica-2-kom\/"},"modified":"2026-04-20T12:33:29","modified_gmt":"2026-04-20T12:33:29","slug":"paclan-for-nature-spuzvica-2-kom","status":"publish","type":"product","link":"https:\/\/singuli.wpress.me\/index.php\/proizvod\/paclan-for-nature-spuzvica-2-kom\/","title":{"rendered":"PACLAN FOR NATURE, spu\u017evica, 2\u00a0kom"},"content":{"rendered":"<p>\nPaclan je proizveo sveobuhvatnu ponudu &#8211; liniju For Nature, koja se sastoji od \u201enature friendly\u201d artikala. Ambala\u017ea je izra\u0111ena je od recikliranog papira ili certificiranog papira.<\/p>\n<p>Svaki proizvod ispunjava barem jedan od zahtjeva koje je proizvo\u0111a\u010d postavio prilikom stvaranja ove serije, tako da je na\u010dinjena od:<\/p>\n<p>\u2022 reciklirane plastike<\/p>\n<p>\u2022 prirodnih materijala, kao \u0161to su kukuruza, agave i viskoza<\/p>\n<p>\u2022 rabljenih PET boca<\/p>\n<p>\u2022 biorazgradivih materijala kao \u0161to je PLA (polaktid)<\/p>\n","protected":false},"excerpt":{"rendered":"<p>Razgradive, dobivene od celuloze<br \/>\nPrirodna vlakna agave pomije\u0161ana sa PET bocama<br \/>\nPLA razgradiva pakiranja<\/p>\n","protected":false},"featured_media":39680,"template":"","meta":{"_seopress_robots_primary_cat":"","_seopress_titles_title":"","_seopress_titles_desc":"","_seopress_robots_index":"","iawp_total_views":0},"product_brand":[844],"product_cat":[274,238],"product_tag":[],"class_list":{"0":"post-39679","1":"product","2":"type-product","3":"status-publish","4":"has-post-thumbnail","6":"product_brand-paclan-for-nature","7":"product_cat-kucanski-pribor-238","8":"product_cat-sve-za-dom","10":"first","11":"instock","12":"shipping-taxable","13":"purchasable","14":"product-type-simple"},"_links":{"self":[{"href":"https:\/\/singuli.wpress.me\/index.php\/wp-json\/wp\/v2\/product\/39679","targetHints":{"allow":["GET"]}}],"collection":[{"href":"https:\/\/singuli.wpress.me\/index.php\/wp-json\/wp\/v2\/product"}],"about":[{"href":"https:\/\/singuli.wpress.me\/index.php\/wp-json\/wp\/v2\/types\/product"}],"version-history":[{"count":0,"href":"https:\/\/singuli.wpress.me\/index.php\/wp-json\/wp\/v2\/product\/39679\/revisions"}],"wp:featuredmedia":[{"embeddable":true,"href":"https:\/\/singuli.wpress.me\/index.php\/wp-json\/wp\/v2\/media\/39680"}],"wp:attachment":[{"href":"https:\/\/singuli.wpress.me\/index.php\/wp-json\/wp\/v2\/media?parent=39679"}],"wp:term":[{"taxonomy":"product_brand","embeddable":true,"href":"https:\/\/singuli.wpress.me\/index.php\/wp-json\/wp\/v2\/product_brand?post=39679"},{"taxonomy":"product_cat","embeddable":true,"href":"https:\/\/singuli.wpress.me\/index.php\/wp-json\/wp\/v2\/product_cat?post=39679"},{"taxonomy":"product_tag","embeddable":true,"href":"https:\/\/singuli.wpress.me\/index.php\/wp-json\/wp\/v2\/product_tag?post=39679"}],"curies":[{"name":"wp","href":"https:\/\/api.w.org\/{rel}","templated":true}]}}