{"id":39683,"date":"2026-04-19T02:26:17","date_gmt":"2026-04-19T02:26:17","guid":{"rendered":"https:\/\/singuli.wpress.me\/index.php\/proizvod\/braun-series-7-71-n1000s-brijaci-aparat\/"},"modified":"2026-04-20T12:33:29","modified_gmt":"2026-04-20T12:33:29","slug":"braun-series-7-71-n1000s-brijaci-aparat","status":"publish","type":"product","link":"https:\/\/singuli.wpress.me\/index.php\/proizvod\/braun-series-7-71-n1000s-brijaci-aparat\/","title":{"rendered":"BRAUN Series 7 71-N1000s, brija\u0107i aparat"},"content":{"rendered":"<p>Elektri\u010dni aparat za brijanje Braun Series 7 71-N1000s je be\u017ei\u010dni aparat za brijanje s mre\u017eicom za mokro i suho kori\u0161tenje. Brija\u010d se mo\u017ee podesiti 360 stupnjeva za glatko brijanje, \u010dak i na te\u0161kim podru\u010djima. U\u010dinkovit je \u010dak i na gustim bradama: AutoSense tehnologija analizira va\u0161u bradu i prilago\u0111ava ja\u010dinu njezinoj gusto\u0107i kako bi uhvatila i odrezala vi\u0161e dla\u010dica sa svakim brijanjem. Li-ion baterija omogu\u0107uje do tri tjedna brijanja (50 minuta). 5-minutno brzo punjenje za jedno brijanje. Elektri\u010dni aparat je 100% vodootporan.<br \/>\nProizvodi su dizajnirani za dug \u017eivot: nudimo 2 godine jamstva i do 10 godina servisa.<\/p>\n","protected":false},"excerpt":{"rendered":"<p>Elektri\u010dni brija\u0107i aparat s 360-stupanjskom prilagodbom za glatko brijanje, \u010dak i na problemati\u010dnim podru\u010djima<br \/>\nLitij-ionska baterija pru\u017ea do 3 tjedna brijanja<br \/>\n100% vodootporni elektri\u010dni brija\u0107i aparat za mokru i suhu upotrebu<\/p>\n","protected":false},"featured_media":39684,"template":"","meta":{"_seopress_robots_primary_cat":"","_seopress_titles_title":"","_seopress_titles_desc":"","_seopress_robots_index":"","iawp_total_views":0},"product_brand":[144],"product_cat":[280,192,279],"product_tag":[],"class_list":{"0":"post-39683","1":"product","2":"type-product","3":"status-publish","4":"has-post-thumbnail","6":"product_brand-braun","7":"product_cat-aparati-za-muskarce-279","8":"product_cat-aparati-za-osobnu-njegu","9":"product_cat-brijanje-i-sisanje-192","11":"first","12":"outofstock","13":"shipping-taxable","14":"purchasable","15":"product-type-simple"},"_links":{"self":[{"href":"https:\/\/singuli.wpress.me\/index.php\/wp-json\/wp\/v2\/product\/39683","targetHints":{"allow":["GET"]}}],"collection":[{"href":"https:\/\/singuli.wpress.me\/index.php\/wp-json\/wp\/v2\/product"}],"about":[{"href":"https:\/\/singuli.wpress.me\/index.php\/wp-json\/wp\/v2\/types\/product"}],"version-history":[{"count":0,"href":"https:\/\/singuli.wpress.me\/index.php\/wp-json\/wp\/v2\/product\/39683\/revisions"}],"wp:featuredmedia":[{"embeddable":true,"href":"https:\/\/singuli.wpress.me\/index.php\/wp-json\/wp\/v2\/media\/39684"}],"wp:attachment":[{"href":"https:\/\/singuli.wpress.me\/index.php\/wp-json\/wp\/v2\/media?parent=39683"}],"wp:term":[{"taxonomy":"product_brand","embeddable":true,"href":"https:\/\/singuli.wpress.me\/index.php\/wp-json\/wp\/v2\/product_brand?post=39683"},{"taxonomy":"product_cat","embeddable":true,"href":"https:\/\/singuli.wpress.me\/index.php\/wp-json\/wp\/v2\/product_cat?post=39683"},{"taxonomy":"product_tag","embeddable":true,"href":"https:\/\/singuli.wpress.me\/index.php\/wp-json\/wp\/v2\/product_tag?post=39683"}],"curies":[{"name":"wp","href":"https:\/\/api.w.org\/{rel}","templated":true}]}}