{"id":39691,"date":"2026-04-19T02:26:20","date_gmt":"2026-04-19T02:26:20","guid":{"rendered":"https:\/\/singuli.wpress.me\/index.php\/proizvod\/fisher-price-igracka-knjiga-za-sveznalice\/"},"modified":"2026-04-21T00:27:00","modified_gmt":"2026-04-21T00:27:00","slug":"fisher-price-igracka-knjiga-za-sveznalice","status":"publish","type":"product","link":"https:\/\/singuli.wpress.me\/index.php\/proizvod\/fisher-price-igracka-knjiga-za-sveznalice\/","title":{"rendered":"FISHER PRICE, igra\u010dka, knjiga za sveznalice"},"content":{"rendered":"<p>Otvorite djeci svijet zabave i u\u010denja uz glazbenu Fisher-Price Knjigu za sveznalice!<\/p>\n<p>Okretanjem stranica aktiviraju se omiljene pjesmice kao \u0161to su \u201cJedan mali pauk\u201d, \u201cPekaru, pekaru\u201d i druge, a stranice su ukra\u0161ene \u0161arenim ilustracijama s ve\u0107 dobro poznatim likovima Psi\u0107a i Seke. I dok Vi i Va\u0161 mali\u0161an ple\u0161ete uz knjigu, dijete \u0107e nau\u010diti brojati, prve rije\u010di, slova, brojeve, oblike i jo\u0161 mnogo toga. Nose\u0107i ju za ru\u010dku, Va\u0161 mali\u0161an mo\u017ee ponijeti knjigu sa sobom gdje god po\u017eeli.<\/p>\n<p>Mjesto gdje se mladi akademici kre\u0107u igrati<\/p>\n<p>Brojevi i slova: Kada dijete pritisne tipku ABC i 123, one \u0107e zasvijetliti i dijete \u0107e \u010duti slova i brojeve koji odgovaraju pojedinoj stranici koja je otvorena, poma\u017eu\u0107i im da zavole \u010ditanje!<\/p>\n<p>Boje i oblici: Pritiskom na tipku Oblici i Boje, ona \u0107e zasvijetliti i dijete \u0107e \u010duti izraze koji \u0107e mu pomo\u0107i da nau\u010di razli\u010dite oblike i boje koje vidi.<\/p>\n","protected":false},"excerpt":{"rendered":"<p>Svijet zabave i u\u010denja<br \/>\nBrojevi i slova<br \/>\nBoje i oblici<\/p>\n","protected":false},"featured_media":39692,"template":"","meta":{"_seopress_robots_primary_cat":"","_seopress_titles_title":"","_seopress_titles_desc":"","_seopress_robots_index":"","iawp_total_views":0},"product_brand":[458],"product_cat":[221,291],"product_tag":[],"class_list":{"0":"post-39691","1":"product","2":"type-product","3":"status-publish","4":"has-post-thumbnail","6":"product_brand-fisher-price","7":"product_cat-igracke","8":"product_cat-igracke-za-djecu-221","10":"first","11":"instock","12":"shipping-taxable","13":"purchasable","14":"product-type-simple"},"_links":{"self":[{"href":"https:\/\/singuli.wpress.me\/index.php\/wp-json\/wp\/v2\/product\/39691","targetHints":{"allow":["GET"]}}],"collection":[{"href":"https:\/\/singuli.wpress.me\/index.php\/wp-json\/wp\/v2\/product"}],"about":[{"href":"https:\/\/singuli.wpress.me\/index.php\/wp-json\/wp\/v2\/types\/product"}],"version-history":[{"count":0,"href":"https:\/\/singuli.wpress.me\/index.php\/wp-json\/wp\/v2\/product\/39691\/revisions"}],"wp:featuredmedia":[{"embeddable":true,"href":"https:\/\/singuli.wpress.me\/index.php\/wp-json\/wp\/v2\/media\/39692"}],"wp:attachment":[{"href":"https:\/\/singuli.wpress.me\/index.php\/wp-json\/wp\/v2\/media?parent=39691"}],"wp:term":[{"taxonomy":"product_brand","embeddable":true,"href":"https:\/\/singuli.wpress.me\/index.php\/wp-json\/wp\/v2\/product_brand?post=39691"},{"taxonomy":"product_cat","embeddable":true,"href":"https:\/\/singuli.wpress.me\/index.php\/wp-json\/wp\/v2\/product_cat?post=39691"},{"taxonomy":"product_tag","embeddable":true,"href":"https:\/\/singuli.wpress.me\/index.php\/wp-json\/wp\/v2\/product_tag?post=39691"}],"curies":[{"name":"wp","href":"https:\/\/api.w.org\/{rel}","templated":true}]}}