{"id":39697,"date":"2026-04-19T02:26:23","date_gmt":"2026-04-19T02:26:23","guid":{"rendered":"https:\/\/singuli.wpress.me\/index.php\/proizvod\/refrigeration-s4-fr-v-68-kompresorsko-ulje-20-l\/"},"modified":"2026-04-20T12:33:29","modified_gmt":"2026-04-20T12:33:29","slug":"refrigeration-s4-fr-v-68-kompresorsko-ulje-20-l","status":"publish","type":"product","link":"https:\/\/singuli.wpress.me\/index.php\/proizvod\/refrigeration-s4-fr-v-68-kompresorsko-ulje-20-l\/","title":{"rendered":"REFRIGERATION S4 FR-V 68, Kompresorsko ulje, 20\u00a0l"},"content":{"rendered":"<p>Sinteti\u010dko ulje za rashladne kompresore bazirano na alkil-benzen baznom ulju. Pru\u017ea jedinstveno rje\u0161enje za ve\u0107inu rashladnih ure\u0111aja te je kompatibilno sa svim uobi\u010dajeno kori\u0161tenim rashladnim medijima izuzev HFC medija. Izuzetno su tecljiva i time osiguravaju \u010disto\u0107u rashladnog medija i njegovu u\u010dinkovitost. Omogu\u0107uju produljeni interval odr\u017eavanja zbog kontrole naslaga i temperaturne i oksidacijske otpornosti. Dizajnirana su za uporabu u sustavima sa ve\u0107inom uobi\u010dajenih rashladnih medija: amonijak (R717), uglji\u010dni dioksid (R744) CFC i HCFC sustavi (R12 i R22).<\/p>\n<p><span style=\"font-weight: bold\">Specifikacija:<\/span> DIN 51503 KAA i KC.<\/p>\n","protected":false},"excerpt":{"rendered":"<p>Kompresorsko ulje za podmazivanje rashladnih kompresora<br \/>\nIzvrsna tecljivost<br \/>\nOksidacijska stabilnost<\/p>\n","protected":false},"featured_media":39698,"template":"","meta":{"_seopress_robots_primary_cat":"","_seopress_titles_title":"","_seopress_titles_desc":"","_seopress_robots_index":"","iawp_total_views":0},"product_brand":[830],"product_cat":[243,315],"product_tag":[],"class_list":{"0":"post-39697","1":"product","2":"type-product","3":"status-publish","4":"has-post-thumbnail","6":"product_brand-refrigeration","7":"product_cat-automobili-i-motori","8":"product_cat-rashladne-tekucine-243","10":"first","11":"instock","12":"shipping-taxable","13":"purchasable","14":"product-type-simple"},"_links":{"self":[{"href":"https:\/\/singuli.wpress.me\/index.php\/wp-json\/wp\/v2\/product\/39697","targetHints":{"allow":["GET"]}}],"collection":[{"href":"https:\/\/singuli.wpress.me\/index.php\/wp-json\/wp\/v2\/product"}],"about":[{"href":"https:\/\/singuli.wpress.me\/index.php\/wp-json\/wp\/v2\/types\/product"}],"version-history":[{"count":0,"href":"https:\/\/singuli.wpress.me\/index.php\/wp-json\/wp\/v2\/product\/39697\/revisions"}],"wp:featuredmedia":[{"embeddable":true,"href":"https:\/\/singuli.wpress.me\/index.php\/wp-json\/wp\/v2\/media\/39698"}],"wp:attachment":[{"href":"https:\/\/singuli.wpress.me\/index.php\/wp-json\/wp\/v2\/media?parent=39697"}],"wp:term":[{"taxonomy":"product_brand","embeddable":true,"href":"https:\/\/singuli.wpress.me\/index.php\/wp-json\/wp\/v2\/product_brand?post=39697"},{"taxonomy":"product_cat","embeddable":true,"href":"https:\/\/singuli.wpress.me\/index.php\/wp-json\/wp\/v2\/product_cat?post=39697"},{"taxonomy":"product_tag","embeddable":true,"href":"https:\/\/singuli.wpress.me\/index.php\/wp-json\/wp\/v2\/product_tag?post=39697"}],"curies":[{"name":"wp","href":"https:\/\/api.w.org\/{rel}","templated":true}]}}