{"id":39704,"date":"2026-04-19T02:26:24","date_gmt":"2026-04-19T02:26:24","guid":{"rendered":"https:\/\/singuli.wpress.me\/index.php\/proizvod\/medex-propolis-kapi-15-ml\/"},"modified":"2026-04-20T12:33:29","modified_gmt":"2026-04-20T12:33:29","slug":"medex-propolis-kapi-15-ml","status":"publish","type":"product","link":"https:\/\/singuli.wpress.me\/index.php\/proizvod\/medex-propolis-kapi-15-ml\/","title":{"rendered":"MEDEX Propolis, kapi, 15\u00a0ml"},"content":{"rendered":"<p>P\u010dele znaju kako obraniti svoj grad. Propolisom!  Propolis ili p\u010delinje ljepilo p\u010delinji je proizvod potreban za o\u010duvanje zdrave ko\u0161nice. Sadr\u017ei razne biljne smole koje p\u010dele skupljaju na pupoljcima drve\u0107a, oplemenjuju ih izlu\u010devinama svojih \u017elijezda te im dodaju vosak. Ljepljiva im je smjesa potrebna za popravak sa\u0107a i premaz unutarnjih zidova ko\u0161nice, \u010dime sprje\u010davaju ulazak vlage i vjetra te \u0161tite ko\u0161nicu od mikroba. Koriste ga i za balzamiranje ve\u0107ih nametnika kojih se ne mogu druk\u010dije rije\u0161iti. Time sprje\u010davaju njihov raspad i tako se \u0161tite od zaraza i bolesti. Propolis u ko\u0161nici tako\u0111er hlapi te time stvara prirodnu za\u0161titu koja omogu\u0107ava zdrav razvoj i \u017eivot p\u010delinjih obitelji. Glavne su djelatne tvari propolisa bioflavonoidi, biljna bojila koja \u0161tite biljke od mikroorganizama. Upravo sadr\u017eaj bioflavonoida odre\u0111uje kvalitetu propolisa, stoga smo u Medexu standardizirali njegovu vrijednost u proizvodima i tako osigurali njihovu stalnu kvalitetu.\u00a0<\/p>\n<p><span style=\"font-weight: bold\">Na\u010din primjene<\/span>: Preporu\u010dena dnevna doza je 18 kapi. Nakapajte 3 puta na dan po 6 kapi otopine na \u017elicu meda, kocku \u0161e\u0107era ili ih samostalno popijte.<\/p>\n<p>U 18 kapi: 63 mg propolisa, od toga 13,4 mg bioflavonoida.<\/p>\n","protected":false},"excerpt":{"rendered":"<p>10 % propolisa u alkoholnoj otopini<br \/>\nStandardizirana vrijednost bioflavonoida u propolisu<br \/>\nU staklenoj ambala\u017ei koja osigurava i \u010duva kvalitetu proizvoda<\/p>\n","protected":false},"featured_media":39705,"template":"","meta":{"_seopress_robots_primary_cat":"","_seopress_titles_title":"","_seopress_titles_desc":"","_seopress_robots_index":"","iawp_total_views":0},"product_brand":[415],"product_cat":[268,269],"product_tag":[],"class_list":{"0":"post-39704","1":"product","2":"type-product","3":"status-publish","4":"has-post-thumbnail","6":"product_brand-medex","7":"product_cat-kozmetika-2","8":"product_cat-zastita-koze-268","10":"first","11":"instock","12":"shipping-taxable","13":"purchasable","14":"product-type-simple"},"_links":{"self":[{"href":"https:\/\/singuli.wpress.me\/index.php\/wp-json\/wp\/v2\/product\/39704","targetHints":{"allow":["GET"]}}],"collection":[{"href":"https:\/\/singuli.wpress.me\/index.php\/wp-json\/wp\/v2\/product"}],"about":[{"href":"https:\/\/singuli.wpress.me\/index.php\/wp-json\/wp\/v2\/types\/product"}],"version-history":[{"count":0,"href":"https:\/\/singuli.wpress.me\/index.php\/wp-json\/wp\/v2\/product\/39704\/revisions"}],"wp:featuredmedia":[{"embeddable":true,"href":"https:\/\/singuli.wpress.me\/index.php\/wp-json\/wp\/v2\/media\/39705"}],"wp:attachment":[{"href":"https:\/\/singuli.wpress.me\/index.php\/wp-json\/wp\/v2\/media?parent=39704"}],"wp:term":[{"taxonomy":"product_brand","embeddable":true,"href":"https:\/\/singuli.wpress.me\/index.php\/wp-json\/wp\/v2\/product_brand?post=39704"},{"taxonomy":"product_cat","embeddable":true,"href":"https:\/\/singuli.wpress.me\/index.php\/wp-json\/wp\/v2\/product_cat?post=39704"},{"taxonomy":"product_tag","embeddable":true,"href":"https:\/\/singuli.wpress.me\/index.php\/wp-json\/wp\/v2\/product_tag?post=39704"}],"curies":[{"name":"wp","href":"https:\/\/api.w.org\/{rel}","templated":true}]}}