{"id":39709,"date":"2026-04-19T02:26:26","date_gmt":"2026-04-19T02:26:26","guid":{"rendered":"https:\/\/singuli.wpress.me\/index.php\/proizvod\/duck-active-clean-tropical-summer-osvjezivac-wc-skoljke-38-6-g\/"},"modified":"2026-04-20T12:33:29","modified_gmt":"2026-04-20T12:33:29","slug":"duck-active-clean-tropical-summer-osvjezivac-wc-skoljke-38-6-g","status":"publish","type":"product","link":"https:\/\/singuli.wpress.me\/index.php\/proizvod\/duck-active-clean-tropical-summer-osvjezivac-wc-skoljke-38-6-g\/","title":{"rendered":"DUCK Active Clean Tropical Summer, osvje\u017eiva\u010d wc \u0161koljke, 38.6\u00a0g"},"content":{"rendered":"<p>Duck\u00ae Active Clean bogata pjena osigurava dubinsko \u010di\u0161\u0107enje i dugotrajnu svje\u017einu te odr\u017eava Va\u0161u WC \u0161koljku blistavom do zadnjeg ispiranja. <\/p>\n<p>Prizovite prolje\u0107e uz miris Duck\u00ae limited edition miris Tropical Summer.<\/p>\n<p>Upute za uporabu:<br \/>\nPobrinite se da je Va\u0161a WC \u0161koljka \u010dista.<br \/>\n1. Odmotajte kukicu i pri\u010dvrstite ko\u0161aricu uz rub WC \u0161koljke. <br \/>\n2. Pri\u010dvrstite ko\u0161aricu na mjesto gdje ju mlaz vode mo\u017ee aktivirati. <br \/>\n3. Uklonite proizvod kada je potpuno potro\u0161en.<br \/>\nOdvojite i reciklirajte karton, blister i praznu ko\u0161aricu. Provjerite prema lokalnom planu za recikliranje.<\/p>\n","protected":false},"excerpt":{"rendered":"<p>Osigurava dubinsko \u010di\u0161\u0107enje<br \/>\nOdr\u017eava \u010disto\u0107u<br \/>\nDugotrajna svje\u017eina<\/p>\n","protected":false},"featured_media":39710,"template":"","meta":{"_seopress_robots_primary_cat":"","_seopress_titles_title":"","_seopress_titles_desc":"","_seopress_robots_index":"","iawp_total_views":0},"product_brand":[410],"product_cat":[284,238],"product_tag":[],"class_list":{"0":"post-39709","1":"product","2":"type-product","3":"status-publish","4":"has-post-thumbnail","6":"product_brand-duck","7":"product_cat-sredstva-za-ciscenje-238","8":"product_cat-sve-za-dom","10":"first","11":"outofstock","12":"shipping-taxable","13":"purchasable","14":"product-type-simple"},"_links":{"self":[{"href":"https:\/\/singuli.wpress.me\/index.php\/wp-json\/wp\/v2\/product\/39709","targetHints":{"allow":["GET"]}}],"collection":[{"href":"https:\/\/singuli.wpress.me\/index.php\/wp-json\/wp\/v2\/product"}],"about":[{"href":"https:\/\/singuli.wpress.me\/index.php\/wp-json\/wp\/v2\/types\/product"}],"version-history":[{"count":0,"href":"https:\/\/singuli.wpress.me\/index.php\/wp-json\/wp\/v2\/product\/39709\/revisions"}],"wp:featuredmedia":[{"embeddable":true,"href":"https:\/\/singuli.wpress.me\/index.php\/wp-json\/wp\/v2\/media\/39710"}],"wp:attachment":[{"href":"https:\/\/singuli.wpress.me\/index.php\/wp-json\/wp\/v2\/media?parent=39709"}],"wp:term":[{"taxonomy":"product_brand","embeddable":true,"href":"https:\/\/singuli.wpress.me\/index.php\/wp-json\/wp\/v2\/product_brand?post=39709"},{"taxonomy":"product_cat","embeddable":true,"href":"https:\/\/singuli.wpress.me\/index.php\/wp-json\/wp\/v2\/product_cat?post=39709"},{"taxonomy":"product_tag","embeddable":true,"href":"https:\/\/singuli.wpress.me\/index.php\/wp-json\/wp\/v2\/product_tag?post=39709"}],"curies":[{"name":"wp","href":"https:\/\/api.w.org\/{rel}","templated":true}]}}