{"id":39715,"date":"2026-04-19T02:26:29","date_gmt":"2026-04-19T02:26:29","guid":{"rendered":"https:\/\/singuli.wpress.me\/index.php\/proizvod\/games-drustvena-igra-uno-karte-all-wild\/"},"modified":"2026-04-21T00:27:00","modified_gmt":"2026-04-21T00:27:00","slug":"games-drustvena-igra-uno-karte-all-wild","status":"publish","type":"product","link":"https:\/\/singuli.wpress.me\/index.php\/proizvod\/games-drustvena-igra-uno-karte-all-wild\/","title":{"rendered":"GAMES, dru\u0161tvena igra, Uno karte All wild"},"content":{"rendered":"<p>U UNO Wild igri svaka pojedina\u010dna karta je specijalna karta \u010dime UNO postaje jo\u0161 nepredvidljiviji.<\/p>\n<p>Nema podudaranja broja i boja kao u klasi\u010dnim UNO kartama, ali nije tako jednostavno kao \u0161to zvu\u010di.<\/p>\n<p>Nove specijalne karte dodatno mijenjaju igru. S kartom &#8221;presko\u010di dvoje&#8221; preska\u010du se dva sljede\u0107a igra\u010da umjesto samo jednog. S kartom &#8221;zamijeni karte&#8221; igra\u010di zamjenjuju me\u0111usobno sve karte koje imaju u ruci.<\/p>\n<p>Ali UNO Wild skriva jo\u0161 toga! <\/p>\n<p>Sadr\u017ei 112 karata od kojih su sve razli\u010dite specijalne karte.<\/p>\n<p>Cilj igre je isti &#8211; rije\u0161iti se svih karata.<\/p>\n","protected":false},"excerpt":{"rendered":"<p>Uno Wild je nepredvidljiv<br \/>\nCilj igre &#8211; rije\u0161iti se svih karata<br \/>\nSadr\u017ei 112 karata<\/p>\n","protected":false},"featured_media":39716,"template":"","meta":{"_seopress_robots_primary_cat":"","_seopress_titles_title":"","_seopress_titles_desc":"","_seopress_robots_index":"","iawp_total_views":0},"product_brand":[390],"product_cat":[290,221],"product_tag":[],"class_list":{"0":"post-39715","1":"product","2":"type-product","3":"status-publish","4":"has-post-thumbnail","6":"product_brand-games","7":"product_cat-drustvene-igre-221","8":"product_cat-igracke","10":"first","11":"instock","12":"shipping-taxable","13":"purchasable","14":"product-type-simple"},"_links":{"self":[{"href":"https:\/\/singuli.wpress.me\/index.php\/wp-json\/wp\/v2\/product\/39715","targetHints":{"allow":["GET"]}}],"collection":[{"href":"https:\/\/singuli.wpress.me\/index.php\/wp-json\/wp\/v2\/product"}],"about":[{"href":"https:\/\/singuli.wpress.me\/index.php\/wp-json\/wp\/v2\/types\/product"}],"version-history":[{"count":0,"href":"https:\/\/singuli.wpress.me\/index.php\/wp-json\/wp\/v2\/product\/39715\/revisions"}],"wp:featuredmedia":[{"embeddable":true,"href":"https:\/\/singuli.wpress.me\/index.php\/wp-json\/wp\/v2\/media\/39716"}],"wp:attachment":[{"href":"https:\/\/singuli.wpress.me\/index.php\/wp-json\/wp\/v2\/media?parent=39715"}],"wp:term":[{"taxonomy":"product_brand","embeddable":true,"href":"https:\/\/singuli.wpress.me\/index.php\/wp-json\/wp\/v2\/product_brand?post=39715"},{"taxonomy":"product_cat","embeddable":true,"href":"https:\/\/singuli.wpress.me\/index.php\/wp-json\/wp\/v2\/product_cat?post=39715"},{"taxonomy":"product_tag","embeddable":true,"href":"https:\/\/singuli.wpress.me\/index.php\/wp-json\/wp\/v2\/product_tag?post=39715"}],"curies":[{"name":"wp","href":"https:\/\/api.w.org\/{rel}","templated":true}]}}