{"id":39721,"date":"2026-04-19T02:26:33","date_gmt":"2026-04-19T02:26:33","guid":{"rendered":"https:\/\/singuli.wpress.me\/index.php\/proizvod\/always-ultra-secure-night-extra-higijenski-ulosci-20-kom\/"},"modified":"2026-04-20T12:33:29","modified_gmt":"2026-04-20T12:33:29","slug":"always-ultra-secure-night-extra-higijenski-ulosci-20-kom","status":"publish","type":"product","link":"https:\/\/singuli.wpress.me\/index.php\/proizvod\/always-ultra-secure-night-extra-higijenski-ulosci-20-kom\/","title":{"rendered":"ALWAYS Ultra Secure Night Extra, higijenski ulo\u0161ci, 20\u00a0kom"},"content":{"rendered":"<p>Higijenski ulo\u0161ci Always Ultra Secure Night Extra imaju 9 % du\u017ei prednji dio i 85 % du\u017ei stra\u017enji dio za pouzdanu no\u0107nu za\u0161titu. <\/p>\n<p>Mirno spavajte, uz trostruku za\u0161titu ulo\u017eaka ALWAYS Ultra. <\/p>\n<p>Tehnologijom LeakGuard jam\u010de cjelovitu, pouzdanu cjelono\u0107nu za\u0161titu od propu\u0161tanja za vrijeme mjese\u010dnice. <\/p>\n<p>U trenu upijaju teku\u0107inu i dr\u017ee je daleko od ko\u017ee zahvaljuju\u0107i sustavu InstantDry. <\/p>\n<p>Tehnologija OdourLock neutralizira neugodne mirise kako biste se osje\u0107ali svje\u017ee i \u010disto. <\/p>\n<p>Dermatolo\u0161ki odobrilo udru\u017eenje Skin Health Alliance.<\/p>\n","protected":false},"excerpt":{"rendered":"<p>Higijenski ulo\u0161ci s du\u017eim prednjim dijelom i duljim stra\u017enjim dijelom za pouzdanu no\u0107nu za\u0161titu<br \/>\nMo\u0107na jezgra brzo upija teku\u0107inu i zadr\u017eava je daleko od ko\u017ee<br \/>\nTehnologija neutraliziranja neugodnih mirisa za osje\u0107aj \u010disto\u0107e i svje\u017eine<\/p>\n","protected":false},"featured_media":39722,"template":"","meta":{"_seopress_robots_primary_cat":"","_seopress_titles_title":"","_seopress_titles_desc":"","_seopress_robots_index":"","iawp_total_views":0},"product_brand":[449],"product_cat":[211,288],"product_tag":[],"class_list":{"0":"post-39721","1":"product","2":"type-product","3":"status-publish","4":"has-post-thumbnail","6":"product_brand-always","7":"product_cat-njega-majke-i-djeteta","8":"product_cat-zenska-higijena-211","10":"first","11":"instock","12":"shipping-taxable","13":"purchasable","14":"product-type-simple"},"_links":{"self":[{"href":"https:\/\/singuli.wpress.me\/index.php\/wp-json\/wp\/v2\/product\/39721","targetHints":{"allow":["GET"]}}],"collection":[{"href":"https:\/\/singuli.wpress.me\/index.php\/wp-json\/wp\/v2\/product"}],"about":[{"href":"https:\/\/singuli.wpress.me\/index.php\/wp-json\/wp\/v2\/types\/product"}],"version-history":[{"count":0,"href":"https:\/\/singuli.wpress.me\/index.php\/wp-json\/wp\/v2\/product\/39721\/revisions"}],"wp:featuredmedia":[{"embeddable":true,"href":"https:\/\/singuli.wpress.me\/index.php\/wp-json\/wp\/v2\/media\/39722"}],"wp:attachment":[{"href":"https:\/\/singuli.wpress.me\/index.php\/wp-json\/wp\/v2\/media?parent=39721"}],"wp:term":[{"taxonomy":"product_brand","embeddable":true,"href":"https:\/\/singuli.wpress.me\/index.php\/wp-json\/wp\/v2\/product_brand?post=39721"},{"taxonomy":"product_cat","embeddable":true,"href":"https:\/\/singuli.wpress.me\/index.php\/wp-json\/wp\/v2\/product_cat?post=39721"},{"taxonomy":"product_tag","embeddable":true,"href":"https:\/\/singuli.wpress.me\/index.php\/wp-json\/wp\/v2\/product_tag?post=39721"}],"curies":[{"name":"wp","href":"https:\/\/api.w.org\/{rel}","templated":true}]}}