{"id":39727,"date":"2026-04-19T02:26:37","date_gmt":"2026-04-19T02:26:37","guid":{"rendered":"https:\/\/singuli.wpress.me\/index.php\/proizvod\/ristora-mlijeko-u-granulama-vending-aparati-500-g\/"},"modified":"2026-04-20T12:33:29","modified_gmt":"2026-04-20T12:33:29","slug":"ristora-mlijeko-u-granulama-vending-aparati-500-g","status":"publish","type":"product","link":"https:\/\/singuli.wpress.me\/index.php\/proizvod\/ristora-mlijeko-u-granulama-vending-aparati-500-g\/","title":{"rendered":"RISTORA, mlijeko u granulama, vending aparati, 500\u00a0g"},"content":{"rendered":"<p>Mlijeko u granulama za prodaju predstavlja jednostavno i u\u010dinkovito rje\u0161enje za pripremu mlije\u010dnih napitaka u raznim vending aparatima diljem Hrvatske. Ovaj proizvod je popularan izbor jer omogu\u0107uje brzo i lako pripremanje raznih mlije\u010dnih napitaka, uklju\u010duju\u0107i kavu s mlijekom, vru\u0107u \u010dokoladu i \u010daj s mlijekom.<\/p>\n<p>Izra\u0111eno je od su\u0161enog mlijeka koje je pretvoreno u oblik sitnih granula. Ovaj postupak omogu\u0107uje da se svi hranjivi sastojci mlijeka o\u010duvaju, \u0161to rezultira bogatim okusom i kvalitetom mlije\u010dnih napitaka koje \u0107e korisnici automata cijeniti.<\/p>\n<p>Ovaj oblik mlijeka ima prednost dugog roka trajanja, \u0161to olak\u0161ava njegovo skladi\u0161tenje i kori\u0161tenje u raznim okru\u017eenjima, poput ureda, \u0161kola, bolnica ili trgova\u010dkih centara. Tako\u0111er, kori\u0161tenjem mlijeka u granulama, nema potrebe za skladi\u0161tenjem svje\u017eeg mlijeka, \u0161to olak\u0161ava odr\u017eavanje automata i smanjuje potencijalni gubitak namirnica.<\/p>\n<p>Mlijeko u granulama za automate pru\u017ea korisnicima konzistentno iskustvo s mlije\u010dnim napitcima, bez obzira na mjesto i vrijeme ispijanja. Svakim kori\u0161tenjem, korisnici mogu u\u017eivati u svje\u017ee pripremljenim i ukusnim mlije\u010dnim napicima.<\/p>\n","protected":false},"excerpt":{"rendered":"<p>Jednostavno i u\u010dinkovito rje\u0161enje za pripremu mlije\u010dnih napitaka<br \/>\nBogati okus i kvaliteta mlije\u010dnih napitaka<br \/>\nPrednost dugog roka trajanja<\/p>\n","protected":false},"featured_media":39728,"template":"","meta":{"_seopress_robots_primary_cat":"","_seopress_titles_title":"","_seopress_titles_desc":"","_seopress_robots_index":"","iawp_total_views":0},"product_brand":[781],"product_cat":[261,270],"product_tag":[],"class_list":{"0":"post-39727","1":"product","2":"type-product","3":"status-publish","4":"has-post-thumbnail","6":"product_brand-ristora","7":"product_cat-hrana-i-pice","8":"product_cat-slasticarstvo-261","10":"first","11":"instock","12":"shipping-taxable","13":"purchasable","14":"product-type-simple"},"_links":{"self":[{"href":"https:\/\/singuli.wpress.me\/index.php\/wp-json\/wp\/v2\/product\/39727","targetHints":{"allow":["GET"]}}],"collection":[{"href":"https:\/\/singuli.wpress.me\/index.php\/wp-json\/wp\/v2\/product"}],"about":[{"href":"https:\/\/singuli.wpress.me\/index.php\/wp-json\/wp\/v2\/types\/product"}],"version-history":[{"count":0,"href":"https:\/\/singuli.wpress.me\/index.php\/wp-json\/wp\/v2\/product\/39727\/revisions"}],"wp:featuredmedia":[{"embeddable":true,"href":"https:\/\/singuli.wpress.me\/index.php\/wp-json\/wp\/v2\/media\/39728"}],"wp:attachment":[{"href":"https:\/\/singuli.wpress.me\/index.php\/wp-json\/wp\/v2\/media?parent=39727"}],"wp:term":[{"taxonomy":"product_brand","embeddable":true,"href":"https:\/\/singuli.wpress.me\/index.php\/wp-json\/wp\/v2\/product_brand?post=39727"},{"taxonomy":"product_cat","embeddable":true,"href":"https:\/\/singuli.wpress.me\/index.php\/wp-json\/wp\/v2\/product_cat?post=39727"},{"taxonomy":"product_tag","embeddable":true,"href":"https:\/\/singuli.wpress.me\/index.php\/wp-json\/wp\/v2\/product_tag?post=39727"}],"curies":[{"name":"wp","href":"https:\/\/api.w.org\/{rel}","templated":true}]}}