{"id":39734,"date":"2026-04-19T02:26:40","date_gmt":"2026-04-19T02:26:40","guid":{"rendered":"https:\/\/singuli.wpress.me\/index.php\/proizvod\/blend-a-dent-complete-fresh-krema-za-ucvrscivanje-zubnih-proteza-47-g\/"},"modified":"2026-04-20T12:33:29","modified_gmt":"2026-04-20T12:33:29","slug":"blend-a-dent-complete-fresh-krema-za-ucvrscivanje-zubnih-proteza-47-g","status":"publish","type":"product","link":"https:\/\/singuli.wpress.me\/index.php\/proizvod\/blend-a-dent-complete-fresh-krema-za-ucvrscivanje-zubnih-proteza-47-g\/","title":{"rendered":"BLEND-A-DENT Complete Fresh, krema za u\u010dvr\u0161\u0107ivanje zubnih proteza, 47\u00a0g"},"content":{"rendered":"<p>Krema za u\u010dvr\u0161\u0107ivanje zubnih proteza Blend-a-dent Complete izvrsno je rje\u0161enje ako ne \u017eelite stalno misliti o zubnoj protezi. \u0160to god radili, \u0161to god jeli, u\u017eivat \u0107ete u sigurnosti koju vam pru\u017ea pouzdano i udobno u\u010dvr\u0161\u0107ena zubna proteza, koja lijepo sjedi na svom mjestu. Blend-a-dent Complete \u010dvrsto dr\u017ei zubnu protezu tijekom dana i \u010dini njezino no\u0161enje ugodnjim tako \u0161to djeluje poput jastu\u010di\u0107a izme\u0111u desni i proteze te stvaranjem nepropusnog sloja poma\u017ee sprije\u010diti upadanje hrane ispod proteze. Sve to zna\u010di da se vi mo\u017eete lijepo opustiti i potpuno u\u017eivati u svakom danu. Isprobajte ovu kremu sa svje\u017eim okusom metvice.<\/p>\n","protected":false},"excerpt":{"rendered":"<p>Pru\u017ea sna\u017eno u\u010dvr\u0161\u0107ivanje tijekom dana.<br \/>\n10x ja\u010de prianjanje nego bez kreme<br \/>\nZa potpune i parcijalne zubne proteze<\/p>\n","protected":false},"featured_media":39735,"template":"","meta":{"_seopress_robots_primary_cat":"","_seopress_titles_title":"","_seopress_titles_desc":"","_seopress_robots_index":"","iawp_total_views":0},"product_brand":[763],"product_cat":[268,309],"product_tag":[],"class_list":{"0":"post-39734","1":"product","2":"type-product","3":"status-publish","4":"has-post-thumbnail","6":"product_brand-blend-a-dent","7":"product_cat-kozmetika-2","8":"product_cat-oralna-higijena-268","10":"first","11":"instock","12":"shipping-taxable","13":"purchasable","14":"product-type-simple"},"_links":{"self":[{"href":"https:\/\/singuli.wpress.me\/index.php\/wp-json\/wp\/v2\/product\/39734","targetHints":{"allow":["GET"]}}],"collection":[{"href":"https:\/\/singuli.wpress.me\/index.php\/wp-json\/wp\/v2\/product"}],"about":[{"href":"https:\/\/singuli.wpress.me\/index.php\/wp-json\/wp\/v2\/types\/product"}],"version-history":[{"count":0,"href":"https:\/\/singuli.wpress.me\/index.php\/wp-json\/wp\/v2\/product\/39734\/revisions"}],"wp:featuredmedia":[{"embeddable":true,"href":"https:\/\/singuli.wpress.me\/index.php\/wp-json\/wp\/v2\/media\/39735"}],"wp:attachment":[{"href":"https:\/\/singuli.wpress.me\/index.php\/wp-json\/wp\/v2\/media?parent=39734"}],"wp:term":[{"taxonomy":"product_brand","embeddable":true,"href":"https:\/\/singuli.wpress.me\/index.php\/wp-json\/wp\/v2\/product_brand?post=39734"},{"taxonomy":"product_cat","embeddable":true,"href":"https:\/\/singuli.wpress.me\/index.php\/wp-json\/wp\/v2\/product_cat?post=39734"},{"taxonomy":"product_tag","embeddable":true,"href":"https:\/\/singuli.wpress.me\/index.php\/wp-json\/wp\/v2\/product_tag?post=39734"}],"curies":[{"name":"wp","href":"https:\/\/api.w.org\/{rel}","templated":true}]}}