{"id":39747,"date":"2026-04-19T02:26:47","date_gmt":"2026-04-19T02:26:47","guid":{"rendered":"https:\/\/singuli.wpress.me\/index.php\/proizvod\/helix-ult-prof-af-5w30-motorno-ulje-za-osobna-vozila-20-l\/"},"modified":"2026-04-20T12:33:29","modified_gmt":"2026-04-20T12:33:29","slug":"helix-ult-prof-af-5w30-motorno-ulje-za-osobna-vozila-20-l","status":"publish","type":"product","link":"https:\/\/singuli.wpress.me\/index.php\/proizvod\/helix-ult-prof-af-5w30-motorno-ulje-za-osobna-vozila-20-l\/","title":{"rendered":"HELIX ULT. PROF AF 5W30, motorno ulje za osobna vozila, 20\u00a0l"},"content":{"rendered":"<p>Potpuno sinteti\u010dko motorno ulje &#8211; prilago\u0111eno da udovolji posebnim zahtjevima proizvo\u0111a\u010da motora. <\/p>\n<p>Posebno prilago\u0111eno da udovolji potrebama odre\u0111enih motora visokih performansi, uklju\u010duju\u0107i Ford, Jaguar i Mazda, kao i motore koji zahtijevaju ACEA C1 specifikacije. <\/p>\n<p>Ulje zadovoljava Ford test i TU3M test tro\u0161enja razvodnog mehanizma i test tro\u0161enja brega bregaste osovine. <\/p>\n<p>Zadovoljava ACEA standard u\u0161tede goriva MB M111FE s pobolj\u0161anjem u\u0161tede goriva do 3%.<\/p>\n<p><span style=\"font-weight: bold\">Specifikacija:<\/span> ACEA C1, Ford WSS-M2C934-B, Jaguar Land Rover STJLR.03.5005.<\/p>\n","protected":false},"excerpt":{"rendered":"<p>Pove\u0107ava u\u0161tedu goriva<br \/>\nZadovoljava test tro\u0161enja razvodnog mehanizma<br \/>\nSpecifikacija u opisu<\/p>\n","protected":false},"featured_media":39748,"template":"","meta":{"_seopress_robots_primary_cat":"","_seopress_titles_title":"","_seopress_titles_desc":"","_seopress_robots_index":"","iawp_total_views":0},"product_brand":[398],"product_cat":[243,272],"product_tag":[],"class_list":{"0":"post-39747","1":"product","2":"type-product","3":"status-publish","4":"has-post-thumbnail","6":"product_brand-helix","7":"product_cat-automobili-i-motori","8":"product_cat-motorna-ulja-243","10":"first","11":"instock","12":"shipping-taxable","13":"purchasable","14":"product-type-simple"},"_links":{"self":[{"href":"https:\/\/singuli.wpress.me\/index.php\/wp-json\/wp\/v2\/product\/39747","targetHints":{"allow":["GET"]}}],"collection":[{"href":"https:\/\/singuli.wpress.me\/index.php\/wp-json\/wp\/v2\/product"}],"about":[{"href":"https:\/\/singuli.wpress.me\/index.php\/wp-json\/wp\/v2\/types\/product"}],"version-history":[{"count":0,"href":"https:\/\/singuli.wpress.me\/index.php\/wp-json\/wp\/v2\/product\/39747\/revisions"}],"wp:featuredmedia":[{"embeddable":true,"href":"https:\/\/singuli.wpress.me\/index.php\/wp-json\/wp\/v2\/media\/39748"}],"wp:attachment":[{"href":"https:\/\/singuli.wpress.me\/index.php\/wp-json\/wp\/v2\/media?parent=39747"}],"wp:term":[{"taxonomy":"product_brand","embeddable":true,"href":"https:\/\/singuli.wpress.me\/index.php\/wp-json\/wp\/v2\/product_brand?post=39747"},{"taxonomy":"product_cat","embeddable":true,"href":"https:\/\/singuli.wpress.me\/index.php\/wp-json\/wp\/v2\/product_cat?post=39747"},{"taxonomy":"product_tag","embeddable":true,"href":"https:\/\/singuli.wpress.me\/index.php\/wp-json\/wp\/v2\/product_tag?post=39747"}],"curies":[{"name":"wp","href":"https:\/\/api.w.org\/{rel}","templated":true}]}}