{"id":39757,"date":"2026-04-19T02:26:50","date_gmt":"2026-04-19T02:26:50","guid":{"rendered":"https:\/\/singuli.wpress.me\/index.php\/proizvod\/ariel-color-kapsule-za-pranje-rublja-20-pranja\/"},"modified":"2026-04-20T12:33:29","modified_gmt":"2026-04-20T12:33:29","slug":"ariel-color-kapsule-za-pranje-rublja-20-pranja","status":"publish","type":"product","link":"https:\/\/singuli.wpress.me\/index.php\/proizvod\/ariel-color-kapsule-za-pranje-rublja-20-pranja\/","title":{"rendered":"ARIEL Color+, kapsule za pranje rublja, 20 pranja"},"content":{"rendered":"<p>Kapsule za pranje rublja Ariel All-in-1 PODS Color+ isporu\u010duju iznimnu snagu uklanjanja mrlja ve\u0107 od 1. pranja, \u010dak i na ni\u017eim temperaturama. <\/p>\n<p>Uz zajam\u010denu 100% Arielovu u\u010dinkovitost (usporedivu u\u010dinkovitost u odnosu na prethodnu formulu kapsula Ariel PODS Color+), pru\u017eaju izvanredno \u010di\u0161\u0107enje u jednoj kapsuli za pranje: <br \/>\n1. Uklanjanje mrlja <br \/>\n2. Higijensko \u010di\u0161\u0107enje <br \/>\n3. Njega vlakana i boja <br \/>\n4. Donose svje\u017e miris. <\/p>\n<p>Osmi\u0161ljene su za pranje na niskim temperaturama, s jedinstvenim tehnologijama poput tehnologije Cool Clean. U dodiru s vodom omot kapsula PODS koji je 100% topiv u vodi rastapa se i osloba\u0111a sna\u017ene tehnologije za uklanjanje mrlja, za dubinsko i sna\u017eno \u010di\u0161\u0107enje kapsulama Ariel All-in-1 PODS Color+. <\/p>\n<p>\u0160tovi\u0161e, tablete za pranje Ariel sada mogu pridonijeti i smanjenju plasti\u010dnog otpada zahvaljuju\u0107i kartonskoj kutiji ECOCLIC koja se mo\u017ee reciklirati! Sadr\u017ei maksimalno samo 5% plastike i osmi\u0161ljena je za o\u010duvanje kapsula PODS. <\/p>\n","protected":false},"excerpt":{"rendered":"<p>Razvijeno za pranje na niskim temperaturama koriste\u0107i Cool Clean tehnologiju<br \/>\nOmot kapsula 100 % topiv u vodi<br \/>\nAmbala\u017ea se mo\u017ee reciklirati<\/p>\n","protected":false},"featured_media":39758,"template":"","meta":{"_seopress_robots_primary_cat":"","_seopress_titles_title":"","_seopress_titles_desc":"","_seopress_robots_index":"","iawp_total_views":0},"product_brand":[427],"product_cat":[283,238],"product_tag":[],"class_list":{"0":"post-39757","1":"product","2":"type-product","3":"status-publish","4":"has-post-thumbnail","6":"product_brand-ariel","7":"product_cat-pranje-rublja-238","8":"product_cat-sve-za-dom","10":"first","11":"outofstock","12":"shipping-taxable","13":"purchasable","14":"product-type-simple"},"_links":{"self":[{"href":"https:\/\/singuli.wpress.me\/index.php\/wp-json\/wp\/v2\/product\/39757","targetHints":{"allow":["GET"]}}],"collection":[{"href":"https:\/\/singuli.wpress.me\/index.php\/wp-json\/wp\/v2\/product"}],"about":[{"href":"https:\/\/singuli.wpress.me\/index.php\/wp-json\/wp\/v2\/types\/product"}],"version-history":[{"count":0,"href":"https:\/\/singuli.wpress.me\/index.php\/wp-json\/wp\/v2\/product\/39757\/revisions"}],"wp:featuredmedia":[{"embeddable":true,"href":"https:\/\/singuli.wpress.me\/index.php\/wp-json\/wp\/v2\/media\/39758"}],"wp:attachment":[{"href":"https:\/\/singuli.wpress.me\/index.php\/wp-json\/wp\/v2\/media?parent=39757"}],"wp:term":[{"taxonomy":"product_brand","embeddable":true,"href":"https:\/\/singuli.wpress.me\/index.php\/wp-json\/wp\/v2\/product_brand?post=39757"},{"taxonomy":"product_cat","embeddable":true,"href":"https:\/\/singuli.wpress.me\/index.php\/wp-json\/wp\/v2\/product_cat?post=39757"},{"taxonomy":"product_tag","embeddable":true,"href":"https:\/\/singuli.wpress.me\/index.php\/wp-json\/wp\/v2\/product_tag?post=39757"}],"curies":[{"name":"wp","href":"https:\/\/api.w.org\/{rel}","templated":true}]}}