{"id":39763,"date":"2026-04-19T02:26:54","date_gmt":"2026-04-19T02:26:54","guid":{"rendered":"https:\/\/singuli.wpress.me\/index.php\/proizvod\/tellus-s2-v-100-hidraulicko-ulje-209-l\/"},"modified":"2026-04-20T12:33:29","modified_gmt":"2026-04-20T12:33:29","slug":"tellus-s2-v-100-hidraulicko-ulje-209-l","status":"publish","type":"product","link":"https:\/\/singuli.wpress.me\/index.php\/proizvod\/tellus-s2-v-100-hidraulicko-ulje-209-l\/","title":{"rendered":"TELLUS S2 V 100, hidrauli\u010dko ulje, 209\u00a0l"},"content":{"rendered":"<p>Industrijska hidrauli\u010dka ulja za \u0161irok raspon temperatura. Shell Tellus S2 V su hidrauli\u010dka ulja visokih performansi upotpunjena Shellovom jedinstvenom patentiranom tehnologijom te izuzetno stabilnog viskoziteta pod te\u0161kim mehani\u010dkim optere\u0107enjima pri \u0161irokom spektru radnih temperatura. Pru\u017eaju odli\u010dnu za\u0161titu i performanse u ve\u0107ini mobilne opreme te drugim aplikacijama koje rade u \u0161irokom temperaturnom rasponu ambijentalnih i radnih temperatura.<\/p>\n<p>Specifikacija: ISO 11158 (HV teku\u0107ine); ASTM 6158-05 (HV teku\u0107ine); DIN 51524 Part 3 HVLP type; GB 111181-1-94 (HV teku\u0107ine).<\/p>\n","protected":false},"excerpt":{"rendered":"<p>Hidrauli\u010dko ulje<br \/>\nStabilan viskozitet pod mehani\u010dkim optere\u0107enjima<br \/>\nOdli\u010dna za\u0161tita i performanse<\/p>\n","protected":false},"featured_media":39764,"template":"","meta":{"_seopress_robots_primary_cat":"","_seopress_titles_title":"","_seopress_titles_desc":"","_seopress_robots_index":"","iawp_total_views":0},"product_brand":[414],"product_cat":[243,276],"product_tag":[],"class_list":{"0":"post-39763","1":"product","2":"type-product","3":"status-publish","4":"has-post-thumbnail","6":"product_brand-tellus","7":"product_cat-automobili-i-motori","8":"product_cat-industrijska-i-specijalna-ulja-243","10":"first","11":"instock","12":"shipping-taxable","13":"purchasable","14":"product-type-simple"},"_links":{"self":[{"href":"https:\/\/singuli.wpress.me\/index.php\/wp-json\/wp\/v2\/product\/39763","targetHints":{"allow":["GET"]}}],"collection":[{"href":"https:\/\/singuli.wpress.me\/index.php\/wp-json\/wp\/v2\/product"}],"about":[{"href":"https:\/\/singuli.wpress.me\/index.php\/wp-json\/wp\/v2\/types\/product"}],"version-history":[{"count":0,"href":"https:\/\/singuli.wpress.me\/index.php\/wp-json\/wp\/v2\/product\/39763\/revisions"}],"wp:featuredmedia":[{"embeddable":true,"href":"https:\/\/singuli.wpress.me\/index.php\/wp-json\/wp\/v2\/media\/39764"}],"wp:attachment":[{"href":"https:\/\/singuli.wpress.me\/index.php\/wp-json\/wp\/v2\/media?parent=39763"}],"wp:term":[{"taxonomy":"product_brand","embeddable":true,"href":"https:\/\/singuli.wpress.me\/index.php\/wp-json\/wp\/v2\/product_brand?post=39763"},{"taxonomy":"product_cat","embeddable":true,"href":"https:\/\/singuli.wpress.me\/index.php\/wp-json\/wp\/v2\/product_cat?post=39763"},{"taxonomy":"product_tag","embeddable":true,"href":"https:\/\/singuli.wpress.me\/index.php\/wp-json\/wp\/v2\/product_tag?post=39763"}],"curies":[{"name":"wp","href":"https:\/\/api.w.org\/{rel}","templated":true}]}}