{"id":39770,"date":"2026-04-19T02:27:02","date_gmt":"2026-04-19T02:27:02","guid":{"rendered":"https:\/\/singuli.wpress.me\/index.php\/proizvod\/twistshake-kahlica-pastel-siva\/"},"modified":"2026-04-20T12:33:29","modified_gmt":"2026-04-20T12:33:29","slug":"twistshake-kahlica-pastel-siva","status":"publish","type":"product","link":"https:\/\/singuli.wpress.me\/index.php\/proizvod\/twistshake-kahlica-pastel-siva\/","title":{"rendered":"TWISTSHAKE, kahlica, pastel siva"},"content":{"rendered":"<p>Twistshake kahlica modernog dizajna ne ostavlja otiske na ko\u017ei. Dno kahlice je prevu\u010deno s gumom koja sprje\u010dava klizanje.<\/p>\n<p>Kahlica minimalisti\u010dkog dizajna bez rubova omogu\u0107ava jednostavno i lako \u010di\u0161\u0107enje. Podignuti naslon pru\u017ea mali\u0161anu sigurno i ugodno odvikavanje od pelena i navikavanje na samostalni posjet toaletu.<\/p>\n<p>Privikavanje na samostalnost i odvikavanje od pelena s Twistshake kahlicom od sada \u0107e biti jo\u0161 jednostavnije. Udobna je i stabilna te poti\u010de pravilno dr\u017eanje.<\/p>\n","protected":false},"excerpt":{"rendered":"<p>Ne ostavlja otiske na ko\u017ei<br \/>\nJednostavno i lako \u010di\u0161\u0107enje<br \/>\nUdobna i stabilna<\/p>\n","protected":false},"featured_media":39771,"template":"","meta":{"_seopress_robots_primary_cat":"","_seopress_titles_title":"","_seopress_titles_desc":"","_seopress_robots_index":"","iawp_total_views":0},"product_brand":[433],"product_cat":[274,238],"product_tag":[],"class_list":{"0":"post-39770","1":"product","2":"type-product","3":"status-publish","4":"has-post-thumbnail","6":"product_brand-twistshake","7":"product_cat-kucanski-pribor-238","8":"product_cat-sve-za-dom","10":"first","11":"outofstock","12":"shipping-taxable","13":"purchasable","14":"product-type-simple"},"_links":{"self":[{"href":"https:\/\/singuli.wpress.me\/index.php\/wp-json\/wp\/v2\/product\/39770","targetHints":{"allow":["GET"]}}],"collection":[{"href":"https:\/\/singuli.wpress.me\/index.php\/wp-json\/wp\/v2\/product"}],"about":[{"href":"https:\/\/singuli.wpress.me\/index.php\/wp-json\/wp\/v2\/types\/product"}],"version-history":[{"count":0,"href":"https:\/\/singuli.wpress.me\/index.php\/wp-json\/wp\/v2\/product\/39770\/revisions"}],"wp:featuredmedia":[{"embeddable":true,"href":"https:\/\/singuli.wpress.me\/index.php\/wp-json\/wp\/v2\/media\/39771"}],"wp:attachment":[{"href":"https:\/\/singuli.wpress.me\/index.php\/wp-json\/wp\/v2\/media?parent=39770"}],"wp:term":[{"taxonomy":"product_brand","embeddable":true,"href":"https:\/\/singuli.wpress.me\/index.php\/wp-json\/wp\/v2\/product_brand?post=39770"},{"taxonomy":"product_cat","embeddable":true,"href":"https:\/\/singuli.wpress.me\/index.php\/wp-json\/wp\/v2\/product_cat?post=39770"},{"taxonomy":"product_tag","embeddable":true,"href":"https:\/\/singuli.wpress.me\/index.php\/wp-json\/wp\/v2\/product_tag?post=39770"}],"curies":[{"name":"wp","href":"https:\/\/api.w.org\/{rel}","templated":true}]}}