{"id":39773,"date":"2026-04-19T02:27:02","date_gmt":"2026-04-19T02:27:02","guid":{"rendered":"https:\/\/singuli.wpress.me\/index.php\/proizvod\/jacobs-cronat-gold-instant-napitak-100-g\/"},"modified":"2026-04-20T12:33:29","modified_gmt":"2026-04-20T12:33:29","slug":"jacobs-cronat-gold-instant-napitak-100-g","status":"publish","type":"product","link":"https:\/\/singuli.wpress.me\/index.php\/proizvod\/jacobs-cronat-gold-instant-napitak-100-g\/","title":{"rendered":"JACOBS Cronat Gold, instant napitak, 100\u00a0g"},"content":{"rendered":"<p>U\u017eivajte u Jacobs Instant kavi kod ku\u0107e ili u pokretu.<\/p>\n<p>Jacobs vam nudi \u0161iroku paletu instant kave: od klasi\u010dnog Jacobs Cronat Gold, do Jacobs Crema i Monarch.<\/p>\n<p>Jacobs instant kava &#8211; kava s \u010darobnom aromom. <\/p>\n<p>Jedinstveni sastav najboljih zrnaca kave daje Jacobs Cronat Gold uistinu skladan okus.                                                                                                                                                                                                                                       U \u0161alicu dodajte 1\u20132 \u017eli\u010dice kave Jacobs Cronat Gold i prelijte vru\u0107om, ali ne kipu\u0107om vodom, i promije\u0161ajte. Paket \u010dvrsto zatvorite i \u010duvajte na hladnom i suhom mjestu. <\/p>\n","protected":false},"excerpt":{"rendered":"<p>Najbolja aroma i bogat okus dobiva se od najboljih zrna kave i njihovog dubokog pr\u017eenja<br \/>\n1-2 \u017eli\u010dice Jacobs Cronat Goldle kave prelijte vru\u0107om vodom i ukusna kava je gotova<br \/>\nU\u017eivajte u \u010daroliji Jacobsovog okusa u svakoj \u0161alici<\/p>\n","protected":false},"featured_media":39774,"template":"","meta":{"_seopress_robots_primary_cat":"","_seopress_titles_title":"","_seopress_titles_desc":"","_seopress_robots_index":"","iawp_total_views":0},"product_brand":[419],"product_cat":[261,275],"product_tag":[],"class_list":{"0":"post-39773","1":"product","2":"type-product","3":"status-publish","4":"has-post-thumbnail","6":"product_brand-jacobs","7":"product_cat-hrana-i-pice","8":"product_cat-kava-i-cajevi-261","10":"first","11":"instock","12":"shipping-taxable","13":"purchasable","14":"product-type-simple"},"_links":{"self":[{"href":"https:\/\/singuli.wpress.me\/index.php\/wp-json\/wp\/v2\/product\/39773","targetHints":{"allow":["GET"]}}],"collection":[{"href":"https:\/\/singuli.wpress.me\/index.php\/wp-json\/wp\/v2\/product"}],"about":[{"href":"https:\/\/singuli.wpress.me\/index.php\/wp-json\/wp\/v2\/types\/product"}],"version-history":[{"count":0,"href":"https:\/\/singuli.wpress.me\/index.php\/wp-json\/wp\/v2\/product\/39773\/revisions"}],"wp:featuredmedia":[{"embeddable":true,"href":"https:\/\/singuli.wpress.me\/index.php\/wp-json\/wp\/v2\/media\/39774"}],"wp:attachment":[{"href":"https:\/\/singuli.wpress.me\/index.php\/wp-json\/wp\/v2\/media?parent=39773"}],"wp:term":[{"taxonomy":"product_brand","embeddable":true,"href":"https:\/\/singuli.wpress.me\/index.php\/wp-json\/wp\/v2\/product_brand?post=39773"},{"taxonomy":"product_cat","embeddable":true,"href":"https:\/\/singuli.wpress.me\/index.php\/wp-json\/wp\/v2\/product_cat?post=39773"},{"taxonomy":"product_tag","embeddable":true,"href":"https:\/\/singuli.wpress.me\/index.php\/wp-json\/wp\/v2\/product_tag?post=39773"}],"curies":[{"name":"wp","href":"https:\/\/api.w.org\/{rel}","templated":true}]}}