{"id":39796,"date":"2026-04-19T02:27:09","date_gmt":"2026-04-19T02:27:09","guid":{"rendered":"https:\/\/singuli.wpress.me\/index.php\/proizvod\/old-spice-citron-antiperspirantni-dezodorans-gel-50-ml\/"},"modified":"2026-04-20T12:33:29","modified_gmt":"2026-04-20T12:33:29","slug":"old-spice-citron-antiperspirantni-dezodorans-gel-50-ml","status":"publish","type":"product","link":"https:\/\/singuli.wpress.me\/index.php\/proizvod\/old-spice-citron-antiperspirantni-dezodorans-gel-50-ml\/","title":{"rendered":"OLD SPICE Citron, antiperspirantni dezodorans gel, 50\u00a0ml"},"content":{"rendered":"<p>Antiperspirantni dezodorans u stiku Old Spice zna da su tvoje \u017eelje jednostavne: igrati video-igrice u vise\u0107oj le\u017ealjci usred d\u017eungle, dok majmuni cijede limetu u tvoja usta, a prekrasna \u017eena s fakultetskom diplomom prstima prolazi kroz tvoju kosu. <\/p>\n<p>Zahvaljuju\u0107i antiperspirantnom dezodoransu u stiku Old Spice, mo\u017ee\u0161 izdr\u017eati do 48 sati. <\/p>\n<p>Bori se protiv prekomjernog znojenja i neugodnog mirisa ispod pazuha. Samo mu\u017eevnost.<\/p>\n","protected":false},"excerpt":{"rendered":"<p>48-satna za\u0161tita od znojenja i neugodnih mirisa<br \/>\nDugotrajna svje\u017eina<br \/>\nTehnologija cjelodnevnog mirisa<\/p>\n","protected":false},"featured_media":39797,"template":"","meta":{"_seopress_robots_primary_cat":"","_seopress_titles_title":"","_seopress_titles_desc":"","_seopress_robots_index":"","iawp_total_views":0},"product_brand":[448],"product_cat":[285,268],"product_tag":[],"class_list":{"0":"post-39796","1":"product","2":"type-product","3":"status-publish","4":"has-post-thumbnail","6":"product_brand-old-spice","7":"product_cat-dezodoransi-268","8":"product_cat-kozmetika-2","10":"first","11":"outofstock","12":"shipping-taxable","13":"purchasable","14":"product-type-simple"},"_links":{"self":[{"href":"https:\/\/singuli.wpress.me\/index.php\/wp-json\/wp\/v2\/product\/39796","targetHints":{"allow":["GET"]}}],"collection":[{"href":"https:\/\/singuli.wpress.me\/index.php\/wp-json\/wp\/v2\/product"}],"about":[{"href":"https:\/\/singuli.wpress.me\/index.php\/wp-json\/wp\/v2\/types\/product"}],"version-history":[{"count":0,"href":"https:\/\/singuli.wpress.me\/index.php\/wp-json\/wp\/v2\/product\/39796\/revisions"}],"wp:featuredmedia":[{"embeddable":true,"href":"https:\/\/singuli.wpress.me\/index.php\/wp-json\/wp\/v2\/media\/39797"}],"wp:attachment":[{"href":"https:\/\/singuli.wpress.me\/index.php\/wp-json\/wp\/v2\/media?parent=39796"}],"wp:term":[{"taxonomy":"product_brand","embeddable":true,"href":"https:\/\/singuli.wpress.me\/index.php\/wp-json\/wp\/v2\/product_brand?post=39796"},{"taxonomy":"product_cat","embeddable":true,"href":"https:\/\/singuli.wpress.me\/index.php\/wp-json\/wp\/v2\/product_cat?post=39796"},{"taxonomy":"product_tag","embeddable":true,"href":"https:\/\/singuli.wpress.me\/index.php\/wp-json\/wp\/v2\/product_tag?post=39796"}],"curies":[{"name":"wp","href":"https:\/\/api.w.org\/{rel}","templated":true}]}}