{"id":39800,"date":"2026-04-19T02:27:13","date_gmt":"2026-04-19T02:27:13","guid":{"rendered":"https:\/\/singuli.wpress.me\/index.php\/proizvod\/naturella-dnevni-ulosci-light-calendula-tenderness-20-kom\/"},"modified":"2026-04-20T12:33:29","modified_gmt":"2026-04-20T12:33:29","slug":"naturella-dnevni-ulosci-light-calendula-tenderness-20-kom","status":"publish","type":"product","link":"https:\/\/singuli.wpress.me\/index.php\/proizvod\/naturella-dnevni-ulosci-light-calendula-tenderness-20-kom\/","title":{"rendered":"NATURELLA, dnevni ulo\u0161ci, Light Calendula Tenderness, 20\u00a0kom"},"content":{"rendered":"<p>Uz tanke i fleksibilne dnevne ulo\u0161ke Naturella Calendula Tenderness ostat \u0107ete svje\u017ei kamo god da vas \u017eivot odvede. <\/p>\n<p>Sa\u010duvajte svje\u017einu cijelog dana s dnevnim ulo\u0161cima Naturella Light!<\/p>\n","protected":false},"excerpt":{"rendered":"<p>S mirisom nadahnutim cvijetom nevena<br \/>\nZa cjelodnevnu svje\u017einu<br \/>\nMekani i nje\u017eni prema ko\u017ei intimnih dijelova tijela<\/p>\n","protected":false},"featured_media":39801,"template":"","meta":{"_seopress_robots_primary_cat":"","_seopress_titles_title":"","_seopress_titles_desc":"","_seopress_robots_index":"","iawp_total_views":0},"product_brand":[438],"product_cat":[211,288],"product_tag":[],"class_list":{"0":"post-39800","1":"product","2":"type-product","3":"status-publish","4":"has-post-thumbnail","6":"product_brand-naturella","7":"product_cat-njega-majke-i-djeteta","8":"product_cat-zenska-higijena-211","10":"first","11":"outofstock","12":"shipping-taxable","13":"purchasable","14":"product-type-simple"},"_links":{"self":[{"href":"https:\/\/singuli.wpress.me\/index.php\/wp-json\/wp\/v2\/product\/39800","targetHints":{"allow":["GET"]}}],"collection":[{"href":"https:\/\/singuli.wpress.me\/index.php\/wp-json\/wp\/v2\/product"}],"about":[{"href":"https:\/\/singuli.wpress.me\/index.php\/wp-json\/wp\/v2\/types\/product"}],"version-history":[{"count":0,"href":"https:\/\/singuli.wpress.me\/index.php\/wp-json\/wp\/v2\/product\/39800\/revisions"}],"wp:featuredmedia":[{"embeddable":true,"href":"https:\/\/singuli.wpress.me\/index.php\/wp-json\/wp\/v2\/media\/39801"}],"wp:attachment":[{"href":"https:\/\/singuli.wpress.me\/index.php\/wp-json\/wp\/v2\/media?parent=39800"}],"wp:term":[{"taxonomy":"product_brand","embeddable":true,"href":"https:\/\/singuli.wpress.me\/index.php\/wp-json\/wp\/v2\/product_brand?post=39800"},{"taxonomy":"product_cat","embeddable":true,"href":"https:\/\/singuli.wpress.me\/index.php\/wp-json\/wp\/v2\/product_cat?post=39800"},{"taxonomy":"product_tag","embeddable":true,"href":"https:\/\/singuli.wpress.me\/index.php\/wp-json\/wp\/v2\/product_tag?post=39800"}],"curies":[{"name":"wp","href":"https:\/\/api.w.org\/{rel}","templated":true}]}}