{"id":39811,"date":"2026-04-19T02:27:16","date_gmt":"2026-04-19T02:27:16","guid":{"rendered":"https:\/\/singuli.wpress.me\/index.php\/proizvod\/pronto-visenamjenski-sprej-jasmin-300-ml\/"},"modified":"2026-04-20T12:33:29","modified_gmt":"2026-04-20T12:33:29","slug":"pronto-visenamjenski-sprej-jasmin-300-ml","status":"publish","type":"product","link":"https:\/\/singuli.wpress.me\/index.php\/proizvod\/pronto-visenamjenski-sprej-jasmin-300-ml\/","title":{"rendered":"PRONTO, vi\u0161enamjenski sprej, jasmin, 300\u00a0ml"},"content":{"rendered":"<p>Pronto\u00ae Vi\u0161enamjenski sprej za \u010di\u0161\u0107enje nje\u017eno \u010disti tvrde povr\u0161ine uklanjaju\u0107i pra\u0161inu i ne\u010disto\u0107u bez tragova i o\u0161te\u0107enja povr\u0161ina.<\/p>\n<p>Uklanja: pra\u0161inu, ne\u010disto\u0107e, otiske prstiju i mrlje.<\/p>\n","protected":false},"excerpt":{"rendered":"<p>Nje\u017eno \u010disti<br \/>\nNe ostavlja tragove na povr\u0161inama<br \/>\nPrikladno za kori\u0161tenje na tvrdim povr\u0161inama<\/p>\n","protected":false},"featured_media":39812,"template":"","meta":{"_seopress_robots_primary_cat":"","_seopress_titles_title":"","_seopress_titles_desc":"","_seopress_robots_index":"","iawp_total_views":0},"product_brand":[815],"product_cat":[274,238],"product_tag":[],"class_list":{"0":"post-39811","1":"product","2":"type-product","3":"status-publish","4":"has-post-thumbnail","6":"product_brand-pronto","7":"product_cat-kucanski-pribor-238","8":"product_cat-sve-za-dom","10":"first","11":"outofstock","12":"shipping-taxable","13":"purchasable","14":"product-type-simple"},"_links":{"self":[{"href":"https:\/\/singuli.wpress.me\/index.php\/wp-json\/wp\/v2\/product\/39811","targetHints":{"allow":["GET"]}}],"collection":[{"href":"https:\/\/singuli.wpress.me\/index.php\/wp-json\/wp\/v2\/product"}],"about":[{"href":"https:\/\/singuli.wpress.me\/index.php\/wp-json\/wp\/v2\/types\/product"}],"version-history":[{"count":0,"href":"https:\/\/singuli.wpress.me\/index.php\/wp-json\/wp\/v2\/product\/39811\/revisions"}],"wp:featuredmedia":[{"embeddable":true,"href":"https:\/\/singuli.wpress.me\/index.php\/wp-json\/wp\/v2\/media\/39812"}],"wp:attachment":[{"href":"https:\/\/singuli.wpress.me\/index.php\/wp-json\/wp\/v2\/media?parent=39811"}],"wp:term":[{"taxonomy":"product_brand","embeddable":true,"href":"https:\/\/singuli.wpress.me\/index.php\/wp-json\/wp\/v2\/product_brand?post=39811"},{"taxonomy":"product_cat","embeddable":true,"href":"https:\/\/singuli.wpress.me\/index.php\/wp-json\/wp\/v2\/product_cat?post=39811"},{"taxonomy":"product_tag","embeddable":true,"href":"https:\/\/singuli.wpress.me\/index.php\/wp-json\/wp\/v2\/product_tag?post=39811"}],"curies":[{"name":"wp","href":"https:\/\/api.w.org\/{rel}","templated":true}]}}