{"id":39818,"date":"2026-04-19T02:27:18","date_gmt":"2026-04-19T02:27:18","guid":{"rendered":"https:\/\/singuli.wpress.me\/index.php\/proizvod\/helix-ultra-ect-ah-0w30-c2-c3-motorno-ulje-za-osobna-vozila-12x1l-12-l\/"},"modified":"2026-04-20T12:33:29","modified_gmt":"2026-04-20T12:33:29","slug":"helix-ultra-ect-ah-0w30-c2-c3-motorno-ulje-za-osobna-vozila-12x1l-12-l","status":"publish","type":"product","link":"https:\/\/singuli.wpress.me\/index.php\/proizvod\/helix-ultra-ect-ah-0w30-c2-c3-motorno-ulje-za-osobna-vozila-12x1l-12-l\/","title":{"rendered":"HELIX ULTRA ECT AH 0W30 C2 C3, motorno ulje za osobna vozila, 12x1l, 12\u00a0l"},"content":{"rendered":"<p><span style=\"font-weight: bold\">Shell Helix Ultra ECT AH<\/span> je vrhunsko motorno ulje, isklju\u010divo preporu\u010deno od proizvo\u0111a\u010da automobila Hyundai.<br \/>\n<span style=\"font-weight: bold\">Shell Helix Ultra ECT C2\/C3<\/span> je potpuno sinteti\u010dko motorno ulje koje koristi Shellovu naprednu tehnologiju kompatibilnu s emisijama za low SAPS ulja (ulja s niskim udjelom sulfatnog pepela, sumpora i fosfora) te tako \u0161titi ispu\u0161ne sustave odr\u017eavaju\u0107i filtere krutih \u010destica (DPF) \u010distim kao i katalizatore benzinskih motora, \u0161titi ih od naslaga koje mogu uzrokovati za\u010depljenje ispu\u0161nog sustava i smanjiti performanse motora.<\/p>\n<p><span style=\"font-weight: bold\">Specifikacije<\/span>: ACEA C2, C3, API SN<\/p>\n","protected":false},"excerpt":{"rendered":"<p>Shell Helix Ultra ECT AH je vrhunsko motorno ulje<br \/>\nShell Helix Ultra ECT C2\/C3 je potpuno sinteti\u010dko motorno ulje<br \/>\nNapredna Shellova tehnologija<\/p>\n","protected":false},"featured_media":39819,"template":"","meta":{"_seopress_robots_primary_cat":"","_seopress_titles_title":"","_seopress_titles_desc":"","_seopress_robots_index":"","iawp_total_views":0},"product_brand":[398],"product_cat":[243,272],"product_tag":[],"class_list":{"0":"post-39818","1":"product","2":"type-product","3":"status-publish","4":"has-post-thumbnail","6":"product_brand-helix","7":"product_cat-automobili-i-motori","8":"product_cat-motorna-ulja-243","10":"first","11":"instock","12":"shipping-taxable","13":"purchasable","14":"product-type-simple"},"_links":{"self":[{"href":"https:\/\/singuli.wpress.me\/index.php\/wp-json\/wp\/v2\/product\/39818","targetHints":{"allow":["GET"]}}],"collection":[{"href":"https:\/\/singuli.wpress.me\/index.php\/wp-json\/wp\/v2\/product"}],"about":[{"href":"https:\/\/singuli.wpress.me\/index.php\/wp-json\/wp\/v2\/types\/product"}],"version-history":[{"count":0,"href":"https:\/\/singuli.wpress.me\/index.php\/wp-json\/wp\/v2\/product\/39818\/revisions"}],"wp:featuredmedia":[{"embeddable":true,"href":"https:\/\/singuli.wpress.me\/index.php\/wp-json\/wp\/v2\/media\/39819"}],"wp:attachment":[{"href":"https:\/\/singuli.wpress.me\/index.php\/wp-json\/wp\/v2\/media?parent=39818"}],"wp:term":[{"taxonomy":"product_brand","embeddable":true,"href":"https:\/\/singuli.wpress.me\/index.php\/wp-json\/wp\/v2\/product_brand?post=39818"},{"taxonomy":"product_cat","embeddable":true,"href":"https:\/\/singuli.wpress.me\/index.php\/wp-json\/wp\/v2\/product_cat?post=39818"},{"taxonomy":"product_tag","embeddable":true,"href":"https:\/\/singuli.wpress.me\/index.php\/wp-json\/wp\/v2\/product_tag?post=39818"}],"curies":[{"name":"wp","href":"https:\/\/api.w.org\/{rel}","templated":true}]}}