{"id":39833,"date":"2026-04-19T02:27:23","date_gmt":"2026-04-19T02:27:23","guid":{"rendered":"https:\/\/singuli.wpress.me\/index.php\/proizvod\/always-infinity-normal-higijenski-ulosci-12-kom\/"},"modified":"2026-04-20T12:33:29","modified_gmt":"2026-04-20T12:33:29","slug":"always-infinity-normal-higijenski-ulosci-12-kom","status":"publish","type":"product","link":"https:\/\/singuli.wpress.me\/index.php\/proizvod\/always-infinity-normal-higijenski-ulosci-12-kom\/","title":{"rendered":"ALWAYS Infinity Normal, higijenski ulo\u0161ci, 12\u00a0kom"},"content":{"rendered":"<p>Higijenski ulo\u0161ci Always Infinity normalni (Size 1) s krilcima prvi su higijenski ulo\u0161ci s prilagodljivim pametnim pjenastim materijalom SmartFoam na svijetu. Upijaju 10x vi\u0161e od svoje te\u017eine. Posebna pjenasta jezgra prilago\u0111ava se va\u0161em tijelu poput memorijske pjene tako da ulo\u017eak gotovo ni ne osjetite. Mikrorupice povla\u010de teku\u0107inu duboko u ulo\u017eak za osje\u0107aj suho\u0107e, a kanali \u0161tite od curenja i omogu\u0107avaju fleksibilnost. Isprobajte Always Infinity Night (veli\u010dinu 3) za vrhunsku za\u0161titu tijekom no\u0107i.<\/p>\n","protected":false},"excerpt":{"rendered":"<p>Jezgra koja upija i zadr\u017eava teku\u0107inu.<br \/>\nKrilca za za\u0161titu bo\u010dnih dijelova rublja.<br \/>\nVeli\u010dina idealna za dane sa slabim krvarenjem<\/p>\n","protected":false},"featured_media":39834,"template":"","meta":{"_seopress_robots_primary_cat":"","_seopress_titles_title":"","_seopress_titles_desc":"","_seopress_robots_index":"","iawp_total_views":0},"product_brand":[449],"product_cat":[211,288],"product_tag":[],"class_list":{"0":"post-39833","1":"product","2":"type-product","3":"status-publish","4":"has-post-thumbnail","6":"product_brand-always","7":"product_cat-njega-majke-i-djeteta","8":"product_cat-zenska-higijena-211","10":"first","11":"outofstock","12":"shipping-taxable","13":"purchasable","14":"product-type-simple"},"_links":{"self":[{"href":"https:\/\/singuli.wpress.me\/index.php\/wp-json\/wp\/v2\/product\/39833","targetHints":{"allow":["GET"]}}],"collection":[{"href":"https:\/\/singuli.wpress.me\/index.php\/wp-json\/wp\/v2\/product"}],"about":[{"href":"https:\/\/singuli.wpress.me\/index.php\/wp-json\/wp\/v2\/types\/product"}],"version-history":[{"count":0,"href":"https:\/\/singuli.wpress.me\/index.php\/wp-json\/wp\/v2\/product\/39833\/revisions"}],"wp:featuredmedia":[{"embeddable":true,"href":"https:\/\/singuli.wpress.me\/index.php\/wp-json\/wp\/v2\/media\/39834"}],"wp:attachment":[{"href":"https:\/\/singuli.wpress.me\/index.php\/wp-json\/wp\/v2\/media?parent=39833"}],"wp:term":[{"taxonomy":"product_brand","embeddable":true,"href":"https:\/\/singuli.wpress.me\/index.php\/wp-json\/wp\/v2\/product_brand?post=39833"},{"taxonomy":"product_cat","embeddable":true,"href":"https:\/\/singuli.wpress.me\/index.php\/wp-json\/wp\/v2\/product_cat?post=39833"},{"taxonomy":"product_tag","embeddable":true,"href":"https:\/\/singuli.wpress.me\/index.php\/wp-json\/wp\/v2\/product_tag?post=39833"}],"curies":[{"name":"wp","href":"https:\/\/api.w.org\/{rel}","templated":true}]}}