{"id":39835,"date":"2026-04-19T02:27:23","date_gmt":"2026-04-19T02:27:23","guid":{"rendered":"https:\/\/singuli.wpress.me\/index.php\/proizvod\/tomy-igracka-veseli-likovi\/"},"modified":"2026-04-21T00:27:01","modified_gmt":"2026-04-21T00:27:01","slug":"tomy-igracka-veseli-likovi","status":"publish","type":"product","link":"https:\/\/singuli.wpress.me\/index.php\/proizvod\/tomy-igracka-veseli-likovi\/","title":{"rendered":"TOMY, igra\u010dka, veseli likovi"},"content":{"rendered":"<p>Ovi super slatki likovi savr\u0161eni su poklon za male ljubitelje glazbe.<\/p>\n<p>Jednostavno puhnite u stra\u017enji dio glave da biste \u010duli njihov zvuk.<\/p>\n<p>Izvucite nogice da vidite kako stoje, a zatim ih protresite da \u010dujete njihovo zveckanje!<\/p>\n<p>U sortu dolaze pingvin, pile i papiga.<\/p>\n<p>Kojeg \u0107e\u0161 ti dobiti? <\/p>\n<p>Dob: 18mj +<\/p>\n<p>Igra\u010dka dolazi u vi\u0161e razli\u010ditih modela, a isporuka ovisi o njihovoj trenutnoj raspolo\u017eivosti. <\/p>\n","protected":false},"excerpt":{"rendered":"<p>Savr\u0161en poklon za male ljubitelje glazbe<br \/>\nIgra\u010dka dolazi u vi\u0161e razli\u010ditih modela<br \/>\nDob: 18 mjeseci +<\/p>\n","protected":false},"featured_media":39836,"template":"","meta":{"_seopress_robots_primary_cat":"","_seopress_titles_title":"","_seopress_titles_desc":"","_seopress_robots_index":"","iawp_total_views":0},"product_brand":[487],"product_cat":[221,291],"product_tag":[],"class_list":{"0":"post-39835","1":"product","2":"type-product","3":"status-publish","4":"has-post-thumbnail","6":"product_brand-tomy","7":"product_cat-igracke","8":"product_cat-igracke-za-djecu-221","10":"first","11":"outofstock","12":"shipping-taxable","13":"purchasable","14":"product-type-simple"},"_links":{"self":[{"href":"https:\/\/singuli.wpress.me\/index.php\/wp-json\/wp\/v2\/product\/39835","targetHints":{"allow":["GET"]}}],"collection":[{"href":"https:\/\/singuli.wpress.me\/index.php\/wp-json\/wp\/v2\/product"}],"about":[{"href":"https:\/\/singuli.wpress.me\/index.php\/wp-json\/wp\/v2\/types\/product"}],"version-history":[{"count":0,"href":"https:\/\/singuli.wpress.me\/index.php\/wp-json\/wp\/v2\/product\/39835\/revisions"}],"wp:featuredmedia":[{"embeddable":true,"href":"https:\/\/singuli.wpress.me\/index.php\/wp-json\/wp\/v2\/media\/39836"}],"wp:attachment":[{"href":"https:\/\/singuli.wpress.me\/index.php\/wp-json\/wp\/v2\/media?parent=39835"}],"wp:term":[{"taxonomy":"product_brand","embeddable":true,"href":"https:\/\/singuli.wpress.me\/index.php\/wp-json\/wp\/v2\/product_brand?post=39835"},{"taxonomy":"product_cat","embeddable":true,"href":"https:\/\/singuli.wpress.me\/index.php\/wp-json\/wp\/v2\/product_cat?post=39835"},{"taxonomy":"product_tag","embeddable":true,"href":"https:\/\/singuli.wpress.me\/index.php\/wp-json\/wp\/v2\/product_tag?post=39835"}],"curies":[{"name":"wp","href":"https:\/\/api.w.org\/{rel}","templated":true}]}}