{"id":39864,"date":"2026-04-19T02:27:35","date_gmt":"2026-04-19T02:27:35","guid":{"rendered":"https:\/\/singuli.wpress.me\/index.php\/proizvod\/jar-lemon-tekuci-deterdzent-za-pranje-suda-900-ml\/"},"modified":"2026-04-21T00:27:01","modified_gmt":"2026-04-21T00:27:01","slug":"jar-lemon-tekuci-deterdzent-za-pranje-suda-900-ml","status":"publish","type":"product","link":"https:\/\/singuli.wpress.me\/index.php\/proizvod\/jar-lemon-tekuci-deterdzent-za-pranje-suda-900-ml\/","title":{"rendered":"JAR Lemon, teku\u0107i deterd\u017eent za pranje su\u0111a, 900\u00a0ml"},"content":{"rendered":"<p>Svaka kapljica deterd\u017eenta Jar Lemon pru\u017ea izuzetno dugotrajnu snagu \u010di\u0161\u0107enja kakvu i o\u010dekujete. <\/p>\n<p>Njegova koncentrirana formula u trenu otapa masno\u0107e i posu\u0111e ostavlja blistavo \u010distim. U\u010dinkovit je kod 100% vrsta masno\u0107a od hrane. <\/p>\n<p>Teku\u0107i deterd\u017eent za pranje posu\u0111a Jar Original toliko je koncentriran da je dovoljna samo jedna kapljica za besprijekoran u\u010dinak: bez namakanja, bez masno\u0107e, bez gnjava\u017ee.<\/p>\n","protected":false},"excerpt":{"rendered":"<p>Sna\u017eno uklanjanje masno\u0107e, puno aktivne pjene, dugotrajna sapunasta pjena<br \/>\nSna\u017ena formula Jara s lako\u0107om uklanja masno\u0107u sa svih vrsta posu\u0111a<br \/>\nTraje do 3 puta dulje nego \u0161to o\u010dekujete<\/p>\n","protected":false},"featured_media":39865,"template":"","meta":{"_seopress_robots_primary_cat":"","_seopress_titles_title":"","_seopress_titles_desc":"","_seopress_robots_index":"","iawp_total_views":0},"product_brand":[454],"product_cat":[314,238],"product_tag":[],"class_list":{"0":"post-39864","1":"product","2":"type-product","3":"status-publish","4":"has-post-thumbnail","6":"product_brand-jar","7":"product_cat-pranje-posuda-238","8":"product_cat-sve-za-dom","10":"first","11":"instock","12":"shipping-taxable","13":"purchasable","14":"product-type-simple"},"_links":{"self":[{"href":"https:\/\/singuli.wpress.me\/index.php\/wp-json\/wp\/v2\/product\/39864","targetHints":{"allow":["GET"]}}],"collection":[{"href":"https:\/\/singuli.wpress.me\/index.php\/wp-json\/wp\/v2\/product"}],"about":[{"href":"https:\/\/singuli.wpress.me\/index.php\/wp-json\/wp\/v2\/types\/product"}],"version-history":[{"count":0,"href":"https:\/\/singuli.wpress.me\/index.php\/wp-json\/wp\/v2\/product\/39864\/revisions"}],"wp:featuredmedia":[{"embeddable":true,"href":"https:\/\/singuli.wpress.me\/index.php\/wp-json\/wp\/v2\/media\/39865"}],"wp:attachment":[{"href":"https:\/\/singuli.wpress.me\/index.php\/wp-json\/wp\/v2\/media?parent=39864"}],"wp:term":[{"taxonomy":"product_brand","embeddable":true,"href":"https:\/\/singuli.wpress.me\/index.php\/wp-json\/wp\/v2\/product_brand?post=39864"},{"taxonomy":"product_cat","embeddable":true,"href":"https:\/\/singuli.wpress.me\/index.php\/wp-json\/wp\/v2\/product_cat?post=39864"},{"taxonomy":"product_tag","embeddable":true,"href":"https:\/\/singuli.wpress.me\/index.php\/wp-json\/wp\/v2\/product_tag?post=39864"}],"curies":[{"name":"wp","href":"https:\/\/api.w.org\/{rel}","templated":true}]}}