{"id":39879,"date":"2026-04-19T02:27:38","date_gmt":"2026-04-19T02:27:38","guid":{"rendered":"https:\/\/singuli.wpress.me\/index.php\/proizvod\/laica-light-graffiti-vrc-zlatni\/"},"modified":"2026-04-21T00:27:01","modified_gmt":"2026-04-21T00:27:01","slug":"laica-light-graffiti-vrc-zlatni","status":"publish","type":"product","link":"https:\/\/singuli.wpress.me\/index.php\/proizvod\/laica-light-graffiti-vrc-zlatni\/","title":{"rendered":"LAICA Light Graffiti, vr\u010d, zlatni"},"content":{"rendered":"<p>Crna boja nikada nije izgledala ovako blistavo!<\/p>\n<p>Prednosti:<br \/>\n&#8211; Jednostavnost i prakti\u010dnost: voda je uvijek spremna za va\u0161e tople i hladne napitke, kao i za pripremu hrane. Ne trebate vi\u0161e nositi te\u0161ke boce.<br \/>\n&#8211; Isplativost:\u00a0jedan filter dostatan je za mjesec dana filtrirane vode (maksimalno 150 litara).<br \/>\n&#8211; Okus:\u00a0filtrirana voda zna\u010dajno pobolj\u0161ava okus i izgled hrane te toplih i hladnih napitaka.<br \/>\n&#8211; Dobro za okoli\u0161:\u00a0zna\u010dajno smanjuje broj kori\u0161tenih i odlo\u017eenih plasti\u010dnih boca.<\/p>\n","protected":false},"excerpt":{"rendered":"<p>Ergonomska dr\u0161ka<br \/>\nProtuklizna gumena baza<br \/>\nSustav flow\u201cn\u201dgo za automatsko ulijevanje izravno kroz poklopac<\/p>\n","protected":false},"featured_media":39880,"template":"","meta":{"_seopress_robots_primary_cat":"","_seopress_titles_title":"","_seopress_titles_desc":"","_seopress_robots_index":"","iawp_total_views":0},"product_brand":[148],"product_cat":[274,238],"product_tag":[],"class_list":{"0":"post-39879","1":"product","2":"type-product","3":"status-publish","4":"has-post-thumbnail","6":"product_brand-laica","7":"product_cat-kucanski-pribor-238","8":"product_cat-sve-za-dom","10":"first","11":"outofstock","12":"shipping-taxable","13":"purchasable","14":"product-type-simple"},"_links":{"self":[{"href":"https:\/\/singuli.wpress.me\/index.php\/wp-json\/wp\/v2\/product\/39879","targetHints":{"allow":["GET"]}}],"collection":[{"href":"https:\/\/singuli.wpress.me\/index.php\/wp-json\/wp\/v2\/product"}],"about":[{"href":"https:\/\/singuli.wpress.me\/index.php\/wp-json\/wp\/v2\/types\/product"}],"version-history":[{"count":0,"href":"https:\/\/singuli.wpress.me\/index.php\/wp-json\/wp\/v2\/product\/39879\/revisions"}],"wp:featuredmedia":[{"embeddable":true,"href":"https:\/\/singuli.wpress.me\/index.php\/wp-json\/wp\/v2\/media\/39880"}],"wp:attachment":[{"href":"https:\/\/singuli.wpress.me\/index.php\/wp-json\/wp\/v2\/media?parent=39879"}],"wp:term":[{"taxonomy":"product_brand","embeddable":true,"href":"https:\/\/singuli.wpress.me\/index.php\/wp-json\/wp\/v2\/product_brand?post=39879"},{"taxonomy":"product_cat","embeddable":true,"href":"https:\/\/singuli.wpress.me\/index.php\/wp-json\/wp\/v2\/product_cat?post=39879"},{"taxonomy":"product_tag","embeddable":true,"href":"https:\/\/singuli.wpress.me\/index.php\/wp-json\/wp\/v2\/product_tag?post=39879"}],"curies":[{"name":"wp","href":"https:\/\/api.w.org\/{rel}","templated":true}]}}