{"id":39882,"date":"2026-04-19T02:27:39","date_gmt":"2026-04-19T02:27:39","guid":{"rendered":"https:\/\/singuli.wpress.me\/index.php\/proizvod\/advance-4t-ax7-15w50-motorno-ulje-za-cetverotaktne-motocikle-20-l\/"},"modified":"2026-04-20T12:33:29","modified_gmt":"2026-04-20T12:33:29","slug":"advance-4t-ax7-15w50-motorno-ulje-za-cetverotaktne-motocikle-20-l","status":"publish","type":"product","link":"https:\/\/singuli.wpress.me\/index.php\/proizvod\/advance-4t-ax7-15w50-motorno-ulje-za-cetverotaktne-motocikle-20-l\/","title":{"rendered":"ADVANCE 4T AX7 15W50, motorno ulje za \u010detverotaktne motocikle, 20\u00a0l"},"content":{"rendered":"<p>Sinteti\u010dko motorno ulje za 4-taktne motocikle. <br \/>\nZahtjevnim motorima pru\u017ea odli\u010dna uljna svojstva, visoku snagu i zakretni moment pod te\u0161kim radnim uvjetima. Voza\u010dima pru\u017ea u\u017eitak i uzbu\u0111enje napredne i udobne vo\u017enje. Shell Advance R.C.E. tehnologija poma\u017ee Va\u0161em motociklu dosti\u0107i njegov puni potencijal, omogu\u0107uju\u0107i odli\u010dne reakcije na va\u0161e upravljanje. <br \/>\nR.C.E. tehnologija je namijenjena pru\u017eanju:  <br \/>\n1. Pove\u0107ane pouzdanosti performansi ulja odstranjivanjem taloga i odr\u017eavanje viskoznosti ulja za superiornu za\u0161titu motora. <br \/>\n2. Naprednog upravljanja motorom ugla\u0111ivanjem pokretna kva\u010dila i spre\u010davanjem klizanja <br \/>\n3. Ugodne vo\u017enje smanjenjem vibracija i prigu\u0161enjem buke motora.<\/p>\n<p><span style=\"font-weight: bold\">Specifikacija: <\/span>API SL, JASO MA2.<\/p>\n","protected":false},"excerpt":{"rendered":"<p>Motorno ulje za 4-taktne motocikle<br \/>\nOdstranjuje talog i odr\u017eava viskoznost<br \/>\nSmanjuje vibracije i prigu\u0161uje buku motora<\/p>\n","protected":false},"featured_media":39883,"template":"","meta":{"_seopress_robots_primary_cat":"","_seopress_titles_title":"","_seopress_titles_desc":"","_seopress_robots_index":"","iawp_total_views":0},"product_brand":[829],"product_cat":[243,272],"product_tag":[],"class_list":{"0":"post-39882","1":"product","2":"type-product","3":"status-publish","4":"has-post-thumbnail","6":"product_brand-advance","7":"product_cat-automobili-i-motori","8":"product_cat-motorna-ulja-243","10":"first","11":"outofstock","12":"shipping-taxable","13":"purchasable","14":"product-type-simple"},"_links":{"self":[{"href":"https:\/\/singuli.wpress.me\/index.php\/wp-json\/wp\/v2\/product\/39882","targetHints":{"allow":["GET"]}}],"collection":[{"href":"https:\/\/singuli.wpress.me\/index.php\/wp-json\/wp\/v2\/product"}],"about":[{"href":"https:\/\/singuli.wpress.me\/index.php\/wp-json\/wp\/v2\/types\/product"}],"version-history":[{"count":0,"href":"https:\/\/singuli.wpress.me\/index.php\/wp-json\/wp\/v2\/product\/39882\/revisions"}],"wp:featuredmedia":[{"embeddable":true,"href":"https:\/\/singuli.wpress.me\/index.php\/wp-json\/wp\/v2\/media\/39883"}],"wp:attachment":[{"href":"https:\/\/singuli.wpress.me\/index.php\/wp-json\/wp\/v2\/media?parent=39882"}],"wp:term":[{"taxonomy":"product_brand","embeddable":true,"href":"https:\/\/singuli.wpress.me\/index.php\/wp-json\/wp\/v2\/product_brand?post=39882"},{"taxonomy":"product_cat","embeddable":true,"href":"https:\/\/singuli.wpress.me\/index.php\/wp-json\/wp\/v2\/product_cat?post=39882"},{"taxonomy":"product_tag","embeddable":true,"href":"https:\/\/singuli.wpress.me\/index.php\/wp-json\/wp\/v2\/product_tag?post=39882"}],"curies":[{"name":"wp","href":"https:\/\/api.w.org\/{rel}","templated":true}]}}