{"id":39884,"date":"2026-04-19T02:27:39","date_gmt":"2026-04-19T02:27:39","guid":{"rendered":"https:\/\/singuli.wpress.me\/index.php\/proizvod\/games-drustvena-igra-uno-flip\/"},"modified":"2026-04-20T12:33:29","modified_gmt":"2026-04-20T12:33:29","slug":"games-drustvena-igra-uno-flip","status":"publish","type":"product","link":"https:\/\/singuli.wpress.me\/index.php\/proizvod\/games-drustvena-igra-uno-flip\/","title":{"rendered":"GAMES, dru\u0161tvena igra, Uno Flip"},"content":{"rendered":"<p>Pripremite se za novu verziju UNO karata: UNO FLIP!<\/p>\n<p>UNO FLIP se igra kao i &#8221;obi\u010dan&#8221; UNO, ali s dodatnim zanimljivim obratom &#8211; dvostranim \u0161pilom karata, specijalnom FLIP kartom i stro\u017eim kaznama &#8211; \u0161to daje igri dodatnu zanimljivost i natjecateljsku dra\u017e.<\/p>\n<p>Postoji svijetla strana karata, koja se igra kao klasi\u010dni UNO i tamna strana s ja\u010dim kaznama.<\/p>\n<p>Po\u010dinje se igrati sa svijetlom stranom, ali kada netko odigra FLIP kartu, \u0161pil se preokre\u0107e na drugu stranu i svi moraju igrati kartama, koje su na tamnoj strani.<\/p>\n<p>Igra\u010di moraju igrati s tamnom stranom karata dok netko ponovno ne odigra drugu FLIP kartu \u2013 tada se igra vra\u0107a na svijetlu stranu i tako dok netko ne odigra sve karte u rukama, \u010dime \u0107e zavr\u0161iti igru.<\/p>\n","protected":false},"excerpt":{"rendered":"<p>Nova verzija Una<br \/>\nZanimljivi obrati u igri<br \/>\nDodatne zanimljivosti i natjecateljska dra\u017e<\/p>\n","protected":false},"featured_media":39885,"template":"","meta":{"_seopress_robots_primary_cat":"","_seopress_titles_title":"","_seopress_titles_desc":"","_seopress_robots_index":"","iawp_total_views":0},"product_brand":[390],"product_cat":[290,221],"product_tag":[],"class_list":{"0":"post-39884","1":"product","2":"type-product","3":"status-publish","4":"has-post-thumbnail","6":"product_brand-games","7":"product_cat-drustvene-igre-221","8":"product_cat-igracke","10":"first","11":"instock","12":"shipping-taxable","13":"purchasable","14":"product-type-simple"},"_links":{"self":[{"href":"https:\/\/singuli.wpress.me\/index.php\/wp-json\/wp\/v2\/product\/39884","targetHints":{"allow":["GET"]}}],"collection":[{"href":"https:\/\/singuli.wpress.me\/index.php\/wp-json\/wp\/v2\/product"}],"about":[{"href":"https:\/\/singuli.wpress.me\/index.php\/wp-json\/wp\/v2\/types\/product"}],"version-history":[{"count":0,"href":"https:\/\/singuli.wpress.me\/index.php\/wp-json\/wp\/v2\/product\/39884\/revisions"}],"wp:featuredmedia":[{"embeddable":true,"href":"https:\/\/singuli.wpress.me\/index.php\/wp-json\/wp\/v2\/media\/39885"}],"wp:attachment":[{"href":"https:\/\/singuli.wpress.me\/index.php\/wp-json\/wp\/v2\/media?parent=39884"}],"wp:term":[{"taxonomy":"product_brand","embeddable":true,"href":"https:\/\/singuli.wpress.me\/index.php\/wp-json\/wp\/v2\/product_brand?post=39884"},{"taxonomy":"product_cat","embeddable":true,"href":"https:\/\/singuli.wpress.me\/index.php\/wp-json\/wp\/v2\/product_cat?post=39884"},{"taxonomy":"product_tag","embeddable":true,"href":"https:\/\/singuli.wpress.me\/index.php\/wp-json\/wp\/v2\/product_tag?post=39884"}],"curies":[{"name":"wp","href":"https:\/\/api.w.org\/{rel}","templated":true}]}}