{"id":39890,"date":"2026-04-19T02:27:42","date_gmt":"2026-04-19T02:27:42","guid":{"rendered":"https:\/\/singuli.wpress.me\/index.php\/proizvod\/gillette-venus-3-simply-jednokratne-britvice-12-kom\/"},"modified":"2026-04-20T12:33:29","modified_gmt":"2026-04-20T12:33:29","slug":"gillette-venus-3-simply-jednokratne-britvice-12-kom","status":"publish","type":"product","link":"https:\/\/singuli.wpress.me\/index.php\/proizvod\/gillette-venus-3-simply-jednokratne-britvice-12-kom\/","title":{"rendered":"GILLETTE Venus 3 Simply, jednokratne britvice, 12\u00a0kom"},"content":{"rendered":"<p>Jednokratna \u017eenska britvica Gillette Simply Venus 3 ima 3 o\u0161trice za temeljitije brijanje s manje posjekotina (u odnosu na Simply Venus 2). <\/p>\n<p>Trakica MoistureRich pobolj\u0161ava klizanje po ko\u017ei, dok za\u0161titna mikrokrilca poma\u017eu u za\u0161titi ko\u017ee od zareza i posjekotina.<\/p>\n","protected":false},"excerpt":{"rendered":"<p>Mikrokrilca \u0161tite ko\u017eu od zareza i posjekotina<br \/>\nVrlo sigurna i prakti\u010dna dr\u0161ka<br \/>\nMoistureRich trakica pobolj\u0161ava klizanje po ko\u017ei<\/p>\n","protected":false},"featured_media":39891,"template":"","meta":{"_seopress_robots_primary_cat":"","_seopress_titles_title":"","_seopress_titles_desc":"","_seopress_robots_index":"","iawp_total_views":0},"product_brand":[323],"product_cat":[266,265,160],"product_tag":[],"class_list":{"0":"post-39890","1":"product","2":"type-product","3":"status-publish","4":"has-post-thumbnail","6":"product_brand-gillette","7":"product_cat-aparati-za-kuhanje-265","8":"product_cat-kuhinjski-aparati-160","9":"product_cat-mali-kucanski-aparati","11":"first","12":"outofstock","13":"shipping-taxable","14":"purchasable","15":"product-type-simple"},"_links":{"self":[{"href":"https:\/\/singuli.wpress.me\/index.php\/wp-json\/wp\/v2\/product\/39890","targetHints":{"allow":["GET"]}}],"collection":[{"href":"https:\/\/singuli.wpress.me\/index.php\/wp-json\/wp\/v2\/product"}],"about":[{"href":"https:\/\/singuli.wpress.me\/index.php\/wp-json\/wp\/v2\/types\/product"}],"version-history":[{"count":0,"href":"https:\/\/singuli.wpress.me\/index.php\/wp-json\/wp\/v2\/product\/39890\/revisions"}],"wp:featuredmedia":[{"embeddable":true,"href":"https:\/\/singuli.wpress.me\/index.php\/wp-json\/wp\/v2\/media\/39891"}],"wp:attachment":[{"href":"https:\/\/singuli.wpress.me\/index.php\/wp-json\/wp\/v2\/media?parent=39890"}],"wp:term":[{"taxonomy":"product_brand","embeddable":true,"href":"https:\/\/singuli.wpress.me\/index.php\/wp-json\/wp\/v2\/product_brand?post=39890"},{"taxonomy":"product_cat","embeddable":true,"href":"https:\/\/singuli.wpress.me\/index.php\/wp-json\/wp\/v2\/product_cat?post=39890"},{"taxonomy":"product_tag","embeddable":true,"href":"https:\/\/singuli.wpress.me\/index.php\/wp-json\/wp\/v2\/product_tag?post=39890"}],"curies":[{"name":"wp","href":"https:\/\/api.w.org\/{rel}","templated":true}]}}