{"id":39892,"date":"2026-04-19T02:27:42","date_gmt":"2026-04-19T02:27:42","guid":{"rendered":"https:\/\/singuli.wpress.me\/index.php\/proizvod\/morlina-s2-bl-10-ulje-za-lezajeve-i-cirkulacijsko-ulje-20-l\/"},"modified":"2026-04-20T12:33:29","modified_gmt":"2026-04-20T12:33:29","slug":"morlina-s2-bl-10-ulje-za-lezajeve-i-cirkulacijsko-ulje-20-l","status":"publish","type":"product","link":"https:\/\/singuli.wpress.me\/index.php\/proizvod\/morlina-s2-bl-10-ulje-za-lezajeve-i-cirkulacijsko-ulje-20-l\/","title":{"rendered":"MORLINA S2 BL 10, ulje za le\u017eajeve i cirkulacijsko ulje, 20\u00a0l"},"content":{"rendered":"<p><p><span style=\"font-weight: bold\">Cirkulacijsko ulje Shell Morlina S2 BL<\/span> su proizvedena solventnom rafinacijom, ulja niskog viskoziteta i aditivirana bezpepelnim aditivima kako bi pru\u017eila bolje performanse u vretenima velikog broja okretaja kakva se nalaze u strojevima za obradu metala. Formulirani su s dokazanim paketom inhibitora hr\u0111e i oksidacije koji pru\u017ea visoku otpornost na oksidaciju, osobito u vru\u0107im i vla\u017enim okru\u017eenjima. Tako\u0111er su vrlo otporni na razgradnju od metalnih katalizatora, kao \u0161to je bakar.<\/p>\n<p><span style=\"font-weight: bold\">Specifikacija: <\/span>Fives Cincinnati P-65 (ISO VG 2), Fives Cincinnati P-62 (ISO VG 5, 10).<\/p>\n<p><span style=\"font-weight: bold\">Sigurnosno upozorenje:<\/span><\/p>\n<p><img decoding=\"async\" src=\"https:\/\/prod-minio-orbico.nd0.pl\/orbico.ohr\/Piktogrami\/Zdravlje.png\" alt=\"Zdravlje\" style=\"max-width: 10%;height: auto\">\n<\/p>\n<p>&#8211; H304 &#8211;&nbsp;Mo\u017ee biti smrtonosno ako se proguta i u\u0111e u di\u0161ni sustav.<\/p>\n","protected":false},"excerpt":{"rendered":"<p>Ulje za le\u017eajeve i cirkulacijsko ulje<br \/>\nGas to Liquid tehnologija<br \/>\nOtporni na razgradnju od metalnih katalizatora<\/p>\n","protected":false},"featured_media":39893,"template":"","meta":{"_seopress_robots_primary_cat":"","_seopress_titles_title":"","_seopress_titles_desc":"","_seopress_robots_index":"","iawp_total_views":0},"product_brand":[755],"product_cat":[243,276],"product_tag":[],"class_list":{"0":"post-39892","1":"product","2":"type-product","3":"status-publish","4":"has-post-thumbnail","6":"product_brand-morlina","7":"product_cat-automobili-i-motori","8":"product_cat-industrijska-i-specijalna-ulja-243","10":"first","11":"instock","12":"shipping-taxable","13":"purchasable","14":"product-type-simple"},"_links":{"self":[{"href":"https:\/\/singuli.wpress.me\/index.php\/wp-json\/wp\/v2\/product\/39892","targetHints":{"allow":["GET"]}}],"collection":[{"href":"https:\/\/singuli.wpress.me\/index.php\/wp-json\/wp\/v2\/product"}],"about":[{"href":"https:\/\/singuli.wpress.me\/index.php\/wp-json\/wp\/v2\/types\/product"}],"version-history":[{"count":0,"href":"https:\/\/singuli.wpress.me\/index.php\/wp-json\/wp\/v2\/product\/39892\/revisions"}],"wp:featuredmedia":[{"embeddable":true,"href":"https:\/\/singuli.wpress.me\/index.php\/wp-json\/wp\/v2\/media\/39893"}],"wp:attachment":[{"href":"https:\/\/singuli.wpress.me\/index.php\/wp-json\/wp\/v2\/media?parent=39892"}],"wp:term":[{"taxonomy":"product_brand","embeddable":true,"href":"https:\/\/singuli.wpress.me\/index.php\/wp-json\/wp\/v2\/product_brand?post=39892"},{"taxonomy":"product_cat","embeddable":true,"href":"https:\/\/singuli.wpress.me\/index.php\/wp-json\/wp\/v2\/product_cat?post=39892"},{"taxonomy":"product_tag","embeddable":true,"href":"https:\/\/singuli.wpress.me\/index.php\/wp-json\/wp\/v2\/product_tag?post=39892"}],"curies":[{"name":"wp","href":"https:\/\/api.w.org\/{rel}","templated":true}]}}