{"id":39901,"date":"2026-04-19T02:27:45","date_gmt":"2026-04-19T02:27:45","guid":{"rendered":"https:\/\/singuli.wpress.me\/index.php\/proizvod\/df-motorno-ulje-super-eo-15w40-20-l\/"},"modified":"2026-04-20T12:33:29","modified_gmt":"2026-04-20T12:33:29","slug":"df-motorno-ulje-super-eo-15w40-20-l","status":"publish","type":"product","link":"https:\/\/singuli.wpress.me\/index.php\/proizvod\/df-motorno-ulje-super-eo-15w40-20-l\/","title":{"rendered":"DF, motorno ulje, SUPER EO 15W40, 20\u00a0l"},"content":{"rendered":"<p>Motorno ulje namijenjeno za te\u0161ko optere\u0107ene visokou\u010dinkovite moderne dizel motore s turbopunja\u010dima. Pogodno za upotrebu u poljoprivrednoj mehanizaciji koja je \u010desto izlo\u017eena start-stop uvjetima. Izvrsno sprije\u010dava stvaranje naslaga, osigurava za\u0161titu od tro\u0161enja dijelova motora koji su pod visokim optere\u0107enjem pri malim brzinama. Odlikuje ga odli\u010dna toplinska stabilnost, izvrsno neutralizira kisele produkte izgaranja i pri tome osigurava produ\u017eeni vijek ulja. Izvrstan izbor za aplikacije mje\u0161ovite flote vozila s te\u0161ko optere\u0107enim dizel motorima. <\/p>\n<p>Specifikacije i odobrenja: API: CI-4, CH-4, CG-4, CF-4, CF, ACEA: E7, E5, E3, Deutz: DQC III-11<\/p>\n","protected":false},"excerpt":{"rendered":"<p>Namijenjeno za te\u0161ko optere\u0107ene visokou\u010dinkovite moderne dizel motore s turbopunja\u010dima<br \/>\nOdlikuje ga odli\u010dna toplinska stabilnost, izvrsno neutralizira kisele produkte izgaranja i pri tome osigurava produ\u017eeni vijek ulja<br \/>\nPogodno za upotrebu u poljoprivrednoj mehanizaciji koja je \u010desto izlo\u017eena start-stop uvjetima.<\/p>\n","protected":false},"featured_media":39902,"template":"","meta":{"_seopress_robots_primary_cat":"","_seopress_titles_title":"","_seopress_titles_desc":"","_seopress_robots_index":"","iawp_total_views":0},"product_brand":[839],"product_cat":[243,276],"product_tag":[],"class_list":{"0":"post-39901","1":"product","2":"type-product","3":"status-publish","4":"has-post-thumbnail","6":"product_brand-df","7":"product_cat-automobili-i-motori","8":"product_cat-industrijska-i-specijalna-ulja-243","10":"first","11":"outofstock","12":"shipping-taxable","13":"purchasable","14":"product-type-simple"},"_links":{"self":[{"href":"https:\/\/singuli.wpress.me\/index.php\/wp-json\/wp\/v2\/product\/39901","targetHints":{"allow":["GET"]}}],"collection":[{"href":"https:\/\/singuli.wpress.me\/index.php\/wp-json\/wp\/v2\/product"}],"about":[{"href":"https:\/\/singuli.wpress.me\/index.php\/wp-json\/wp\/v2\/types\/product"}],"version-history":[{"count":0,"href":"https:\/\/singuli.wpress.me\/index.php\/wp-json\/wp\/v2\/product\/39901\/revisions"}],"wp:featuredmedia":[{"embeddable":true,"href":"https:\/\/singuli.wpress.me\/index.php\/wp-json\/wp\/v2\/media\/39902"}],"wp:attachment":[{"href":"https:\/\/singuli.wpress.me\/index.php\/wp-json\/wp\/v2\/media?parent=39901"}],"wp:term":[{"taxonomy":"product_brand","embeddable":true,"href":"https:\/\/singuli.wpress.me\/index.php\/wp-json\/wp\/v2\/product_brand?post=39901"},{"taxonomy":"product_cat","embeddable":true,"href":"https:\/\/singuli.wpress.me\/index.php\/wp-json\/wp\/v2\/product_cat?post=39901"},{"taxonomy":"product_tag","embeddable":true,"href":"https:\/\/singuli.wpress.me\/index.php\/wp-json\/wp\/v2\/product_tag?post=39901"}],"curies":[{"name":"wp","href":"https:\/\/api.w.org\/{rel}","templated":true}]}}