{"id":39920,"date":"2026-04-19T02:27:57","date_gmt":"2026-04-19T02:27:57","guid":{"rendered":"https:\/\/singuli.wpress.me\/index.php\/proizvod\/pampers-harmonie-aqua-vlazne-maramice-1-pakiranje-48-kom\/"},"modified":"2026-04-20T12:33:30","modified_gmt":"2026-04-20T12:33:30","slug":"pampers-harmonie-aqua-vlazne-maramice-1-pakiranje-48-kom","status":"publish","type":"product","link":"https:\/\/singuli.wpress.me\/index.php\/proizvod\/pampers-harmonie-aqua-vlazne-maramice-1-pakiranje-48-kom\/","title":{"rendered":"PAMPERS Harmonie Aqua, vla\u017ene maramice, 1 pakiranje, 48\u00a0kom"},"content":{"rendered":"<p>Osjetljiva ko\u017ea novoro\u0111en\u010deta vrlo je nje\u017ena i zaslu\u017euje nje\u017enu za\u0161titu, po\u010dev\u0161i s mijenjanjem pelena. Vla\u017ene maramice Pampers New Baby na najnje\u017eniji mogu\u0107i na\u010din njeguju osjetljivu ko\u017eu novoro\u0111en\u010deta i poma\u017eu je za\u0161tititi od iritacije. <\/p>\n<p>Enzimi u mokra\u0107i i stolici mijenjaju pH ko\u017ee i tako pove\u0107avaju rizik od iritacije i osipa. Sve vla\u017ene maramice Pampers sadr\u017ee jedinstvenu formulu koja \u0161titi prirodni pH ko\u017ee bolje od pamuka i vode, tako da je \u010dak i najnje\u017enija ko\u017ea \u010dista i za\u0161ti\u0107ena od iritacija. <\/p>\n<p>Vla\u017ene maramice Pampers New Baby dermatolo\u0161ki su ispitali i odobrili dermatolozi udru\u017eenja Skin Health Alliance. <\/p>\n<p>Budu\u0107i da su vla\u017ene maramice Pampers New Baby namijenjene upravo osjetljivoj dje\u010djoj ko\u017ei, ne sadr\u017ee alkohol, dodane mirise, boje.<\/p>\n","protected":false},"excerpt":{"rendered":"<p>Sadr\u017ee 99% vode za blago \u010di\u0161\u0107enje<br \/>\nJedinstvena formula s vrhunskim pamukom<br \/>\nIzra\u0111en od 100% biljnih vlakana s 0% plastike<\/p>\n","protected":false},"featured_media":39921,"template":"","meta":{"_seopress_robots_primary_cat":"","_seopress_titles_title":"","_seopress_titles_desc":"","_seopress_robots_index":"","iawp_total_views":0},"product_brand":[444],"product_cat":[268,278],"product_tag":[],"class_list":{"0":"post-39920","1":"product","2":"type-product","3":"status-publish","4":"has-post-thumbnail","6":"product_brand-pampers","7":"product_cat-kozmetika-2","8":"product_cat-njega-tijela-268","10":"first","11":"outofstock","12":"shipping-taxable","13":"purchasable","14":"product-type-simple"},"_links":{"self":[{"href":"https:\/\/singuli.wpress.me\/index.php\/wp-json\/wp\/v2\/product\/39920","targetHints":{"allow":["GET"]}}],"collection":[{"href":"https:\/\/singuli.wpress.me\/index.php\/wp-json\/wp\/v2\/product"}],"about":[{"href":"https:\/\/singuli.wpress.me\/index.php\/wp-json\/wp\/v2\/types\/product"}],"version-history":[{"count":0,"href":"https:\/\/singuli.wpress.me\/index.php\/wp-json\/wp\/v2\/product\/39920\/revisions"}],"wp:featuredmedia":[{"embeddable":true,"href":"https:\/\/singuli.wpress.me\/index.php\/wp-json\/wp\/v2\/media\/39921"}],"wp:attachment":[{"href":"https:\/\/singuli.wpress.me\/index.php\/wp-json\/wp\/v2\/media?parent=39920"}],"wp:term":[{"taxonomy":"product_brand","embeddable":true,"href":"https:\/\/singuli.wpress.me\/index.php\/wp-json\/wp\/v2\/product_brand?post=39920"},{"taxonomy":"product_cat","embeddable":true,"href":"https:\/\/singuli.wpress.me\/index.php\/wp-json\/wp\/v2\/product_cat?post=39920"},{"taxonomy":"product_tag","embeddable":true,"href":"https:\/\/singuli.wpress.me\/index.php\/wp-json\/wp\/v2\/product_tag?post=39920"}],"curies":[{"name":"wp","href":"https:\/\/api.w.org\/{rel}","templated":true}]}}