{"id":39931,"date":"2026-04-19T02:28:01","date_gmt":"2026-04-19T02:28:01","guid":{"rendered":"https:\/\/singuli.wpress.me\/index.php\/proizvod\/raid-mirisne-vrecice-protiv-moljaca-miris-lavande-1-kom-2\/"},"modified":"2026-04-20T12:33:30","modified_gmt":"2026-04-20T12:33:30","slug":"raid-mirisne-vrecice-protiv-moljaca-miris-lavande-1-kom-2","status":"publish","type":"product","link":"https:\/\/singuli.wpress.me\/index.php\/proizvod\/raid-mirisne-vrecice-protiv-moljaca-miris-lavande-1-kom-2\/","title":{"rendered":"RAID, mirisne vre\u0107ice, protiv moljaca, miris lavande, 1\u00a0kom"},"content":{"rendered":"<p>Raid\u00ae Mirisne vre\u0107ice sadr\u017ee 18 mirisnih vre\u0107ica koje ispu\u0161taju ugodan miris lavande do 2 mjeseca. <\/p>\n<p>Zahvaljuju\u0107i svom mikroperforiranom dizajnu i aktivnim granulama omogu\u0107avaju: kontinuirano i kontrolirano ispu\u0161tanje mirisa lavande do 2 mjeseca te direktan kontakt s tkaninom ili postavljanje u d\u017eepove, bez ostavljanja tragova ili o\u0161te\u0107ivanja odje\u0107e.<\/p>\n","protected":false},"excerpt":{"rendered":"<p>\u0160tite odje\u0107u i tkanine od moljaca<br \/>\nDjelovanje do 3 mjeseca<br \/>\nNe ostavljaju tragove na odje\u0107i<\/p>\n","protected":false},"featured_media":39932,"template":"","meta":{"_seopress_robots_primary_cat":"","_seopress_titles_title":"","_seopress_titles_desc":"","_seopress_robots_index":"","iawp_total_views":0},"product_brand":[457],"product_cat":[274,238],"product_tag":[],"class_list":{"0":"post-39931","1":"product","2":"type-product","3":"status-publish","4":"has-post-thumbnail","6":"product_brand-raid","7":"product_cat-kucanski-pribor-238","8":"product_cat-sve-za-dom","10":"first","11":"outofstock","12":"shipping-taxable","13":"purchasable","14":"product-type-simple"},"_links":{"self":[{"href":"https:\/\/singuli.wpress.me\/index.php\/wp-json\/wp\/v2\/product\/39931","targetHints":{"allow":["GET"]}}],"collection":[{"href":"https:\/\/singuli.wpress.me\/index.php\/wp-json\/wp\/v2\/product"}],"about":[{"href":"https:\/\/singuli.wpress.me\/index.php\/wp-json\/wp\/v2\/types\/product"}],"version-history":[{"count":0,"href":"https:\/\/singuli.wpress.me\/index.php\/wp-json\/wp\/v2\/product\/39931\/revisions"}],"wp:featuredmedia":[{"embeddable":true,"href":"https:\/\/singuli.wpress.me\/index.php\/wp-json\/wp\/v2\/media\/39932"}],"wp:attachment":[{"href":"https:\/\/singuli.wpress.me\/index.php\/wp-json\/wp\/v2\/media?parent=39931"}],"wp:term":[{"taxonomy":"product_brand","embeddable":true,"href":"https:\/\/singuli.wpress.me\/index.php\/wp-json\/wp\/v2\/product_brand?post=39931"},{"taxonomy":"product_cat","embeddable":true,"href":"https:\/\/singuli.wpress.me\/index.php\/wp-json\/wp\/v2\/product_cat?post=39931"},{"taxonomy":"product_tag","embeddable":true,"href":"https:\/\/singuli.wpress.me\/index.php\/wp-json\/wp\/v2\/product_tag?post=39931"}],"curies":[{"name":"wp","href":"https:\/\/api.w.org\/{rel}","templated":true}]}}