{"id":39933,"date":"2026-04-19T02:28:01","date_gmt":"2026-04-19T02:28:01","guid":{"rendered":"https:\/\/singuli.wpress.me\/index.php\/proizvod\/helix-ult-prof-as-l-0w20-motorno-ulje-za-osobna-vozila-12x1l-12-l\/"},"modified":"2026-04-20T12:33:30","modified_gmt":"2026-04-20T12:33:30","slug":"helix-ult-prof-as-l-0w20-motorno-ulje-za-osobna-vozila-12x1l-12-l","status":"publish","type":"product","link":"https:\/\/singuli.wpress.me\/index.php\/proizvod\/helix-ult-prof-as-l-0w20-motorno-ulje-za-osobna-vozila-12x1l-12-l\/","title":{"rendered":"HELIX ULT. PROF AS-L 0W20, motorno ulje za osobna vozila, 12x1l, 12\u00a0l"},"content":{"rendered":"<p>Potpuno sinteti\u010dko ulje prilago\u0111eno da udovolji posebnim zahtjevima proizvo\u0111a\u010da motora. <\/p>\n<p>Dizajnirano da udovolji zahtjevima pojedinih motora visokih performansi uklju\u010duju\u0107i i Volvo automobile i motore koji zahtijevaju ACEA C5 specifikaciju. <\/p>\n<p>Osigurava smanjenu potro\u0161nju goriva, smanjeno tro\u0161enje motora i odli\u010dnu izdr\u017eljivost. <\/p>\n<p>Zadovoljava ACEA M111 test u\u0161tede goriva s pobolj\u0161anjem u\u0161tede goriva do 3%.<\/p>\n<p><span style=\"font-weight: bold\">Specifikacija:<\/span> Volvo VCC RBS0-2AE, ACEA C5, API SN<\/p>\n","protected":false},"excerpt":{"rendered":"<p>Smanjena potro\u0161nja goriva<br \/>\nOdli\u010dna izdr\u017eljivost<br \/>\nSpecifikacija u opisu<\/p>\n","protected":false},"featured_media":39934,"template":"","meta":{"_seopress_robots_primary_cat":"","_seopress_titles_title":"","_seopress_titles_desc":"","_seopress_robots_index":"","iawp_total_views":0},"product_brand":[398],"product_cat":[243,272],"product_tag":[],"class_list":{"0":"post-39933","1":"product","2":"type-product","3":"status-publish","4":"has-post-thumbnail","6":"product_brand-helix","7":"product_cat-automobili-i-motori","8":"product_cat-motorna-ulja-243","10":"first","11":"instock","12":"shipping-taxable","13":"purchasable","14":"product-type-simple"},"_links":{"self":[{"href":"https:\/\/singuli.wpress.me\/index.php\/wp-json\/wp\/v2\/product\/39933","targetHints":{"allow":["GET"]}}],"collection":[{"href":"https:\/\/singuli.wpress.me\/index.php\/wp-json\/wp\/v2\/product"}],"about":[{"href":"https:\/\/singuli.wpress.me\/index.php\/wp-json\/wp\/v2\/types\/product"}],"version-history":[{"count":0,"href":"https:\/\/singuli.wpress.me\/index.php\/wp-json\/wp\/v2\/product\/39933\/revisions"}],"wp:featuredmedia":[{"embeddable":true,"href":"https:\/\/singuli.wpress.me\/index.php\/wp-json\/wp\/v2\/media\/39934"}],"wp:attachment":[{"href":"https:\/\/singuli.wpress.me\/index.php\/wp-json\/wp\/v2\/media?parent=39933"}],"wp:term":[{"taxonomy":"product_brand","embeddable":true,"href":"https:\/\/singuli.wpress.me\/index.php\/wp-json\/wp\/v2\/product_brand?post=39933"},{"taxonomy":"product_cat","embeddable":true,"href":"https:\/\/singuli.wpress.me\/index.php\/wp-json\/wp\/v2\/product_cat?post=39933"},{"taxonomy":"product_tag","embeddable":true,"href":"https:\/\/singuli.wpress.me\/index.php\/wp-json\/wp\/v2\/product_tag?post=39933"}],"curies":[{"name":"wp","href":"https:\/\/api.w.org\/{rel}","templated":true}]}}