{"id":39945,"date":"2026-04-19T02:28:04","date_gmt":"2026-04-19T02:28:04","guid":{"rendered":"https:\/\/singuli.wpress.me\/index.php\/proizvod\/jar-professional-fairy-tekuci-deterdzent-za-pranje-suda-u-perilici-10-l\/"},"modified":"2026-04-20T12:33:30","modified_gmt":"2026-04-20T12:33:30","slug":"jar-professional-fairy-tekuci-deterdzent-za-pranje-suda-u-perilici-10-l","status":"publish","type":"product","link":"https:\/\/singuli.wpress.me\/index.php\/proizvod\/jar-professional-fairy-tekuci-deterdzent-za-pranje-suda-u-perilici-10-l\/","title":{"rendered":"JAR PROFESSIONAL Fairy, teku\u0107i deterd\u017eent za pranje su\u0111a u perilici, 10\u00a0l"},"content":{"rendered":"<p>Koncentrirani deterd\u017eent Jar P&amp;G ProfiLine namijenjen je pranju posu\u0111a u profesionalnim perilicama posu\u0111a s kratkim ciklusom (ciklus pranja 1-5 min) i automatskim doziranjem. Posebno je razvijen za profesionalne operacije. Kombinacija visoko alkalnih i surfaktanata sprje\u010dava te\u0161ke naslage. Trenuta\u010dno uklanja tvrdokorne mrlje poput \u0161kroba i proteina. Poma\u017ee u sprje\u010davanju nakupljanja kamenca na tanjurima i staklu na svim razinama tvrdo\u0107e vode.<br \/>\nUpotreba: Automatsko pranje posu\u0111a u profesionalnim perilicama s kratkim ciklusom i dozatorom<\/p>\n","protected":false},"excerpt":{"rendered":"<p>Namijenjen je pranju posu\u0111a u profesionalnim perilicama<br \/>\nPosebno je razvijen za profesionalne operacije<br \/>\nSprje\u010dava te\u0161ke naslage<\/p>\n","protected":false},"featured_media":39946,"template":"","meta":{"_seopress_robots_primary_cat":"","_seopress_titles_title":"","_seopress_titles_desc":"","_seopress_robots_index":"","iawp_total_views":0},"product_brand":[467],"product_cat":[314,238],"product_tag":[],"class_list":{"0":"post-39945","1":"product","2":"type-product","3":"status-publish","4":"has-post-thumbnail","6":"product_brand-jar-professional","7":"product_cat-pranje-posuda-238","8":"product_cat-sve-za-dom","10":"first","11":"outofstock","12":"shipping-taxable","13":"purchasable","14":"product-type-simple"},"_links":{"self":[{"href":"https:\/\/singuli.wpress.me\/index.php\/wp-json\/wp\/v2\/product\/39945","targetHints":{"allow":["GET"]}}],"collection":[{"href":"https:\/\/singuli.wpress.me\/index.php\/wp-json\/wp\/v2\/product"}],"about":[{"href":"https:\/\/singuli.wpress.me\/index.php\/wp-json\/wp\/v2\/types\/product"}],"version-history":[{"count":0,"href":"https:\/\/singuli.wpress.me\/index.php\/wp-json\/wp\/v2\/product\/39945\/revisions"}],"wp:featuredmedia":[{"embeddable":true,"href":"https:\/\/singuli.wpress.me\/index.php\/wp-json\/wp\/v2\/media\/39946"}],"wp:attachment":[{"href":"https:\/\/singuli.wpress.me\/index.php\/wp-json\/wp\/v2\/media?parent=39945"}],"wp:term":[{"taxonomy":"product_brand","embeddable":true,"href":"https:\/\/singuli.wpress.me\/index.php\/wp-json\/wp\/v2\/product_brand?post=39945"},{"taxonomy":"product_cat","embeddable":true,"href":"https:\/\/singuli.wpress.me\/index.php\/wp-json\/wp\/v2\/product_cat?post=39945"},{"taxonomy":"product_tag","embeddable":true,"href":"https:\/\/singuli.wpress.me\/index.php\/wp-json\/wp\/v2\/product_tag?post=39945"}],"curies":[{"name":"wp","href":"https:\/\/api.w.org\/{rel}","templated":true}]}}