{"id":39952,"date":"2026-04-19T02:28:07","date_gmt":"2026-04-19T02:28:07","guid":{"rendered":"https:\/\/singuli.wpress.me\/index.php\/proizvod\/paclan-latex-rukavice-velicina-s-100-kom\/"},"modified":"2026-04-20T12:33:30","modified_gmt":"2026-04-20T12:33:30","slug":"paclan-latex-rukavice-velicina-s-100-kom","status":"publish","type":"product","link":"https:\/\/singuli.wpress.me\/index.php\/proizvod\/paclan-latex-rukavice-velicina-s-100-kom\/","title":{"rendered":"PACLAN, latex rukavice, veli\u010dina S, 100\u00a0kom"},"content":{"rendered":"<p>Imate naviku nositi rukavice kada \u010distite? Mi to poti\u010demo.<\/p>\n<p>Tako\u0111er znamo da nam se ruke znoje nakon \u0161to smo dugo \u010distili i ne \u017eelimo uvijek nositi isti par rukavica. <\/p>\n<p>Zato vam nudimo set od sto jednokratnih rukavica od lateksa. Takva \u0107e koli\u010dina biti dovoljna za dugo vremena!<\/p>\n","protected":false},"excerpt":{"rendered":"<p>Veli\u010dina S<br \/>\nPrakti\u010dno pakiranje<br \/>\nJednokratne rukavice<\/p>\n","protected":false},"featured_media":39953,"template":"","meta":{"_seopress_robots_primary_cat":"","_seopress_titles_title":"","_seopress_titles_desc":"","_seopress_robots_index":"","iawp_total_views":0},"product_brand":[474],"product_cat":[274,238],"product_tag":[],"class_list":{"0":"post-39952","1":"product","2":"type-product","3":"status-publish","4":"has-post-thumbnail","6":"product_brand-paclan","7":"product_cat-kucanski-pribor-238","8":"product_cat-sve-za-dom","10":"first","11":"outofstock","12":"shipping-taxable","13":"purchasable","14":"product-type-simple"},"_links":{"self":[{"href":"https:\/\/singuli.wpress.me\/index.php\/wp-json\/wp\/v2\/product\/39952","targetHints":{"allow":["GET"]}}],"collection":[{"href":"https:\/\/singuli.wpress.me\/index.php\/wp-json\/wp\/v2\/product"}],"about":[{"href":"https:\/\/singuli.wpress.me\/index.php\/wp-json\/wp\/v2\/types\/product"}],"version-history":[{"count":0,"href":"https:\/\/singuli.wpress.me\/index.php\/wp-json\/wp\/v2\/product\/39952\/revisions"}],"wp:featuredmedia":[{"embeddable":true,"href":"https:\/\/singuli.wpress.me\/index.php\/wp-json\/wp\/v2\/media\/39953"}],"wp:attachment":[{"href":"https:\/\/singuli.wpress.me\/index.php\/wp-json\/wp\/v2\/media?parent=39952"}],"wp:term":[{"taxonomy":"product_brand","embeddable":true,"href":"https:\/\/singuli.wpress.me\/index.php\/wp-json\/wp\/v2\/product_brand?post=39952"},{"taxonomy":"product_cat","embeddable":true,"href":"https:\/\/singuli.wpress.me\/index.php\/wp-json\/wp\/v2\/product_cat?post=39952"},{"taxonomy":"product_tag","embeddable":true,"href":"https:\/\/singuli.wpress.me\/index.php\/wp-json\/wp\/v2\/product_tag?post=39952"}],"curies":[{"name":"wp","href":"https:\/\/api.w.org\/{rel}","templated":true}]}}