{"id":39969,"date":"2026-04-19T02:28:11","date_gmt":"2026-04-19T02:28:11","guid":{"rendered":"https:\/\/singuli.wpress.me\/index.php\/proizvod\/oral-b-aquacare-4-oxyjet-oralni-tus\/"},"modified":"2026-04-20T12:33:30","modified_gmt":"2026-04-20T12:33:30","slug":"oral-b-aquacare-4-oxyjet-oralni-tus","status":"publish","type":"product","link":"https:\/\/singuli.wpress.me\/index.php\/proizvod\/oral-b-aquacare-4-oxyjet-oralni-tus\/","title":{"rendered":"ORAL-B Aquacare 4 Oxyjet, oralni tu\u0161"},"content":{"rendered":"<p>Pobolj\u0161ajte svoju oralnu njegu koriste\u0107i Oral-B Aquacare oralni irigator s Oxyjet tehnologijom za osna\u017euju\u0107u njegu desni.<\/p>\n<p>Glavne zna\u010dajke:<br \/>\n&#8211; Oxyjet tehnologija: voda je oboga\u0107ena pro\u010di\u0161\u0107avaju\u0107im djelovanjem mikro-mjehuri\u0107a zraka<br \/>\n&#8211; Na\u010din rada na zahtjev: pode\u0161avanje pulsa za precizno \u010di\u0161\u0107enje<br \/>\n&#8211; 2 mo\u0107i: prilagodite svoje \u010di\u0161\u0107enje postavkom normalnog pritiska vode ili postavkom za osjetljive zube<br \/>\n&#8211; 2 mlaza: odaberite usmjereni ili rotiraju\u0107i vodeni mlaz<br \/>\n&#8211; Bez kablova: jednostavno rukovanje bez konektora<br \/>\n&#8211; Za\u0161tita naramenica: nje\u017eno uklonite hranu zarobljenu izme\u0111u \u017eica i naramenica<br \/>\n&#8211; Kako koristiti Oral-B Aquacare: Mjerite izme\u0111u zuba i du\u017e desni, fokusiraju\u0107i se na ostatke hrane.<\/p>\n<p>Jamstvo: 2 godine<\/p>\n","protected":false},"excerpt":{"rendered":"<p>Oxyjet tehnologija oboga\u0107uje vodu mikro mjehuri\u0107ima zraka<br \/>\n2 intenziteta protoka vode i 2 vrste protoka vode<br \/>\nSadr\u017eaj: 1 x Aquacare \u010detkica za zube, 1 x punja\u010d, \u200b\u200b1 x oxyjet nastavak<\/p>\n","protected":false},"featured_media":39970,"template":"","meta":{"_seopress_robots_primary_cat":"","_seopress_titles_title":"","_seopress_titles_desc":"","_seopress_robots_index":"","iawp_total_views":0},"product_brand":[423],"product_cat":[268,309],"product_tag":[],"class_list":{"0":"post-39969","1":"product","2":"type-product","3":"status-publish","4":"has-post-thumbnail","6":"product_brand-oral-b-2","7":"product_cat-kozmetika-2","8":"product_cat-oralna-higijena-268","10":"first","11":"outofstock","12":"shipping-taxable","13":"purchasable","14":"product-type-simple"},"_links":{"self":[{"href":"https:\/\/singuli.wpress.me\/index.php\/wp-json\/wp\/v2\/product\/39969","targetHints":{"allow":["GET"]}}],"collection":[{"href":"https:\/\/singuli.wpress.me\/index.php\/wp-json\/wp\/v2\/product"}],"about":[{"href":"https:\/\/singuli.wpress.me\/index.php\/wp-json\/wp\/v2\/types\/product"}],"version-history":[{"count":0,"href":"https:\/\/singuli.wpress.me\/index.php\/wp-json\/wp\/v2\/product\/39969\/revisions"}],"wp:featuredmedia":[{"embeddable":true,"href":"https:\/\/singuli.wpress.me\/index.php\/wp-json\/wp\/v2\/media\/39970"}],"wp:attachment":[{"href":"https:\/\/singuli.wpress.me\/index.php\/wp-json\/wp\/v2\/media?parent=39969"}],"wp:term":[{"taxonomy":"product_brand","embeddable":true,"href":"https:\/\/singuli.wpress.me\/index.php\/wp-json\/wp\/v2\/product_brand?post=39969"},{"taxonomy":"product_cat","embeddable":true,"href":"https:\/\/singuli.wpress.me\/index.php\/wp-json\/wp\/v2\/product_cat?post=39969"},{"taxonomy":"product_tag","embeddable":true,"href":"https:\/\/singuli.wpress.me\/index.php\/wp-json\/wp\/v2\/product_tag?post=39969"}],"curies":[{"name":"wp","href":"https:\/\/api.w.org\/{rel}","templated":true}]}}