{"id":39985,"date":"2026-04-19T02:28:18","date_gmt":"2026-04-19T02:28:18","guid":{"rendered":"https:\/\/singuli.wpress.me\/index.php\/proizvod\/old-spice-pure-protection-dry-feel-dezodorans-u-sticku-65-ml\/"},"modified":"2026-04-20T12:33:30","modified_gmt":"2026-04-20T12:33:30","slug":"old-spice-pure-protection-dry-feel-dezodorans-u-sticku-65-ml","status":"publish","type":"product","link":"https:\/\/singuli.wpress.me\/index.php\/proizvod\/old-spice-pure-protection-dry-feel-dezodorans-u-sticku-65-ml\/","title":{"rendered":"OLD SPICE Pure Protection Dry Feel, dezodorans u sticku, 65\u00a0ml"},"content":{"rendered":"<p>Old Spice Pure Protection je dezodorans oboga\u0107en mineralima koji pru\u017ea osje\u0107aj suho\u0107e te 48-satnu za\u0161titu od neugodnih mirisa. <\/p>\n<p>Za\u0161tita koju treba\u0161 i miris koji zaslu\u017euje\u0161! Najbolji dezodorans za mu\u0161karce koji tra\u017ee dezodorans bez aluminija, sa stvarno dugotrajnom za\u0161titom od neugodnih mirisa. <\/p>\n<p>Vrhunski mirisi Old Spice u\u010dinit \u0107ete nezaboravnim, bit \u0107e\u0161 doslovno sredi\u0161te svemira, a ne\u0107e ostaviti \u017eute mrlje ni bijele tragove na odje\u0107i.<\/p>\n","protected":false},"excerpt":{"rendered":"<p>48-satna za\u0161tita od znojenja i neugodnih mirisa<br \/>\nZa\u0161tita od bijelih i \u017eutih mrlja<br \/>\nBez aluminija<\/p>\n","protected":false},"featured_media":39986,"template":"","meta":{"_seopress_robots_primary_cat":"","_seopress_titles_title":"","_seopress_titles_desc":"","_seopress_robots_index":"","iawp_total_views":0},"product_brand":[448],"product_cat":[285,268],"product_tag":[],"class_list":{"0":"post-39985","1":"product","2":"type-product","3":"status-publish","4":"has-post-thumbnail","6":"product_brand-old-spice","7":"product_cat-dezodoransi-268","8":"product_cat-kozmetika-2","10":"first","11":"outofstock","12":"shipping-taxable","13":"purchasable","14":"product-type-simple"},"_links":{"self":[{"href":"https:\/\/singuli.wpress.me\/index.php\/wp-json\/wp\/v2\/product\/39985","targetHints":{"allow":["GET"]}}],"collection":[{"href":"https:\/\/singuli.wpress.me\/index.php\/wp-json\/wp\/v2\/product"}],"about":[{"href":"https:\/\/singuli.wpress.me\/index.php\/wp-json\/wp\/v2\/types\/product"}],"version-history":[{"count":0,"href":"https:\/\/singuli.wpress.me\/index.php\/wp-json\/wp\/v2\/product\/39985\/revisions"}],"wp:featuredmedia":[{"embeddable":true,"href":"https:\/\/singuli.wpress.me\/index.php\/wp-json\/wp\/v2\/media\/39986"}],"wp:attachment":[{"href":"https:\/\/singuli.wpress.me\/index.php\/wp-json\/wp\/v2\/media?parent=39985"}],"wp:term":[{"taxonomy":"product_brand","embeddable":true,"href":"https:\/\/singuli.wpress.me\/index.php\/wp-json\/wp\/v2\/product_brand?post=39985"},{"taxonomy":"product_cat","embeddable":true,"href":"https:\/\/singuli.wpress.me\/index.php\/wp-json\/wp\/v2\/product_cat?post=39985"},{"taxonomy":"product_tag","embeddable":true,"href":"https:\/\/singuli.wpress.me\/index.php\/wp-json\/wp\/v2\/product_tag?post=39985"}],"curies":[{"name":"wp","href":"https:\/\/api.w.org\/{rel}","templated":true}]}}