{"id":39991,"date":"2026-04-19T02:28:22","date_gmt":"2026-04-19T02:28:22","guid":{"rendered":"https:\/\/singuli.wpress.me\/index.php\/proizvod\/braun-mgk-7321-trimer-brada-sisac-10u1\/"},"modified":"2026-04-21T00:27:01","modified_gmt":"2026-04-21T00:27:01","slug":"braun-mgk-7321-trimer-brada-sisac-10u1","status":"publish","type":"product","link":"https:\/\/singuli.wpress.me\/index.php\/proizvod\/braun-mgk-7321-trimer-brada-sisac-10u1\/","title":{"rendered":"BRAUN MGK 7321, trimer brada\/\u0161i\u0161a\u010d, 10u1"},"content":{"rendered":"<p>Braun 10-u-1, multifunkcionalni trimer za mu\u0161karce MGK7321: trimer za bradu, aparat za \u0161i\u0161anje, trimer s brija\u010dem za tijelo te trimer za dla\u010dice u u\u0161ima i nosu; tehnologija AutoSense; 8 nastavaka; sivi<\/p>\n<p>Istaknute zna\u010dajke:<br \/>\n\u2022 10-u-1: Braunov multifunkcionalni komplet trimera MGK7 podrezuje dla\u010dice na licu i tijelu, kao i kosu. Od brade i kose, preko dla\u010dica u u\u0161ima i nosu te drugih dla\u010dica na licu, do ure\u0111ivanja dla\u010dica na cijelom tijelu.<br \/>\n\u2022 O\u0161triji. Br\u017ei. U\u010dinkovitiji. Glava trimera ima \u0161iri segment za podrezivanje koji pri svakom potezu podrezuje vi\u0161e dla\u010dica.* Do\u0111ite do \u017eeljenog izgleda u manje poteza.<br \/>\n\u2022 100% kontrola od glave do pete: motor s tehnologijom AutoSense i precizni \u010de\u0161lji\u0107 s 20% manje plastike omogu\u0107uju savr\u0161eno lako podrezivanje \u2013 bez obzira radi li se o brkovima, bradici, jednodnevnoj bradi ili kosi.<br \/>\n\u2022 Stvoren da traje: ovaj trimer za bradu i tijelo za mu\u0161karce ima dugovje\u010dne o\u0161tre o\u0161trice \u2013 za lako, ravnomjerno i u\u010dinkovito podrezivanje te ure\u0111ivanje dla\u010dica i kose pri svakoj duljini.<br \/>\n\u2022 Napredan njema\u010dki dizajn: 100% vodootporan, s mo\u0107nom litij-ionskom baterijom za 100 minuta rada.<br \/>\n*u odnosu na dosada\u0161nje Braunove trimere<\/p>\n<p>\nO\u0161triji. Br\u017ei. U\u010dinkovitiji.*<br \/>\nGlava trimera ima \u0161iri dio za podrezivanje pa hvata i podrezuje vi\u0161e dla\u010dica pri svakom potezu nego ijedan prija\u0161nji Braunov trimer. Do\u0111ite do \u017eeljenog izgleda u manje poteza.<br \/>\n*u odnosu na dosada\u0161nje Braunove trimere<\/p>\n<p>Braun za ure\u0111ivanje dla\u010dica<br \/>\n&#8211; Savr\u0161ena lako\u0107a preciznosti za va\u0161 stil.<br \/>\n&#8211; Njema\u010dki dizajn stvoren da traje.<br \/>\n&#8211; Sa \u0161irim segmentom za podrezivanje za postizanje \u017eeljenog izgleda u manje poteza.<\/p>\n<p>Za sve duljine brada<br \/>\n\u010ce\u0161lji\u0107i za kratku u dugu bradu poma\u017eu u odr\u017eavanju kra\u0107ih i duljih brada (0,5 &#8211; 21 mm).<\/p>\n<p>Ure\u0111ivanje dla\u010dica na tijelu<br \/>\nNa siguran na\u010din uredite sve dijelove tijela, od pazuha preko prsa do prepona.<\/p>\n<p>\u0160i\u0161anje<br \/>\nPrecizno o\u0161i\u0161ajte kosu na \u017eeljenu duljinu izme\u0111u 0,5 i 21 mm, s dva dvonamjenska prilagodljiva nje\u017ena \u010de\u0161lji\u0107a.<\/p>\n<p>Oblikovanje kontura i detaljno podrezivanje<br \/>\nDefinirajte precizne linije i rubove na vratu i obrazima uz pomo\u0107 glave trimera za bradu.<\/p>\n<p>Automatsko prilago\u0111avanje<br \/>\nBraunova inovativna tehnologija AutoSense prilago\u0111ava snagu motora gusto\u0107i i duljini brade, \u0161to zna\u010dajno olak\u0161ava podrezivanje i ure\u0111ivanje bilo kojeg tipa brade.<\/p>\n<p>Periv i vodootporan<br \/>\nZa lako i sigurno kori\u0161tenje pod tu\u0161em i \u010di\u0161\u0107enje pod teku\u0107om vodom.<\/p>\n<p>Dugotrajna litij-ionska baterija<br \/>\n100 minuta rada s jednim punjenjem. 5-minutno brzo punjenje za 1 podrezivanje dla\u010dica.<\/p>\n<p>Vrhunski komplet za ure\u0111ivanje dla\u010dica<br \/>\nVrhunski vi\u0161enamjenski komplet za ure\u0111ivanje dla\u010dica poma\u017ee vam obaviti 10 zada\u0107a sa samo 1 ure\u0111ajem.<\/p>\n<p>Opis proizvoda:<br \/>\nUsavr\u0161ite svoj stil od glave do pete uz pomo\u0107 punjivog 10-u-1 trimera MGK7 za mu\u0161karce. Ovaj trimer za bradu i ure\u0111ivanje dla\u010dica na cijelom tijelu o\u0161triji je, br\u017ei i efikasniji \u2013 zahvaljuju\u0107i \u0161irem segmentu za podrezivanje koji hvata i podrezuje vi\u0161e dla\u010dica pri svakom potezu.* Motor tehnologijom AutoSense jednako u\u010dinkovito podrezuje guste i rijetke brade, dugovje\u010dno o\u0161tre o\u0161trice i mogu\u0107nost izbora izme\u0111u 13 duljina podrezivanja (0,5 \u2013 21 mm) \u010dine put do \u017eeljenog izgleda brade, kose i dla\u010dica na tijelu znatno br\u017eim i jednostavnijim.<br \/>\n*u odnosu na dosada\u0161nje Braunove trimere<\/p>\n<p>Sadr\u017eaj pakiranja:<br \/>\n1 \u00d7 trimer za bradu i kosu<br \/>\n1 \u00d7 trimer za u\u0161i i nos<br \/>\n1 \u00d7 trimer za detalje<br \/>\n1 \u00d7 trimer s brija\u010dem za tijelo<br \/>\n4 \u00d7 nastavak s \u010de\u0161lji\u0107em<br \/>\n1 \u00d7 mini brija\u0107i aparat s mre\u017eicom<br \/>\n1 \u00d7 brija\u010d Gillette <br \/>\n1 \u00d7 \u010detkica za \u010di\u0161\u0107enje<br \/>\n1 \u00d7 meka torbica<br \/>\n1 \u00d7 punja\u010d SmartPlug<br \/>\n1 \u00d7 postolje za punjenje<br \/>\n1 \u00d7 korisni\u010dki priru\u010dnik<\/p>\n","protected":false},"excerpt":{"rendered":"<p>Komplet za ure\u0111ivanje mu\u0161ke brade i tijela 10 u 1<br \/>\nO\u0161triji. Br\u017ei. U\u010dinkovitiji.<br \/>\n100% vodootporan, sa sna\u017enom litij-ionskom baterijom za 100 minuta rada<\/p>\n","protected":false},"featured_media":39992,"template":"","meta":{"_seopress_robots_primary_cat":"","_seopress_titles_title":"","_seopress_titles_desc":"","_seopress_robots_index":"","iawp_total_views":0},"product_brand":[144],"product_cat":[280,192,279],"product_tag":[],"class_list":{"0":"post-39991","1":"product","2":"type-product","3":"status-publish","4":"has-post-thumbnail","6":"product_brand-braun","7":"product_cat-aparati-za-muskarce-279","8":"product_cat-aparati-za-osobnu-njegu","9":"product_cat-brijanje-i-sisanje-192","11":"first","12":"outofstock","13":"shipping-taxable","14":"purchasable","15":"product-type-simple"},"_links":{"self":[{"href":"https:\/\/singuli.wpress.me\/index.php\/wp-json\/wp\/v2\/product\/39991","targetHints":{"allow":["GET"]}}],"collection":[{"href":"https:\/\/singuli.wpress.me\/index.php\/wp-json\/wp\/v2\/product"}],"about":[{"href":"https:\/\/singuli.wpress.me\/index.php\/wp-json\/wp\/v2\/types\/product"}],"version-history":[{"count":0,"href":"https:\/\/singuli.wpress.me\/index.php\/wp-json\/wp\/v2\/product\/39991\/revisions"}],"wp:featuredmedia":[{"embeddable":true,"href":"https:\/\/singuli.wpress.me\/index.php\/wp-json\/wp\/v2\/media\/39992"}],"wp:attachment":[{"href":"https:\/\/singuli.wpress.me\/index.php\/wp-json\/wp\/v2\/media?parent=39991"}],"wp:term":[{"taxonomy":"product_brand","embeddable":true,"href":"https:\/\/singuli.wpress.me\/index.php\/wp-json\/wp\/v2\/product_brand?post=39991"},{"taxonomy":"product_cat","embeddable":true,"href":"https:\/\/singuli.wpress.me\/index.php\/wp-json\/wp\/v2\/product_cat?post=39991"},{"taxonomy":"product_tag","embeddable":true,"href":"https:\/\/singuli.wpress.me\/index.php\/wp-json\/wp\/v2\/product_tag?post=39991"}],"curies":[{"name":"wp","href":"https:\/\/api.w.org\/{rel}","templated":true}]}}